{"id":736,"date":"2021-05-25T08:44:12","date_gmt":"2021-05-25T08:44:12","guid":{"rendered":"http:\/\/doctorbeauty.kunder.info\/?page_id=736"},"modified":"2025-04-08T21:19:15","modified_gmt":"2025-04-08T14:19:15","slug":"gioi-thieu","status":"publish","type":"page","link":"https:\/\/drharvard.vn\/vi\/gioi-thieu\/","title":{"rendered":"V\u1ec1 ch\u00fang t\u00f4i"},"content":{"rendered":"<div data-elementor-type=\"wp-page\" data-elementor-id=\"736\" class=\"elementor elementor-736\">\n\t\t\t\t\t\t<section class=\"elementor-section elementor-top-section elementor-element elementor-element-9842f0f elementor-section-full_width elementor-section-height-default elementor-section-height-default\" data-id=\"9842f0f\" data-element_type=\"section\" data-settings=\"{&quot;background_background&quot;:&quot;classic&quot;}\">\n\t\t\t\t\t\t\t<div class=\"elementor-background-overlay\"><\/div>\n\t\t\t\t\t\t\t<div class=\"elementor-container elementor-column-gap-default\">\n\t\t\t\t\t<div class=\"elementor-column elementor-col-100 elementor-top-column elementor-element elementor-element-f1f0036\" data-id=\"f1f0036\" data-element_type=\"column\">\n\t\t\t<div class=\"elementor-widget-wrap elementor-element-populated\">\n\t\t\t\t\t\t\t<\/div>\n\t\t<\/div>\n\t\t\t\t\t<\/div>\n\t\t<\/section>\n\t\t\t\t<section class=\"elementor-section elementor-top-section elementor-element elementor-element-6cb70a1f elementor-reverse-mobile elementor-section-boxed elementor-section-height-default elementor-section-height-default\" data-id=\"6cb70a1f\" data-element_type=\"section\">\n\t\t\t\t\t\t<div class=\"elementor-container elementor-column-gap-default\">\n\t\t\t\t\t<div class=\"elementor-column elementor-col-33 elementor-top-column elementor-element elementor-element-7f30e85e elementor-hidden-phone elementor-invisible\" data-id=\"7f30e85e\" data-element_type=\"column\" data-settings=\"{&quot;animation&quot;:&quot;fadeInLeft&quot;}\">\n\t\t\t<div class=\"elementor-widget-wrap elementor-element-populated\">\n\t\t\t\t\t\t<div class=\"elementor-element elementor-element-151f453 elementor-widget__width-auto elementor-widget elementor-widget-image\" data-id=\"151f453\" data-element_type=\"widget\" data-widget_type=\"image.default\">\n\t\t\t\t<div class=\"elementor-widget-container\">\n\t\t\t\t\t\t\t\t\t\t\t\t\t\t\t<img fetchpriority=\"high\" decoding=\"async\" width=\"1350\" height=\"1216\" src=\"https:\/\/drharvard.vn\/wp-content\/uploads\/2024\/02\/Gioi-thieu-Dr.Havard1.jpg\" class=\"attachment-full size-full wp-image-4091\" alt=\"\" srcset=\"https:\/\/drharvard.vn\/wp-content\/uploads\/2024\/02\/Gioi-thieu-Dr.Havard1.jpg 1350w, https:\/\/drharvard.vn\/wp-content\/uploads\/2024\/02\/Gioi-thieu-Dr.Havard1-300x270.jpg 300w, https:\/\/drharvard.vn\/wp-content\/uploads\/2024\/02\/Gioi-thieu-Dr.Havard1-1024x922.jpg 1024w, https:\/\/drharvard.vn\/wp-content\/uploads\/2024\/02\/Gioi-thieu-Dr.Havard1-768x692.jpg 768w, https:\/\/drharvard.vn\/wp-content\/uploads\/2024\/02\/Gioi-thieu-Dr.Havard1-13x12.jpg 13w\" sizes=\"(max-width: 1350px) 100vw, 1350px\" \/>\t\t\t\t\t\t\t\t\t\t\t\t\t\t\t<\/div>\n\t\t\t\t<\/div>\n\t\t\t\t<div class=\"elementor-element elementor-element-45bfa449 elementor-widget__width-initial elementor-widget-tablet__width-initial elementor-widget-mobile__width-initial elementor-absolute elementor-hidden-phone ekit-equal-height-disable elementor-invisible elementor-widget elementor-widget-elementskit-icon-box\" data-id=\"45bfa449\" data-element_type=\"widget\" data-settings=\"{&quot;_animation&quot;:&quot;rotateInUpLeft&quot;,&quot;_animation_delay&quot;:800,&quot;_position&quot;:&quot;absolute&quot;}\" data-widget_type=\"elementskit-icon-box.default\">\n\t\t\t\t<div class=\"elementor-widget-container\">\n\t\t\t\t\t<div class=\"ekit-wid-con\" >        <!-- link opening -->\n                <a href=\"#\" class=\"ekit_global_links\">\n                <!-- end link opening -->\n\n        <div class=\"elementskit-infobox text-center text- icon-top-align elementor-animation-\">\n                            <div class=\"elementskit-box-header\">\n                <div class=\"elementskit-info-box-icon\">\n                    <img decoding=\"async\" width=\"227\" height=\"256\" src=\"https:\/\/drharvard.vn\/wp-content\/uploads\/2021\/05\/elements-set-of-natural-and-floral-elements-G9XCU6B_procedures.png\" class=\"attachment- size-\" alt=\"\" \/>                <\/div>\n          <\/div>\n                <div class=\"box-body\">\n                                            <\/div>\n        \n        \n                <\/div>\n                <\/a>\n        <\/div>\t\t\t\t<\/div>\n\t\t\t\t<\/div>\n\t\t\t\t\t<\/div>\n\t\t<\/div>\n\t\t\t\t<div class=\"elementor-column elementor-col-33 elementor-top-column elementor-element elementor-element-2c451566 elementor-invisible\" data-id=\"2c451566\" data-element_type=\"column\" data-settings=\"{&quot;animation&quot;:&quot;fadeInLeft&quot;}\">\n\t\t\t<div class=\"elementor-widget-wrap elementor-element-populated\">\n\t\t\t\t\t\t<div class=\"elementor-element elementor-element-53938696 elementor-widget__width-auto elementor-widget-mobile__width-inherit elementor-widget elementor-widget-image\" data-id=\"53938696\" data-element_type=\"widget\" data-widget_type=\"image.default\">\n\t\t\t\t<div class=\"elementor-widget-container\">\n\t\t\t\t\t\t\t\t\t\t\t\t\t\t\t<img decoding=\"async\" width=\"1114\" height=\"1472\" src=\"https:\/\/drharvard.vn\/wp-content\/uploads\/2024\/02\/Gioi-thieu-Dr.Havard-2-2.jpg\" class=\"attachment-full size-full wp-image-4093\" alt=\"\" \/>\t\t\t\t\t\t\t\t\t\t\t\t\t\t\t<\/div>\n\t\t\t\t<\/div>\n\t\t\t\t<div class=\"elementor-element elementor-element-7efd3715 elementor-widget__width-initial elementor-widget-tablet__width-initial elementor-widget-mobile__width-initial elementor-absolute elementor-hidden-phone ekit-equal-height-disable elementor-invisible elementor-widget elementor-widget-elementskit-icon-box\" data-id=\"7efd3715\" data-element_type=\"widget\" data-settings=\"{&quot;_animation&quot;:&quot;rotateInUpLeft&quot;,&quot;_animation_delay&quot;:800,&quot;_position&quot;:&quot;absolute&quot;}\" data-widget_type=\"elementskit-icon-box.default\">\n\t\t\t\t<div class=\"elementor-widget-container\">\n\t\t\t\t\t<div class=\"ekit-wid-con\" >        <!-- link opening -->\n                <a href=\"#\" class=\"ekit_global_links\">\n                <!-- end link opening -->\n\n        <div class=\"elementskit-infobox text-center text- icon-top-align elementor-animation-\">\n                            <div class=\"elementskit-box-header\">\n                <div class=\"elementskit-info-box-icon\">\n                    <img loading=\"lazy\" decoding=\"async\" width=\"263\" height=\"239\" src=\"https:\/\/drharvard.vn\/wp-content\/uploads\/2021\/05\/elements-set-of-natural-and-floral-elements-G9XCU6B_procedures_2.png\" class=\"attachment- size-\" alt=\"\" \/>                <\/div>\n          <\/div>\n                <div class=\"box-body\">\n                                            <\/div>\n        \n        \n                <\/div>\n                <\/a>\n        <\/div>\t\t\t\t<\/div>\n\t\t\t\t<\/div>\n\t\t\t\t\t<\/div>\n\t\t<\/div>\n\t\t\t\t<div class=\"elementor-column elementor-col-33 elementor-top-column elementor-element elementor-element-5b20bcac\" data-id=\"5b20bcac\" data-element_type=\"column\">\n\t\t\t<div class=\"elementor-widget-wrap elementor-element-populated\">\n\t\t\t\t\t\t<div class=\"elementor-element elementor-element-121d1283 elementor-invisible elementor-widget elementor-widget-heading\" data-id=\"121d1283\" data-element_type=\"widget\" data-settings=\"{&quot;_animation&quot;:&quot;fadeInRight&quot;,&quot;_animation_delay&quot;:500}\" data-widget_type=\"heading.default\">\n\t\t\t\t<div class=\"elementor-widget-container\">\n\t\t\t\t\t<h3 class=\"elementor-heading-title elementor-size-default\">V\u1ec1 ch\u00fang t\u00f4i<\/h3>\t\t\t\t<\/div>\n\t\t\t\t<\/div>\n\t\t\t\t<div class=\"elementor-element elementor-element-1aea198 elementor-invisible elementor-widget elementor-widget-heading\" data-id=\"1aea198\" data-element_type=\"widget\" data-settings=\"{&quot;_animation&quot;:&quot;fadeInUp&quot;,&quot;_animation_delay&quot;:600}\" data-widget_type=\"heading.default\">\n\t\t\t\t<div class=\"elementor-widget-container\">\n\t\t\t\t\t<h2 class=\"elementor-heading-title elementor-size-default\">Dr. Harvard<\/h2>\t\t\t\t<\/div>\n\t\t\t\t<\/div>\n\t\t\t\t<div class=\"elementor-element elementor-element-6c30e711 elementor-invisible elementor-widget elementor-widget-text-editor\" data-id=\"6c30e711\" data-element_type=\"widget\" data-settings=\"{&quot;_animation&quot;:&quot;fadeInUp&quot;,&quot;_animation_delay&quot;:700}\" data-widget_type=\"text-editor.default\">\n\t\t\t\t<div class=\"elementor-widget-container\">\n\t\t\t\t\t\t\t\t\t<p>Vi\u1ec7n th\u1ea9m m\u1ef9 Dr. Harvard \u0111\u01b0\u1ee3c th\u00e0nh l\u1eadp h\u01b0\u1edbng t\u1edbi ph\u01b0\u01a1ng ch\u00e2m \u201cV\u1ebb \u0110\u1eb9p Thu\u1ea7n Khi\u1ebft Theo C\u00f9ng V\u1edbi Th\u1eddi Gian\u201d. V\u1eady n\u00ean Dr. Harvard lu\u00f4n mang tr\u00ean m\u00ecnh s\u1ee9 m\u1ec7nh t\u00e1i t\u1ea1o v\u1ebb \u0111\u1eb9p t\u1ef1 nhi\u00ean ho\u00e0n h\u1ea3o \u0111i c\u00f9ng v\u1edbi n\u0103m th\u00e1ng c\u1ee7a Kh\u00e1ch h\u00e0ng. V\u00e0 \u0111\u1ed3ng th\u1eddi c\u0169ng mang l\u1ea1i s\u1ef1 an to\u00e0n, s\u1ef1 h\u00e0i l\u00f2ng, an t\u00e2m tuy\u1ec7t \u0111\u1ed1i trong qu\u00e1 tr\u00ecnh th\u1ef1c hi\u1ec7n nhi\u1ec7m v\u1ee5 quan tr\u1ecdng n\u00e0y. \u0110\u1ec3 th\u1ef1c hi\u1ec7n \u0111\u01b0\u1ee3c t\u1ed1t Slogan n\u00e0y, Dr. Harvard ph\u1ea3i quy t\u1ee5 m\u1ed9t \u0111\u1ed9i ng\u0169 Y t\u1ebf c\u00f3 tr\u00ecnh \u0111\u1ed9 chuy\u00ean m\u00f4n cao, c\u00f3 nhi\u1ec1u n\u0103m kinh nghi\u1ec7m trong l\u0129nh v\u1ef1c t\u1ea1o h\u00ecnh th\u1ea9m m\u1ef9 , v\u00e0 \u0111\u1ed9i ng\u0169 ch\u0103m s\u00f3c Kh\u00e1ch h\u00e0ng chuy\u00ean nghi\u1ec7p t\u1eadn t\u00e2m v\u1edbi vai tr\u00f2 c\u1ee7a m\u00ecnh, trang thi\u1ebft b\u1ecb y t\u1ebf b\u1ea3o \u0111\u1ea3m ch\u1ea5t l\u01b0\u1ee3ng v\u00e0 theo \u0111\u00fang ti\u00eau chu\u1ea9n c\u1ee7a B\u1ed9 Y t\u1ebf. H\u01a1n n\u1eefa, ch\u00fang t\u00f4i lu\u00f4n c\u1ed1 g\u1eafng \u0111\u1ec3 c\u1ea3i ti\u1ebfn k\u1ef9 thu\u1eadt chuy\u00ean m\u00f4n, ch\u00fa tr\u1ecdng \u0111\u1ea7u t\u01b0 c\u00f4ng ngh\u1ec7 ti\u00ean ti\u1ebfn v\u1edbi t\u00f4n ch\u1ec9 An to\u00e0n \u2013 Hi\u1ec7n \u0111\u1ea1i \u0111\u01b0\u1ee3c \u0111\u1eb7t l\u00ean h\u00e0ng \u0111\u1ea7u.<\/p>\t\t\t\t\t\t\t\t<\/div>\n\t\t\t\t<\/div>\n\t\t\t\t<div class=\"elementor-element elementor-element-20fa201e elementor-widget__width-initial elementor-absolute elementor-hidden-phone ekit-equal-height-disable elementor-invisible elementor-widget elementor-widget-elementskit-icon-box\" data-id=\"20fa201e\" data-element_type=\"widget\" data-settings=\"{&quot;_animation&quot;:&quot;rotateInUpRight&quot;,&quot;_animation_delay&quot;:800,&quot;_position&quot;:&quot;absolute&quot;}\" data-widget_type=\"elementskit-icon-box.default\">\n\t\t\t\t<div class=\"elementor-widget-container\">\n\t\t\t\t\t<div class=\"ekit-wid-con\" >        <!-- link opening -->\n                <a href=\"#\" class=\"ekit_global_links\">\n                <!-- end link opening -->\n\n        <div class=\"elementskit-infobox text-center text- icon-top-align elementor-animation-\">\n                            <div class=\"elementskit-box-header\">\n                <div class=\"elementskit-info-box-icon\">\n                    <img loading=\"lazy\" decoding=\"async\" width=\"34\" height=\"51\" src=\"https:\/\/drharvard.vn\/wp-content\/uploads\/2021\/05\/elements-set-of-natural-and-floral-elements-G9XCU6B-3.png\" class=\"attachment- size-\" alt=\"\" \/>                <\/div>\n          <\/div>\n                <div class=\"box-body\">\n                                            <\/div>\n        \n        \n                <\/div>\n                <\/a>\n        <\/div>\t\t\t\t<\/div>\n\t\t\t\t<\/div>\n\t\t\t\t\t<\/div>\n\t\t<\/div>\n\t\t\t\t\t<\/div>\n\t\t<\/section>\n\t\t\t\t<section class=\"elementor-section elementor-top-section elementor-element elementor-element-36d83be elementor-section-boxed elementor-section-height-default elementor-section-height-default\" data-id=\"36d83be\" data-element_type=\"section\" data-settings=\"{&quot;background_background&quot;:&quot;classic&quot;}\">\n\t\t\t\t\t\t\t<div class=\"elementor-background-overlay\"><\/div>\n\t\t\t\t\t\t\t<div class=\"elementor-container elementor-column-gap-default\">\n\t\t\t\t\t<div class=\"elementor-column elementor-col-50 elementor-top-column elementor-element elementor-element-32dc75a\" data-id=\"32dc75a\" data-element_type=\"column\" data-settings=\"{&quot;background_background&quot;:&quot;classic&quot;}\">\n\t\t\t<div class=\"elementor-widget-wrap elementor-element-populated\">\n\t\t\t\t\t<div class=\"elementor-background-overlay\"><\/div>\n\t\t\t\t\t\t<div class=\"elementor-element elementor-element-52a0c0a elementor-widget-mobile__width-initial why-choose-img elementor-widget elementor-widget-image\" data-id=\"52a0c0a\" data-element_type=\"widget\" data-widget_type=\"image.default\">\n\t\t\t\t<div class=\"elementor-widget-container\">\n\t\t\t\t\t\t\t\t\t\t\t\t\t\t\t<img loading=\"lazy\" decoding=\"async\" width=\"1280\" height=\"1280\" src=\"https:\/\/drharvard.vn\/wp-content\/uploads\/2024\/02\/Doctor-Dr.-Harvard.jpg\" class=\"attachment-full size-full wp-image-4028\" alt=\"\" srcset=\"https:\/\/drharvard.vn\/wp-content\/uploads\/2024\/02\/Doctor-Dr.-Harvard.jpg 1280w, https:\/\/drharvard.vn\/wp-content\/uploads\/2024\/02\/Doctor-Dr.-Harvard-300x300.jpg 300w, https:\/\/drharvard.vn\/wp-content\/uploads\/2024\/02\/Doctor-Dr.-Harvard-1024x1024.jpg 1024w, https:\/\/drharvard.vn\/wp-content\/uploads\/2024\/02\/Doctor-Dr.-Harvard-150x150.jpg 150w, https:\/\/drharvard.vn\/wp-content\/uploads\/2024\/02\/Doctor-Dr.-Harvard-768x768.jpg 768w, https:\/\/drharvard.vn\/wp-content\/uploads\/2024\/02\/Doctor-Dr.-Harvard-12x12.jpg 12w\" sizes=\"(max-width: 1280px) 100vw, 1280px\" \/>\t\t\t\t\t\t\t\t\t\t\t\t\t\t\t<\/div>\n\t\t\t\t<\/div>\n\t\t\t\t\t<\/div>\n\t\t<\/div>\n\t\t\t\t<div class=\"elementor-column elementor-col-50 elementor-top-column elementor-element elementor-element-6183ca0\" data-id=\"6183ca0\" data-element_type=\"column\">\n\t\t\t<div class=\"elementor-widget-wrap elementor-element-populated\">\n\t\t\t\t\t\t<div class=\"elementor-element elementor-element-0b03e07 elementor-widget__width-initial elementor-absolute elementor-hidden-phone ekit-equal-height-disable elementor-invisible elementor-widget elementor-widget-elementskit-icon-box\" data-id=\"0b03e07\" data-element_type=\"widget\" data-settings=\"{&quot;_animation&quot;:&quot;rotateInUpRight&quot;,&quot;_animation_delay&quot;:800,&quot;_position&quot;:&quot;absolute&quot;}\" data-widget_type=\"elementskit-icon-box.default\">\n\t\t\t\t<div class=\"elementor-widget-container\">\n\t\t\t\t\t<div class=\"ekit-wid-con\" >        <!-- link opening -->\n                <a href=\"#\" class=\"ekit_global_links\">\n                <!-- end link opening -->\n\n        <div class=\"elementskit-infobox text-center text- icon-top-align elementor-animation-\">\n                            <div class=\"elementskit-box-header\">\n                <div class=\"elementskit-info-box-icon\">\n                    <img loading=\"lazy\" decoding=\"async\" width=\"34\" height=\"51\" src=\"https:\/\/drharvard.vn\/wp-content\/uploads\/2021\/05\/elements-set-of-natural-and-floral-elements-G9XCU6B-3.png\" class=\"attachment- size-\" alt=\"\" \/>                <\/div>\n          <\/div>\n                <div class=\"box-body\">\n                                            <\/div>\n        \n        \n                <\/div>\n                <\/a>\n        <\/div>\t\t\t\t<\/div>\n\t\t\t\t<\/div>\n\t\t\t\t<div class=\"elementor-element elementor-element-e731131 elementor-invisible elementor-widget elementor-widget-heading\" data-id=\"e731131\" data-element_type=\"widget\" data-settings=\"{&quot;_animation&quot;:&quot;fadeInRight&quot;,&quot;_animation_delay&quot;:500}\" data-widget_type=\"heading.default\">\n\t\t\t\t<div class=\"elementor-widget-container\">\n\t\t\t\t\t<h3 class=\"elementor-heading-title elementor-size-default\">L\u00fd do n\u00ean \u0111\u1eb7t ni\u1ec1m tin v\u00e0o<\/h3>\t\t\t\t<\/div>\n\t\t\t\t<\/div>\n\t\t\t\t<div class=\"elementor-element elementor-element-b3774ab elementor-invisible elementor-widget elementor-widget-heading\" data-id=\"b3774ab\" data-element_type=\"widget\" data-settings=\"{&quot;_animation&quot;:&quot;fadeInUp&quot;,&quot;_animation_delay&quot;:600}\" data-widget_type=\"heading.default\">\n\t\t\t\t<div class=\"elementor-widget-container\">\n\t\t\t\t\t<h2 class=\"elementor-heading-title elementor-size-default\">Doctor Dr. Harvard<\/h2>\t\t\t\t<\/div>\n\t\t\t\t<\/div>\n\t\t\t\t<div class=\"elementor-element elementor-element-848273a ekit-equal-height-disable elementor-invisible elementor-widget elementor-widget-elementskit-icon-box\" data-id=\"848273a\" data-element_type=\"widget\" data-settings=\"{&quot;_animation&quot;:&quot;fadeInUp&quot;,&quot;_animation_delay&quot;:800}\" data-widget_type=\"elementskit-icon-box.default\">\n\t\t\t\t<div class=\"elementor-widget-container\">\n\t\t\t\t\t<div class=\"ekit-wid-con\" >        <!-- link opening -->\n                <!-- end link opening -->\n\n        <div class=\"elementskit-infobox text- text-left icon-lef-right-aligin elementor-animation- media\">\n                    <div class=\"elementskit-box-header elementor-animation-\">\n                <div class=\"elementskit-info-box-icon  text-center\">\n                    <i aria-hidden=\"true\" class=\"elementkit-infobox-icon far fa-address-card\"><\/i>\n                <\/div>\n          <\/div>\n                        <div class=\"box-body\">\n                            <h3 class=\"elementskit-info-box-title\">\n                    B\u00e1c S\u0129 H\u1ed3 Kha Vinh Nh\u00e2n                <\/h3>\n                        \t\t  \t<p>L\u00e0 Th\u1ea1c s\u0129, B\u00e1c s\u0129 N\u1ed9i Tr\u00fa Ngo\u1ea1i Khoa \u0111\u01b0\u1ee3c \u0111\u00f2a t\u1ea1o b\u00e0i b\u1ea3n t\u1ea1i tr\u01b0\u1eddng \u0110\u1ea1i h\u1ecdc Y D\u01b0\u1ee3c Hu\u1ebf. Ngo\u00e0i ra \u0111\u01b0\u1ee3c \u0111\u00e0o t\u1ea1o chuy\u00ean s\u00e2u ph\u1eabu thu\u1eadt th\u1ea9m m\u1ef9 t\u1ea1i Tr\u01b0\u1eddng \u0110\u1ea1i h\u1ecdc Y Ph\u1ea1m Ng\u1ecdc Th\u1ea1ch v\u1edbi b\u1eb1ng Chuy\u00ean Khoa 1 Ph\u1eabu thu\u1eadt Th\u1ea9m m\u1ef9. B\u00e1c s\u0129 c\u00f2n \u0111\u01b0\u1ee3c tu nghi\u1ec7p \u1edf n\u01b0\u1edbc Ngo\u00e0i nh\u01b0 Ph\u00e1p, H\u00e0n Qu\u1ed1c.<\/p>\n                                <\/div>\n        \n        \n                <\/div>\n        <\/div>\t\t\t\t<\/div>\n\t\t\t\t<\/div>\n\t\t\t\t<div class=\"elementor-element elementor-element-06a9126 ekit-equal-height-disable elementor-invisible elementor-widget elementor-widget-elementskit-icon-box\" data-id=\"06a9126\" data-element_type=\"widget\" data-settings=\"{&quot;_animation&quot;:&quot;fadeInUp&quot;,&quot;_animation_delay&quot;:800}\" data-widget_type=\"elementskit-icon-box.default\">\n\t\t\t\t<div class=\"elementor-widget-container\">\n\t\t\t\t\t<div class=\"ekit-wid-con\" >        <!-- link opening -->\n                <!-- end link opening -->\n\n        <div class=\"elementskit-infobox text- text-left icon-lef-right-aligin elementor-animation- media\">\n                    <div class=\"elementskit-box-header elementor-animation-\">\n                <div class=\"elementskit-info-box-icon  text-center\">\n                    <i aria-hidden=\"true\" class=\"elementkit-infobox-icon fas fa-check-circle\"><\/i>\n                <\/div>\n          <\/div>\n                        <div class=\"box-body\">\n                        \t\t  \t<p>C\u00f3 kinh nghi\u1ec7m nhi\u1ec1u n\u0103m c\u00f4ng t\u00e1c v\u00e0 gi\u1ea3ng d\u1ea1y t\u1ea1i Tr\u01b0\u1eddng - B\u1ec7nh vi\u1ec7n Tr\u01b0\u1eddng \u0110\u1ea1i h\u1ecdc Y D\u01b0\u1ee3c Hu\u1ebf trong l\u0129nh v\u1ef1c Ph\u1eabu thu\u1eadt t\u1ea1o h\u00ecnh th\u1ea9m m\u1ef9.<\/p>\n                                <\/div>\n        \n        \n                <\/div>\n        <\/div>\t\t\t\t<\/div>\n\t\t\t\t<\/div>\n\t\t\t\t<div class=\"elementor-element elementor-element-780b87f ekit-equal-height-disable elementor-invisible elementor-widget elementor-widget-elementskit-icon-box\" data-id=\"780b87f\" data-element_type=\"widget\" data-settings=\"{&quot;_animation&quot;:&quot;fadeInUp&quot;,&quot;_animation_delay&quot;:800}\" data-widget_type=\"elementskit-icon-box.default\">\n\t\t\t\t<div class=\"elementor-widget-container\">\n\t\t\t\t\t<div class=\"ekit-wid-con\" >        <!-- link opening -->\n                <!-- end link opening -->\n\n        <div class=\"elementskit-infobox text- text-left icon-lef-right-aligin elementor-animation- media\">\n                    <div class=\"elementskit-box-header elementor-animation-\">\n                <div class=\"elementskit-info-box-icon  text-center\">\n                    <i aria-hidden=\"true\" class=\"elementkit-infobox-icon fas fa-check-circle\"><\/i>\n                <\/div>\n          <\/div>\n                        <div class=\"box-body\">\n                        \t\t  \t<p>Hi\u1ec7n nay B\u00e1c s\u0129 V\u0129nh Nh\u00e2n l\u00e0 ng\u01b0\u1eddi ch\u1ecbu tr\u00e1ch nhi\u1ec7m chuy\u00ean m\u00f4n ch\u00ednh c\u1ee7a Doctor Dr. Harvard, v\u1eeba c\u00f2n l\u00e0 Gi\u1ea3ng vi\u00ean B\u1ed9 m\u00f4n Ngo\u1ea1i - Th\u1ea9m m\u1ef9 Khoa Y D\u01b0\u1ee3c \u0110\u1ea1i h\u1ecdc \u0110\u00e0 N\u1eb5ng.<\/p>\n                                <\/div>\n        \n        \n                <\/div>\n        <\/div>\t\t\t\t<\/div>\n\t\t\t\t<\/div>\n\t\t\t\t\t<\/div>\n\t\t<\/div>\n\t\t\t\t\t<\/div>\n\t\t<\/section>\n\t\t\t\t<\/div>","protected":false},"excerpt":{"rendered":"<p>Introduce Dr. Harvard Dr. Cosmetic Institute Harvard was founded towards the motto &#8220;Pure Beauty With Time&#8221;. So Dr. Harvard always carries on its mission to recreate the perfect natural beauty that goes along with the years of customers. And at the same time, it also brings absolute safety, satisfaction, and peace of mind while performing [&hellip;]<\/p>","protected":false},"author":1,"featured_media":0,"parent":0,"menu_order":0,"comment_status":"closed","ping_status":"closed","template":"elementor_header_footer","meta":{"footnotes":""},"class_list":["post-736","page","type-page","status-publish","hentry"],"_links":{"self":[{"href":"https:\/\/drharvard.vn\/vi\/wp-json\/wp\/v2\/pages\/736","targetHints":{"allow":["GET"]}}],"collection":[{"href":"https:\/\/drharvard.vn\/vi\/wp-json\/wp\/v2\/pages"}],"about":[{"href":"https:\/\/drharvard.vn\/vi\/wp-json\/wp\/v2\/types\/page"}],"author":[{"embeddable":true,"href":"https:\/\/drharvard.vn\/vi\/wp-json\/wp\/v2\/users\/1"}],"replies":[{"embeddable":true,"href":"https:\/\/drharvard.vn\/vi\/wp-json\/wp\/v2\/comments?post=736"}],"version-history":[{"count":0,"href":"https:\/\/drharvard.vn\/vi\/wp-json\/wp\/v2\/pages\/736\/revisions"}],"wp:attachment":[{"href":"https:\/\/drharvard.vn\/vi\/wp-json\/wp\/v2\/media?parent=736"}],"curies":[{"name":"wp","href":"https:\/\/api.w.org\/{rel}","templated":true}]}}