{"id":3155,"date":"2021-12-19T10:09:21","date_gmt":"2021-12-19T10:09:21","guid":{"rendered":"https:\/\/drharvard.vn\/?page_id=3155"},"modified":"2025-04-04T20:31:21","modified_gmt":"2025-04-04T13:31:21","slug":"lay-mo-mi-mat-va-da-thua-vung-mat","status":"publish","type":"page","link":"https:\/\/drharvard.vn\/vi\/phau-thuat-tham-my\/lay-mo-mi-mat-va-da-thua-vung-mat\/","title":{"rendered":"Upper eyelid fat and excess skin removal"},"content":{"rendered":"<div data-elementor-type=\"wp-page\" data-elementor-id=\"3155\" class=\"elementor elementor-3155\">\n\t\t\t\t\t\t<section class=\"elementor-section elementor-top-section elementor-element elementor-element-4d7834f4 elementor-section-boxed elementor-section-height-default elementor-section-height-default\" data-id=\"4d7834f4\" data-element_type=\"section\">\n\t\t\t\t\t\t<div class=\"elementor-container elementor-column-gap-default\">\n\t\t\t\t\t<div class=\"elementor-column elementor-col-100 elementor-top-column elementor-element elementor-element-331ec4e4\" data-id=\"331ec4e4\" data-element_type=\"column\">\n\t\t\t<div class=\"elementor-widget-wrap elementor-element-populated\">\n\t\t\t\t\t\t<div class=\"elementor-element elementor-element-392ce7e3 elementor-widget elementor-widget-text-editor\" data-id=\"392ce7e3\" data-element_type=\"widget\" data-widget_type=\"text-editor.default\">\n\t\t\t\t<div class=\"elementor-widget-container\">\n\t\t\t\t\t\t\t\t\t<p><span style=\"font-weight: 400;\">M\u1ee1 m\u00ed m\u1eaft \u0111ang l\u00e0 v\u1ea5n \u0111\u1ec1 thu h\u00fat nhi\u1ec1u s\u1ef1 quan t\u00e2m c\u1ee7a ch\u1ecb em khi n\u00f3 c\u1ea3n tr\u1edf t\u1ea7m nh\u00ecn v\u00e0 \u1ea3nh h\u01b0\u1edfng \u0111\u1ebfn t\u00ednh th\u1ea9m m\u1ef9 n\u1eb7ng n\u1ec1. Th\u1ebf n\u00ean \u201cl\u1ea5y m\u1ee1 b\u1ecdng m\u1eaft\u201d \u0111\u01b0\u1ee3c xem l\u00e0 gi\u1ea3i ph\u00e1p v\u00e0ng gi\u00fap l\u1ea5y l\u1ea1i tu\u1ed5i tr\u1ebb cho \u0111\u00f4i m\u1eaft d\u1ea7n l\u00e3o h\u00f3a. M\u1ee1 th\u1eeba v\u00e0 da ch\u00f9ng s\u1ebd \u0111\u01b0\u1ee3c lo\u1ea1i b\u1ecf nhanh ch\u00f3ng ch\u1ec9 sau 45 \u2013 60 ph\u00fat th\u1ef1c hi\u1ec7n.<\/span><\/p><p><span style=\"font-weight: 400;\">Tuy nhi\u00ean, ch\u1ecb em c\u1ea7n bi\u1ebft r\u00f5 nh\u1eefng th\u00f4ng tin quan tr\u1ecdng v\u1ec1 ph\u01b0\u01a1ng ph\u00e1p n\u00e0y tr\u01b0\u1edbc khi quy\u1ebft \u0111\u1ecbnh l\u1ea5y m\u1ee1 m\u1eaft. H\u00e3y c\u00f9ng Doctor Beauty Center t\u00ecm hi\u1ec3u c\u00f4ng ngh\u1ec7 \u0111\u1eb7c bi\u1ec7t n\u00e0y nh\u00e9!<\/span><\/p><h3><b>1. Hi\u1ec3u r\u00f5 b\u1ea3n ch\u1ea5t v\u00e0 t\u00e1c h\u1ea1i t\u1eeb m\u1ee1 m\u00ed m\u1eaft<\/b><\/h3><p><span style=\"font-weight: 400;\">\u0110\u01b0\u1ee3c xem l\u00e0 c\u1eeda s\u1ed5 t\u00e2m h\u1ed3n, \u0111\u00f4i m\u1eaft lu\u00f4n l\u00e0 \u0111\u1ed5i nh\u1ea5n c\u1ee7a g\u01b0\u01a1ng m\u1eb7t m\u1ed7i ng\u01b0\u1eddi. Nh\u01b0 nh\u1eefng b\u1ed9 ph\u1eadn kh\u00e1c tr\u00ean c\u01a1 th\u1ec3, \u0111\u00f4i m\u1eaft c\u0169ng s\u1ebd d\u1ea7n l\u00e3o h\u00f3a theo th\u1eddi gian. Vi\u1ec7c xu\u1ea5t hi\u1ec7n c\u00e1c l\u1edbp da th\u1eeba, b\u1ecdng m\u1ee1 \u1edf v\u00f9ng m\u00ed m\u1eaft ch\u00ednh l\u00e0 minh ch\u1ee9ng r\u00f5 r\u00e0ng nh\u1ea5t.<\/span><\/p><h3><i><span style=\"font-weight: 400;\">1.1. Nguy\u00ean nh\u00e2n xu\u1ea5t hi\u1ec7n b\u1ecdng m\u1ee1 m\u1eaft<\/span><\/i><\/h3><p><span style=\"font-weight: 400;\">L\u00e3o h\u00f3a l\u00e0 qu\u00e1 tr\u00ecnh t\u1ea5t y\u1ebfu c\u1ee7a m\u1ed7i ng\u01b0\u1eddi. D\u00f9 khi sinh ra c\u00f3 s\u1edf h\u1eefu dung nhan \u0111\u1eb9p \u0111\u1ebfn d\u01b0\u1eddng n\u00e0o, th\u00ec theo tu\u1ed5i t\u00e1c, qu\u00e1 tr\u00ecnh l\u00e3o h\u00f3a s\u1ebd khi\u1ebfn \u0111\u00f4i m\u1eaft xu\u1ed1ng c\u1ea5p, xu\u1ea5t hi\u1ec7n nhi\u1ec1u da th\u1eeba v\u00e0 b\u1ecdng m\u1ee1.<\/span><\/p><p><span style=\"font-weight: 400;\">Ngo\u00e0i ra, c\u00e1c th\u00f3i quen sinh ho\u1ea1t kh\u00f4ng l\u00e0nh m\u1ea1nh c\u0169ng l\u00e0 m\u1ed9t nh\u00e2n t\u1ed1 khi\u1ebfn m\u00ed m\u1eaft x\u1ea5u \u0111i. Th\u1ee9c khuya, \u0103n u\u1ed1ng kh\u00f4ng khoa h\u1ecdc \u2026 hay c\u0103ng th\u1eb3ng, m\u1ec7t m\u1ecfi c\u0169ng khi\u1ebfn v\u00f9ng m\u1eaft t\u00edch t\u1ee5 da d\u01b0 v\u00e0 m\u1ee1 th\u1eeba.\u00a0<\/span><\/p><h3><i><span style=\"font-weight: 400;\">1.2. T\u00e1c h\u1ea1i \u0111\u00e1ng s\u1ee3 n\u1ebfu kh\u00f4ng l\u1ea5y m\u1ee1 m\u00ed m\u1eaft k\u1ecbp th\u1eddi<\/span><\/i><\/h3><p><span style=\"font-weight: 400;\">Theo nhi\u1ec1u chuy\u00ean gia, khi m\u1eaft xu\u1ea5t hi\u1ec7n nhi\u1ec1u m\u1ee1 th\u1eeba, da ch\u00f9ng d\u1ec5 ti\u1ec1m \u1ea9n nh\u1eefng t\u00e1c h\u1ea1i v\u1ec1 t\u1ea7m nh\u00ecn c\u1ee7a m\u1eaft. \u0110i\u1ec1u n\u00e0y c\u00f2n \u1ea3nh h\u01b0\u1edfng x\u1ea5u v\u1ec1 m\u1eb7t th\u1ea9m m\u1ef9 khi l\u00e0m \u0111\u00f4i m\u1eaft tr\u00f4ng nh\u1ecf v\u00e0 gi\u1ea3m \u201cth\u1ea7n th\u00e1i g\u01b0\u01a1ng m\u1eb7t\u201d \u0111i \u0111\u00e1ng k\u1ec3. Th\u1ebf n\u00ean, c\u1eaft m\u1ee1 m\u1eaft \u0111\u01b0\u1ee3c xem l\u00e0 c\u1ea7n thi\u1ebft nh\u1eb1m lo\u1ea1i b\u1ecf c\u00e1c khuy\u1ebft \u0111i\u1ec3m \u1edf m\u1eaft.<\/span><\/p><h3><b>2. L\u1ea5y m\u1ee1 m\u00ed m\u1eaft &#8211; Ph\u01b0\u01a1ng ph\u00e1p ho\u00e0n h\u1ea3o lo\u1ea1i b\u1ecf tri\u1ec7t \u0111\u1ec3 da d\u01b0 v\u00e0 m\u1ee1 th\u1eeba<\/b><\/h3><p><span style=\"font-weight: 400;\">So v\u1edbi nhi\u1ec1u c\u00f4ng ngh\u1ec7 hi\u1ec7n nay, l\u1ea5y m\u1ee1 m\u00ed m\u1eaft \u0111\u01b0\u1ee3c \u0111\u00e1nh cao v\u1edbi \u0111\u1ed9 an to\u00e0n v\u00e0 hi\u1ec7u qu\u1ea3. \u0110\u00e2y \u0111\u01b0\u1ee3c xem l\u00e0 ph\u01b0\u01a1ng ph\u00e1p ph\u00f9 h\u1ee3p nh\u1ea5t v\u1edbi nh\u1eefng ai \u0111ang lo l\u1eafng v\u1ec1 v\u00f9ng da th\u1eeba quanh m\u1eaft.<\/span><\/p><h3><i><span style=\"font-weight: 400;\">2.1. \u0110\u1ed1i t\u01b0\u1ee3ng \u00e1p d\u1ee5ng<\/span><\/i><\/h3><ul><li style=\"font-weight: 400;\" aria-level=\"1\"><span style=\"font-weight: 400;\">Th\u00edch h\u1ee3p cho c\u1ea3 nam v\u00e0 n\u1eef, t\u1ed1t nh\u1ea5t d\u00e0nh cho ng\u01b0\u1eddi tr\u00ean 30 tu\u1ed5i.<\/span><\/li><li style=\"font-weight: 400;\" aria-level=\"1\"><span style=\"font-weight: 400;\">Ng\u01b0\u1eddi \u0111ang b\u1ecb m\u1ee1 m\u1eaft b\u1ea9m sinh ho\u1eb7c di truy\u1ec1n.<\/span><\/li><li style=\"font-weight: 400;\" aria-level=\"1\"><span style=\"font-weight: 400;\">Ng\u01b0\u1eddi c\u00f3 b\u1ecdng m\u1eaft do tu\u1ed5i t\u00e1c, l\u00e3o h\u00f3a.<\/span><\/li><li style=\"font-weight: 400;\" aria-level=\"1\"><span style=\"font-weight: 400;\">Ng\u01b0\u1eddi c\u00f3 m\u1eaft to, c\u1ea3m gi\u00e1c n\u1eb7ng n\u1ec1 do th\u00f3i quen sinh ho\u1ea1t kh\u00f4ng l\u00e0nh m\u1ea1nh, c\u1ea7n th\u1ea9m m\u1ef9 lo\u1ea1i b\u1ecf da ch\u00f9ng, m\u1ee1 m\u00ed m\u1eaft.<\/span><\/li><li style=\"font-weight: 400;\" aria-level=\"1\"><span style=\"font-weight: 400;\">Ng\u01b0\u1eddi c\u00f3 mong mu\u1ed1n s\u1edf h\u1eefu \u0111\u00f4i m\u1eaft tr\u1ebb trung v\u1edbi m\u1eaft r\u00f5 hai m\u00ed, m\u1eaft b\u1ed3 c\u00e2u to tr\u00f2n.<\/span><\/li><\/ul><h3><i><span style=\"font-weight: 400;\">2.2. Hi\u1ec7u qu\u1ea3 c\u1ee7a k\u1ef9 thu\u1eadt l\u1ea5y m\u1ee1 m\u00ed m\u1eaft<\/span><\/i><\/h3><p><span style=\"font-weight: 400;\">V\u1edbi kh\u1ea3 n\u0103ng h\u1ea1n ch\u1ebf t\u1ed1i \u0111a s\u1ef1 x\u00e2m l\u1ea5n \u1edf v\u00f9ng m\u1eaft, ph\u01b0\u01a1ng ph\u00e1p n\u00e0y s\u1ebd gi\u00fap t\u1ea1o s\u1ef1 tr\u1ebb trung cho \u0111\u00f4i m\u1eaft m\u1ed9t c\u00e1ch to\u00e0n di\u1ec7n. \u0110\u1eb7c bi\u1ec7t, c\u00f4ng ngh\u1ec7 n\u00e0y c\u00f3 th\u1ec3 lo\u1ea1i b\u1ecf t\u1ed1i \u0111a c\u00e1c khuy\u1ebft \u0111i\u1ec3m \u1edf m\u1eaft d\u1ec5 d\u00e0ng. V\u00f9ng m\u1eaft kh\u00f4ng b\u1ecb t\u1ed5n th\u01b0\u01a1ng hay x\u00e2m l\u1ea5n, v\u00e0 c\u00e1c c\u01a1 ni\u00eam m\u1ea1c c\u0169ng kh\u00f4ng b\u1ecb \u1ea3nh h\u01b0\u1edfng.\u00a0<\/span><\/p><p><span style=\"font-weight: 400;\">T\u1ea1i Doctor Beauty Center, hi\u1ec7u qu\u1ea3 v\u00e0 \u0111\u1ed9 an to\u00e0n c\u1ee7a kh\u00e1ch h\u00e0ng \u0111\u01b0\u1ee3c \u01b0u ti\u00ean h\u00e0ng \u0111\u1ea7u. Ch\u1ec9 60 ph\u00fat t\u1ea1o h\u00ecnh v\u00e0 th\u1ef1c hi\u1ec7n, kh\u00e1ch h\u00e0ng s\u1ebd nh\u1eadn th\u1ea5y \u0111\u01b0\u1ee3c c\u00e1c \u01b0u \u0111i\u1ec3m n\u1ed5i b\u1eadt:<\/span><\/p><ul><li style=\"font-weight: 400;\" aria-level=\"1\"><span style=\"font-weight: 400;\">Kh\u00f4ng c\u00f2n da m\u1ee1 th\u1eeba m\u00ed m\u1eaft tr\u00ean v\u00e0 d\u01b0\u1edbi, \u0111\u1ed9 s\u00e2u h\u1ed1c m\u1eaft gi\u1ea3m \u0111\u00e1ng k\u1ec3.<\/span><\/li><li style=\"font-weight: 400;\" aria-level=\"1\"><span style=\"font-weight: 400;\">M\u1eaft tr\u1ebb trung h\u01a1n 5 \u2013 10 n\u0103m so v\u1edbi tu\u1ed5i th\u1eadt.<\/span><\/li><li style=\"font-weight: 400;\" aria-level=\"1\"><span style=\"font-weight: 400;\">Hi\u1ec7u qu\u1ea3 l\u00e2u d\u00e0i nhi\u1ec1u n\u0103m, th\u1eadm ch\u00ed l\u00e0 v\u0129nh vi\u1ec5n.<\/span><\/li><li style=\"font-weight: 400;\" aria-level=\"1\"><span style=\"font-weight: 400;\">Ho\u00e0n to\u00e0n kh\u00f4ng \u0111au: \u0111\u01b0\u1ee3c g\u00e2y t\u00ea v\u00e0 th\u1ef1c hi\u1ec7n nh\u1eb9 nh\u00e0ng, kh\u1ea3 n\u0103ng b\u00f3c t\u00e1ch da, can thi\u1ec7p v\u00f9ng m\u1ee1 m\u00ed m\u1eaft \u1edf m\u1ee9c an to\u00e0n.<\/span><\/li><li style=\"font-weight: 400;\" aria-level=\"1\"><span style=\"font-weight: 400;\">Ph\u1ee5c h\u1ed3i nhanh ch\u00f3ng: kh\u00f4ng c\u1ea7n ngh\u1ec9 d\u01b0\u1ee1ng sau ph\u1eabu thu\u1eadt, k\u1ebft qu\u1ea3 th\u1ea5y r\u00f5 ngay l\u1eadp t\u1ee9c.<\/span><\/li><\/ul><h3><b>3. Nh\u1eefng l\u01b0u \u00fd c\u1ea7n thi\u1ebft tr\u01b0\u1edbc khi l\u1ea5y m\u1ee1 m\u00ed m\u1eaft<\/b><\/h3><p><span style=\"font-weight: 400;\">\u1ede Doctor Beauty Center c\u00f3 \u0110\u1ed9i ng\u0169 b\u00e1c s\u0129 chuy\u00ean khoa ch\u0103m s\u00f3c v\u00e0 t\u01b0 v\u1ea5n k\u1ef9 l\u01b0\u1ee1ng cho kh\u00e1ch h\u00e0ng. \u0110\u1ec3 \u0111\u1ea3m b\u1ea3o an to\u00e0n v\u00e0 hi\u1ec7u qu\u1ea3 t\u1ed1t nh\u1ea5t, sau khi c\u1eaft m\u1ee1 m\u1eaft, kh\u00e1ch h\u00e0ng c\u1ea7n l\u01b0u \u00fd:<\/span><\/p><ul><li style=\"font-weight: 400;\" aria-level=\"1\"><span style=\"font-weight: 400;\">Kh\u00f4ng \u0111\u1ec3 v\u1ebft th\u01b0\u01a1ng ti\u1ebfp x\u00fac tr\u1ef1c ti\u1ebfp v\u1edbi n\u01b0\u1edbc, b\u1ee5i b\u1ea9n v\u00e0 \u00e1nh n\u1eafng m\u1eb7t tr\u1eddi.<\/span><\/li><li style=\"font-weight: 400;\" aria-level=\"1\"><span style=\"font-weight: 400;\">C\u1ea7n che m\u1eaft c\u1ea9n th\u1eadn b\u1eb1ng k\u00ednh tr\u01b0\u1edbc khi \u0111i ra ngo\u00e0i.<\/span><\/li><li style=\"font-weight: 400;\" aria-level=\"1\"><span style=\"font-weight: 400;\">Kh\u00f4ng trang \u0111i\u1ec3m v\u00f9ng m\u1eaft khi v\u1ebft th\u01b0\u01a1ng ch\u01b0a h\u1ed3i ph\u1ee5c.<\/span><\/li><li style=\"font-weight: 400;\" aria-level=\"1\"><span style=\"font-weight: 400;\">Kh\u00f4ng d\u1ee5i tay v\u00e0o m\u1eaft.<\/span><\/li><li style=\"font-weight: 400;\" aria-level=\"1\"><span style=\"font-weight: 400;\">V\u1ec7 sinh v\u1ebft th\u01b0\u01a1ng b\u1eb1ng n\u01b0\u1edbc mu\u1ed1i pha lo\u00e3ng ho\u1eb7c n\u01b0\u1edbc mu\u1ed1i sinh l\u00fd.<\/span><\/li><li style=\"font-weight: 400;\" aria-level=\"1\"><span style=\"font-weight: 400;\">Kh\u00f4ng \u0103n th\u1ee9c \u0103n m\u00e0 tr\u01b0\u1edbc nay b\u1ea3n th\u00e2n d\u1ecb \u1ee9ng.<\/span><\/li><li style=\"font-weight: 400;\" aria-level=\"1\"><span style=\"font-weight: 400;\">U\u1ed1ng thu\u1ed1c theo ch\u1ec9 \u0111\u1ecbnh c\u1ee7a b\u00e1c s\u0129.<\/span><\/li><\/ul><p><span style=\"font-weight: 400;\">Kh\u00f4ng kh\u00f3 \u0111\u1ec3 t\u00ecm th\u1ea5y nh\u1eefng ph\u01b0\u01a1ng ph\u00e1p l\u1ea5y m\u1ee1 m\u1eaft hi\u1ec7n nay, \u0111i\u1ec1u quan tr\u1ecdng ch\u00ednh l\u00e0 b\u1ea1n ph\u1ea3i l\u1ef1a ch\u1ecdn ph\u01b0\u01a1ng ph\u00e1p ph\u00f9 h\u1ee3p nh\u1ea5t cho m\u00ecnh. \u0110\u1ebfn v\u1edbi Doctor Beauty Center, kh\u00e1ch h\u00e0ng s\u1ebd \u0111\u01b0\u1ee3c t\u01b0 v\u1ea5n c\u1ee5 th\u1ec3 quy tr\u00ecnh th\u1ef1c hi\u1ec7n v\u00e0 h\u01b0\u1edbng d\u1eabn ch\u0103m s\u00f3c \u0111\u00fang c\u00e1ch. Vi\u1ec7c c\u1eaft m\u1ee1 m\u1eaft kh\u00f4ng ch\u1ec9 gi\u00fap mang l\u1ea1i v\u1ebb \u0111\u1eb9p tu\u1ed5i xu\u00e2n nhanh ch\u00f3ng m\u00e0 c\u00f2n gi\u00fap tr\u00e1nh \u0111i nh\u1eefng t\u00e1c \u0111\u1ed9ng x\u1ea5u t\u1eeb b\u1ecdng m\u1ee1 m\u1eaft.\u00a0<\/span><\/p><p><span style=\"font-weight: 400;\">B\u1ea1n ngh\u0129 g\u00ec v\u1ec1 ph\u01b0\u01a1ng ph\u00e1p \u201cL\u1ea5y m\u1ee1 m\u00ed m\u1eaft\u201d n\u00e0y? H\u00e3y li\u00ean h\u1ec7 v\u1edbi Doctor Beauty Center \u0111\u1ec3 \u0111\u01b0\u1ee3c h\u1ed7 tr\u1ee3 c\u1eaft m\u1ee1 m\u1eaft s\u1edbm nh\u1ea5t nh\u00e9!<\/span><\/p><h3><b>Nh\u1eefng li\u1ec7u ph\u00e1p l\u00e0m \u0111\u1eb9p hi\u1ec7u qu\u1ea3 m\u00e0 b\u1ea1n kh\u00f4ng th\u1ec3 b\u1ecf qua:<\/b><\/h3><ul><li style=\"font-weight: 400;\" aria-level=\"1\"><a href=\"https:\/\/drharvard.vn\/vi\/cat-mat-hai-mi-eyes-beauty\/\"><span style=\"font-weight: 400;\">C\u1eaft m\u1eaft hai m\u00ed<\/span><\/a><\/li><li style=\"font-weight: 400;\" aria-level=\"1\"><a href=\"https:\/\/drharvard.vn\/vi\/cong-nghe-tre-hoa-da-hifu\/\"><span style=\"font-weight: 400;\">Tr\u1ebb h\u00f3a da c\u00f4ng ngh\u1ec7 HIFU<\/span><\/a><\/li><li style=\"font-weight: 400;\" aria-level=\"1\"><a href=\"https:\/\/drharvard.vn\/vi\/nang-mui-surgiform\/\"><span style=\"font-weight: 400;\">N\u00e2ng m\u0169i Surgiform<\/span><\/a><\/li><li style=\"font-weight: 400;\" aria-level=\"1\"><a href=\"https:\/\/drharvard.vn\/vi\/cat-u-mo-vang-quanh-mat\/\"><span style=\"font-weight: 400;\">C\u1eaft u m\u1ee1 v\u00e0ng<\/span><\/a><\/li><\/ul>\t\t\t\t\t\t\t\t<\/div>\n\t\t\t\t<\/div>\n\t\t\t\t\t<\/div>\n\t\t<\/div>\n\t\t\t\t\t<\/div>\n\t\t<\/section>\n\t\t\t\t<\/div>","protected":false},"excerpt":{"rendered":"<p>M\u1ee1 m\u00ed m\u1eaft \u0111ang l\u00e0 v\u1ea5n \u0111\u1ec1 thu h\u00fat nhi\u1ec1u s\u1ef1 quan t\u00e2m c\u1ee7a ch\u1ecb em khi n\u00f3 c\u1ea3n tr\u1edf t\u1ea7m nh\u00ecn v\u00e0 \u1ea3nh h\u01b0\u1edfng \u0111\u1ebfn t\u00ednh th\u1ea9m m\u1ef9 n\u1eb7ng n\u1ec1. Th\u1ebf n\u00ean \u201cl\u1ea5y m\u1ee1 b\u1ecdng m\u1eaft\u201d \u0111\u01b0\u1ee3c xem l\u00e0 gi\u1ea3i ph\u00e1p v\u00e0ng gi\u00fap l\u1ea5y l\u1ea1i tu\u1ed5i tr\u1ebb cho \u0111\u00f4i m\u1eaft d\u1ea7n l\u00e3o h\u00f3a. M\u1ee1 [&hellip;]<\/p>","protected":false},"author":2,"featured_media":3002,"parent":1854,"menu_order":0,"comment_status":"closed","ping_status":"closed","template":"","meta":{"footnotes":""},"class_list":["post-3155","page","type-page","status-publish","has-post-thumbnail","hentry"],"_links":{"self":[{"href":"https:\/\/drharvard.vn\/vi\/wp-json\/wp\/v2\/pages\/3155","targetHints":{"allow":["GET"]}}],"collection":[{"href":"https:\/\/drharvard.vn\/vi\/wp-json\/wp\/v2\/pages"}],"about":[{"href":"https:\/\/drharvard.vn\/vi\/wp-json\/wp\/v2\/types\/page"}],"author":[{"embeddable":true,"href":"https:\/\/drharvard.vn\/vi\/wp-json\/wp\/v2\/users\/2"}],"replies":[{"embeddable":true,"href":"https:\/\/drharvard.vn\/vi\/wp-json\/wp\/v2\/comments?post=3155"}],"version-history":[{"count":0,"href":"https:\/\/drharvard.vn\/vi\/wp-json\/wp\/v2\/pages\/3155\/revisions"}],"up":[{"embeddable":true,"href":"https:\/\/drharvard.vn\/vi\/wp-json\/wp\/v2\/pages\/1854"}],"wp:featuredmedia":[{"embeddable":true,"href":"https:\/\/drharvard.vn\/vi\/wp-json\/wp\/v2\/media\/3002"}],"wp:attachment":[{"href":"https:\/\/drharvard.vn\/vi\/wp-json\/wp\/v2\/media?parent=3155"}],"curies":[{"name":"wp","href":"https:\/\/api.w.org\/{rel}","templated":true}]}}