{"id":3140,"date":"2021-12-19T09:58:11","date_gmt":"2021-12-19T09:58:11","guid":{"rendered":"https:\/\/drharvard.vn\/?page_id=3140"},"modified":"2025-04-04T19:54:43","modified_gmt":"2025-04-04T12:54:43","slug":"cat-mi-mini-deep-mat-dep-quyen-ru","status":"publish","type":"page","link":"https:\/\/drharvard.vn\/vi\/phau-thuat-tham-my\/cat-mi-mini-deep-mat-dep-quyen-ru\/","title":{"rendered":"Mini Deep Eyelid Surgery \u2013 Captivating Beautiful Eyes"},"content":{"rendered":"<div data-elementor-type=\"wp-page\" data-elementor-id=\"3140\" class=\"elementor elementor-3140\">\n\t\t\t\t\t\t<section class=\"elementor-section elementor-top-section elementor-element elementor-element-2eb7531e elementor-section-boxed elementor-section-height-default elementor-section-height-default\" data-id=\"2eb7531e\" data-element_type=\"section\">\n\t\t\t\t\t\t<div class=\"elementor-container elementor-column-gap-default\">\n\t\t\t\t\t<div class=\"elementor-column elementor-col-100 elementor-top-column elementor-element elementor-element-51c2f2d2\" data-id=\"51c2f2d2\" data-element_type=\"column\">\n\t\t\t<div class=\"elementor-widget-wrap elementor-element-populated\">\n\t\t\t\t\t\t<div class=\"elementor-element elementor-element-cd8e57c elementor-widget elementor-widget-text-editor\" data-id=\"cd8e57c\" data-element_type=\"widget\" data-widget_type=\"text-editor.default\">\n\t\t\t\t<div class=\"elementor-widget-container\">\n\t\t\t\t\t\t\t\t\t<p><span style=\"font-weight: 400;\">Hi\u1ec7n nay, ch\u1ec9nh m\u00ed Mini Deep \u0111\u01b0\u1ee3c \u0111\u00e1nh gi\u00e1 l\u00e0 v\u01b0\u1ee3t tr\u1ed9i so v\u1edbi c\u00e1c k\u1ef9 thu\u1eadt th\u00f4ng th\u01b0\u1eddng. M\u1eaft m\u1ed9t m\u00ed, m\u00ed l\u00f3t, d\u00e1ng m\u00ed kh\u00f4ng \u0111\u1ec1u \u2026 s\u1ebd \u0111\u01b0\u1ee3c c\u1ea3i thi\u1ec7n hi\u1ec7u qu\u1ea3 ch\u1ec9 sau m\u1ed9t l\u1ea7n c\u1eaft. C\u00f3 th\u1ec3 hi\u1ec3u nhi\u1ec1u ng\u01b0\u1eddi mu\u1ed1n s\u1edf h\u1eefu \u0111\u00f4i m\u1eaft \u0111\u1eb9p nh\u01b0ng l\u1ea1i thi\u1ebfu th\u00f4ng tin v\u1ec1 ph\u01b0\u01a1ng ph\u00e1p n\u00e0y.<\/span><\/p><p><span style=\"font-weight: 400;\">C\u00e1ch th\u1ef1c hi\u1ec7n nh\u01b0 th\u1ebf n\u00e0o, \u01b0u \u0111i\u1ec3m v\u00e0 h\u01b0\u1edbng d\u1eabn ch\u0103m s\u00f3c m\u1eaft ra sao? M\u1ecdi th\u00f4ng tin b\u1ea1n c\u1ea7n bi\u1ebft v\u1ec1 C\u1eaft m\u00ed Mini Deep s\u1ebd \u0111\u01b0\u1ee3c ti\u1ebft l\u1ed9 trong b\u00e0i vi\u1ebft n\u00e0y!<\/span><\/p><h3><b>1. C\u1eaft m\u00ed Mini Deep l\u00e0 g\u00ec?<\/b><\/h3><p><span style=\"font-weight: 400;\">\u0110\u00e2y l\u00e0 m\u1ed9t k\u1ef9 thu\u1eadt \u0111\u01a1n gi\u1ea3n nh\u01b0ng \u0111\u00f2i h\u1ecfi s\u1ef1 t\u1ec9 m\u1ec9 v\u00e0 t\u1eadp trung cao. Khi th\u1ef1c hi\u1ec7n c\u1eaft m\u00ed Mini Deep, m\u1ed9t \u0111\u01b0\u1eddng r\u1ea1ch nh\u1ecf s\u1ebd \u0111\u01b0\u1ee3c t\u1ea1o ra ngay trung t\u00e2m m\u00ed m\u1eaft tr\u00f9ng v\u1edbi n\u1ebfp m\u00ed, d\u00e0i kho\u1ea3ng 1 \u2013 1,5 cm. B\u00e1c s\u0129 s\u1ebd ti\u1ebfn h\u00e0nh b\u00f3c t\u00e1ch b\u1ecdng m\u1ee1 th\u1eeba v\u00f9ng m\u00ed m\u1eaft th\u00f4ng qua \u0111\u01b0\u1eddng m\u1ed5 \u201cmini\u201d n\u00e0y, m\u1ed9t c\u00e1ch nh\u1eb9 nh\u00e0ng, k\u00edn \u0111\u00e1o v\u00e0 chu\u1ea9n x\u00e1c nh\u1ea5t.<\/span><\/p><p><span style=\"font-weight: 400;\">\u0110\u1eb7c \u0111i\u1ec3m c\u1ee7a ph\u01b0\u01a1ng ph\u00e1p n\u00e0y ch\u00ednh l\u00e0 s\u1ef1 t\u01b0\u01a1i tr\u1ebb v\u00e0 n\u1ebfp m\u00ed \u0111\u1eb9p duy tr\u00ec d\u00e0i l\u00e2u. \u0110\u1ec3 \u0111\u1ea1t \u0111\u01b0\u1ee3c \u0111i\u1ec1u n\u00e0y, b\u00e1c s\u0129 s\u1eed d\u1ee5ng ch\u1ec9 chuy\u00ean d\u1ee5ng \u0111\u1ec3 t\u1ea1o li\u00ean k\u1ebft s\u00e2u v\u00e0 b\u1ec1n v\u1eefng. Ch\u00fang c\u00f3 t\u00e1c d\u1ee5ng n\u00e2ng \u0111\u1ee1, t\u0103ng \u0111\u1ed9 k\u1ebft d\u00ednh t\u1edbi c\u01a1 n\u00e2ng m\u00ed v\u00e0 c\u01a1 v\u00f2ng m\u00ed. \u0110i\u1ec1u n\u00e0y gi\u00fap \u0111\u00f4i m\u1eaft sau ch\u1ec9nh c\u00f3 \u0111\u01b0\u1eddng m\u00ed \u0111\u1ec1u, to d\u00e0i v\u00e0 \u0111\u1eb9p t\u1ef1 nhi\u00ean. Kh\u00f4ng ch\u1ec9 l\u00e0 \u0111\u01b0\u1eddng m\u00ed, l\u00f4ng mi c\u0169ng s\u1ebd \u0111\u01b0\u1ee3c n\u00e2ng l\u00ean m\u1ed9t c\u00e1ch tinh t\u1ebf, cao v\u1ec3nh t\u1eeb 15 \u2013 30 \u0111\u1ed9, gi\u00fap \u0111\u00f4i m\u1eaft tr\u1edf n\u00ean h\u00fat h\u1ed3n h\u01a1n.<\/span><\/p><h3><b>2. C\u1eaft m\u00ed Mini Deep kh\u1eafc ph\u1ee5c hi\u1ec7u qu\u1ea3 nh\u1eefng khuy\u1ebft \u0111i\u1ec3m c\u1ee7a \u0111\u00f4i m\u1eaft<\/b><\/h3><p><span style=\"font-weight: 400;\">N\u1ebfu mu\u1ed1n s\u1edf h\u1eefu th\u1ea7n th\u00e1i sang ch\u1ea3nh nh\u01b0 m\u1ed9t hoa h\u1eadu, c\u1eaft m\u00ed Mini Deep ch\u00ednh l\u00e0 m\u1ecdi th\u1ee9 b\u1ea1n c\u1ea7n. \u0110\u00e2y \u0111\u01b0\u1ee3c \u0111\u00e1nh gi\u00e1 l\u00e0 m\u1ed9t trong nh\u1eefng k\u1ef9 thu\u1eadt ch\u1ec9nh m\u00ed h\u00e0ng \u0111\u1ea7u t\u1ea1i Vi\u1ec7t Nam.<\/span><\/p><h3><i><span style=\"font-weight: 400;\">2.1. \u01afu \u0111i\u1ec3m n\u1ed5i b\u1eadt<\/span><\/i><\/h3><p><span style=\"font-weight: 400;\">Nh\u1eefng \u01b0u \u0111i\u1ec3m c\u1ee7a ph\u01b0\u01a1ng ph\u00e1p n\u00e0y \u0111\u01b0\u1ee3c \u0111\u00e1nh gi\u00e1 l\u00e0 v\u01b0\u1ee3t tr\u1ed9i khi kh\u1eafc ph\u1ee5c c\u00e1c khuy\u1ebft \u0111i\u1ec3m m\u1eaft m\u1ed9t c\u00e1ch ho\u00e0n h\u1ea3o, nh\u01b0ng v\u1eabn c\u00f3 \u0111\u1ed9 an to\u00e0n nh\u1ea5t \u0111\u1ecbnh.<\/span><\/p><ul><li style=\"font-weight: 400;\" aria-level=\"1\"><span style=\"font-weight: 400;\">Lo\u1ea1i b\u1ecf t\u00ecnh tr\u1ea1ng m\u00ed m\u1eaft nh\u1ecf, m\u00ed l\u1edbp kh\u00f4ng r\u00f5 m\u00ed.<\/span><\/li><li style=\"font-weight: 400;\" aria-level=\"1\"><span style=\"font-weight: 400;\">T\u1ea1o \u0111\u01b0\u1eddng m\u00ed r\u00f5 n\u00e9t, \u0111\u1eb9p t\u1ef1 nhi\u00ean v\u00e0 h\u00e0i h\u00f2a khu\u00f4n m\u1eb7t.<\/span><\/li><li style=\"font-weight: 400;\" aria-level=\"1\"><span style=\"font-weight: 400;\">T\u1ea1o hi\u1ec7u \u1ee9ng \u0111\u00f4i m\u1eaft long lanh, to tr\u00f2n v\u00e0 cu\u1ed1n h\u00fat h\u01a1n.<\/span><\/li><\/ul><p><span style=\"font-weight: 400;\">V\u1edbi \u01b0u \u0111i\u1ec3m ch\u1ec9 r\u1ea1ch m\u1ed9t \u0111\u01b0\u1eddng nh\u1ecf t\u1ea1i m\u00ed m\u1eaft n\u00ean b\u1ea1n c\u00f3 th\u1ec3 ho\u00e0n to\u00e0n y\u00ean t\u00e2m v\u1ec1 \u0111\u1ed9 th\u1ea9m m\u1ef9, kh\u00f4ng l\u1ed9 ch\u1ec9, t\u1ed5n th\u01b0\u01a1ng hay s\u01b0ng n\u1ec1. C\u1eaft m\u00ed Mini Deep kh\u00f4ng ch\u1ec9 gi\u00fap b\u1ea1n tr\u1edf n\u00ean xinh \u0111\u1eb9p h\u01a1n m\u00e0 ph\u01b0\u01a1ng ph\u00e1p n\u00e0y c\u00f2n gi\u00fap b\u1ea1n ti\u1ebft ki\u1ec7m nhi\u1ec1u th\u1eddi gian khi trang \u0111i\u1ec3m. B\u1ea1n kh\u00f4ng c\u1ea7n ph\u1ea3i trang \u0111i\u1ec3m hay s\u1eed d\u1ee5ng c\u00e1c lo\u1ea1i s\u1ea3n ph\u1ea9m k\u00edch m\u00ed m\u1ed7i ng\u00e0y n\u1eefa!<\/span><\/p><h3><i><span style=\"font-weight: 400;\">2.2. \u0110\u1ed1i t\u01b0\u1ee3ng ph\u00f9 h\u1ee3p v\u1edbi k\u1ef9 thu\u1eadt C\u1eaft m\u00ed Mini Deep<\/span><\/i><\/h3><ul><li style=\"font-weight: 400;\" aria-level=\"1\"><span style=\"font-weight: 400;\">Kh\u00e1ch h\u00e0ng t\u1eeb 15 tu\u1ed5i.<\/span><\/li><li style=\"font-weight: 400;\" aria-level=\"1\"><span style=\"font-weight: 400;\">Kh\u00e1ch h\u00e0ng c\u00f3 khuy\u1ebft \u0111i\u1ec3m: m\u1eaft m\u1ed9t m\u00ed, m\u00ed l\u00f3t, m\u00ed nh\u1ecf, nhi\u1ec1u m\u00ed, kh\u00f4ng r\u00f5 m\u00ed ho\u1eb7c m\u00ed c\u00f3 da th\u1eeba.<\/span><\/li><li style=\"font-weight: 400;\" aria-level=\"1\"><span style=\"font-weight: 400;\">Kh\u00e1ch h\u00e0ng mong mu\u1ed1n c\u00f3 \u0111\u00f4i m\u1eaft \u0111\u1eb9p h\u01a1n v\u1edbi n\u1ebfp m\u00ed tr\u00f2n to, m\u00ed \u0111\u1ec1u v\u00e0 r\u00f5 n\u00e9t.<\/span><\/li><li style=\"font-weight: 400;\" aria-level=\"1\"><span style=\"font-weight: 400;\">Kh\u00e1ch h\u00e0ng c\u00f3 m\u1eaft \u0111\u00e3 qua th\u1ea9m m\u1ef9 nh\u01b0ng v\u1eabn ch\u01b0a c\u00f3 n\u1ebfp m\u00ed \u0111\u1eb9p nh\u01b0 \u00fd.<\/span><\/li><\/ul><h3><b>3. H\u01b0\u1edbng d\u1eabn ch\u0103m s\u00f3c m\u1eaft m\u00ed m\u1eaft sau khi hi\u1ec7n c\u1eaft m\u00ed Mini Deep<\/b><\/h3><p><span style=\"font-weight: 400;\">\u0110i\u1ec1u khi\u1ebfn nhi\u1ec1u kh\u00e1ch h\u00e0ng h\u00e0i l\u00f2ng \u1edf C\u1eaft m\u00ed Mini Deep ch\u00ednh l\u00e0 \u0111\u1ed9 th\u1ea9m m\u1ef9 cao. K\u1ef9 thu\u1eadt n\u00e0y ho\u00e0n to\u00e0n kh\u00f4ng l\u1ed9 v\u1ebft kh\u00e2u hay \u0111\u1ec3 v\u1ebft h\u1eb1n x\u1ea5u nh\u01b0 nhi\u1ec1u ph\u01b0\u01a1ng ph\u00e1p kh\u00e1c. V\u1ebft m\u1ed5 c\u0169ng s\u1ebd m\u1edd d\u1ea7n theo th\u1eddi gian, v\u00ec th\u1ebf b\u1ea1n c\u00f3 th\u1ec3 an t\u00e2m quay tr\u1edf l\u1ea1i cu\u1ed9c s\u1ed1ng th\u01b0\u1eddng ng\u00e0y.<\/span><\/p><p><span style=\"font-weight: 400;\">Tuy nhi\u00ean, \u0111\u1ec3 m\u00ed m\u1eaft \u0111\u1ea1t v\u1ebb \u0111\u1eb9p ho\u00e0n h\u1ea3o c\u1ea7n ph\u1ea3i c\u00f3 s\u1ef1 c\u1ea9n tr\u1ecdng \u1edf qu\u00e1 tr\u00ecnh ch\u0103m s\u00f3c. Khi \u0111\u00f3, kh\u00e1ch h\u00e0ng c\u1ea7n l\u01b0u \u00fd:<\/span><\/p><ul><li style=\"font-weight: 400;\" aria-level=\"1\"><span style=\"font-weight: 400;\">Tr\u00e1nh ti\u1ebfp x\u00fac b\u1ee5i b\u1ea9n v\u00e0 v\u1ec7 sinh v\u1ebft m\u1ed5 nh\u1eb9 nh\u00e0ng.<\/span><\/li><li style=\"font-weight: 400;\" aria-level=\"1\"><span style=\"font-weight: 400;\">\u0110\u1ee3i 7 ng\u00e0y sau th\u1ea9m m\u1ef9 th\u00ec c\u00f3 th\u1ec3 c\u1eaft ch\u1ec9 khi v\u1ebft m\u1ed5 \u1edf m\u1eaft h\u1ed3i ph\u1ee5c.<\/span><\/li><\/ul><p><span style=\"font-weight: 400;\">T\u1ea1i Doctor Beauty Center, c\u00e1c bu\u1ed5i ti\u1ec3u ph\u1eabu th\u01b0\u1eddng di\u1ec5n ra nhanh ch\u00f3ng kho\u1ea3ng 45 \u2013 60 ph\u00fat, nh\u01b0ng k\u1ebft qu\u1ea3 l\u1ea1i t\u1ed1t ngo\u00e0i mong \u0111\u1ee3i c\u1ee7a kh\u00e1ch h\u00e0ng. C\u1eaft m\u00ed Mini Deep ch\u00ednh l\u00e0 gi\u1ea3i ph\u00e1p ho\u00e0n h\u1ea3o cho nh\u1eefng ai \u0111ang c\u1ea3m th\u1ea5y t\u1ef1 ti v\u1ec1 \u0111\u00f4i m\u1eaft k\u00e9m duy\u00ean, d\u00e1ng m\u1eaft kh\u00f4ng \u0111\u1ec1u c\u1ee7a m\u00ecnh.<\/span><\/p><p><span style=\"font-weight: 400;\">V\u1edbi c\u00f4ng ngh\u1ec7 c\u1eaft m\u00ed Mini Deep th\u00ec vi\u1ec7c s\u1edf h\u1eefu \u0111\u00f4i m\u1eaft b\u1ed3 c\u00e2u quy\u1ebfn r\u0169 kh\u00f4ng c\u00f2n kh\u00f3. S\u1ef1 v\u01b0\u1ee3t tr\u1ed9i \u1edf k\u1ef9 thu\u1eadt n\u00e0y l\u00e0 kh\u00f4ng th\u1ec3 ph\u1ee7 nh\u1eadn c\u00f9ng v\u1edbi nh\u1eefng l\u1ee3i \u00edch m\u00e0 n\u00f3 mang l\u1ea1i. C\u00f9ng v\u1edbi b\u00e1c s\u0129 V\u0129nh Nh\u00e2n, b\u1ea1n s\u1ebd lu\u00f4n t\u1ef1 tin l\u00e0 ch\u00ednh m\u00ecnh m\u1ed7i khi b\u01b0\u1edbc ch\u00e2n ra ph\u1ed1.<\/span><\/p><p><span style=\"font-weight: 400;\">B\u1ea1n ngh\u0129 sao v\u1ec1 gi\u1ea3i ph\u00e1p \u0111\u1eb7c bi\u1ec7t n\u00e0y, h\u00e3y cho Doctor Beauty Center bi\u1ebft c\u1ea3m ngh\u0129 v\u1edbi nh\u00e9!<\/span><\/p><h3><b>Nh\u1eefng li\u1ec7u ph\u00e1p l\u00e0m \u0111\u1eb9p hi\u1ec7u qu\u1ea3 m\u00e0 b\u1ea1n kh\u00f4ng th\u1ec3 b\u1ecf qua:<\/b><\/h3><ul><li style=\"font-weight: 400;\" aria-level=\"1\"><a href=\"https:\/\/drharvard.vn\/vi\/cat-u-mo-vang-quanh-mat\/\"><span style=\"font-weight: 400;\">C\u1eaft u m\u1ee1 v\u00e0ng<\/span><\/a><\/li><li style=\"font-weight: 400;\" aria-level=\"1\"><a href=\"https:\/\/drharvard.vn\/vi\/nhan-mi-han-quoc\/\"><span style=\"font-weight: 400;\">Nh\u1ea5n m\u00ed h\u00e0n qu\u1ed1c<\/span><\/a><\/li><li style=\"font-weight: 400;\" aria-level=\"1\"><a href=\"https:\/\/drharvard.vn\/vi\/nang-mui-ban-cau-truc\/\"><span style=\"font-weight: 400;\">N\u00e2ng m\u0169i b\u00e1n c\u1ea5u tr\u00fac<\/span><\/a><\/li><li style=\"font-weight: 400;\" aria-level=\"1\"><a href=\"https:\/\/drharvard.vn\/vi\/tiem-botox-thon-gon-ham-2\/\"><span style=\"font-weight: 400;\">Botox thon g\u1ecdn h\u00e0m<\/span><\/a><\/li><\/ul>\t\t\t\t\t\t\t\t<\/div>\n\t\t\t\t<\/div>\n\t\t\t\t\t<\/div>\n\t\t<\/div>\n\t\t\t\t\t<\/div>\n\t\t<\/section>\n\t\t\t\t<\/div>","protected":false},"excerpt":{"rendered":"<p>Hi\u1ec7n nay, ch\u1ec9nh m\u00ed Mini Deep \u0111\u01b0\u1ee3c \u0111\u00e1nh gi\u00e1 l\u00e0 v\u01b0\u1ee3t tr\u1ed9i so v\u1edbi c\u00e1c k\u1ef9 thu\u1eadt th\u00f4ng th\u01b0\u1eddng. M\u1eaft m\u1ed9t m\u00ed, m\u00ed l\u00f3t, d\u00e1ng m\u00ed kh\u00f4ng \u0111\u1ec1u \u2026 s\u1ebd \u0111\u01b0\u1ee3c c\u1ea3i thi\u1ec7n hi\u1ec7u qu\u1ea3 ch\u1ec9 sau m\u1ed9t l\u1ea7n c\u1eaft. C\u00f3 th\u1ec3 hi\u1ec3u nhi\u1ec1u ng\u01b0\u1eddi mu\u1ed1n s\u1edf h\u1eefu \u0111\u00f4i m\u1eaft \u0111\u1eb9p nh\u01b0ng l\u1ea1i thi\u1ebfu th\u00f4ng [&hellip;]<\/p>","protected":false},"author":2,"featured_media":2994,"parent":1854,"menu_order":0,"comment_status":"closed","ping_status":"closed","template":"","meta":{"footnotes":""},"class_list":["post-3140","page","type-page","status-publish","has-post-thumbnail","hentry"],"_links":{"self":[{"href":"https:\/\/drharvard.vn\/vi\/wp-json\/wp\/v2\/pages\/3140","targetHints":{"allow":["GET"]}}],"collection":[{"href":"https:\/\/drharvard.vn\/vi\/wp-json\/wp\/v2\/pages"}],"about":[{"href":"https:\/\/drharvard.vn\/vi\/wp-json\/wp\/v2\/types\/page"}],"author":[{"embeddable":true,"href":"https:\/\/drharvard.vn\/vi\/wp-json\/wp\/v2\/users\/2"}],"replies":[{"embeddable":true,"href":"https:\/\/drharvard.vn\/vi\/wp-json\/wp\/v2\/comments?post=3140"}],"version-history":[{"count":0,"href":"https:\/\/drharvard.vn\/vi\/wp-json\/wp\/v2\/pages\/3140\/revisions"}],"up":[{"embeddable":true,"href":"https:\/\/drharvard.vn\/vi\/wp-json\/wp\/v2\/pages\/1854"}],"wp:featuredmedia":[{"embeddable":true,"href":"https:\/\/drharvard.vn\/vi\/wp-json\/wp\/v2\/media\/2994"}],"wp:attachment":[{"href":"https:\/\/drharvard.vn\/vi\/wp-json\/wp\/v2\/media?parent=3140"}],"curies":[{"name":"wp","href":"https:\/\/api.w.org\/{rel}","templated":true}]}}