{"id":2954,"date":"2021-07-03T04:13:38","date_gmt":"2021-07-03T04:13:38","guid":{"rendered":"https:\/\/drharvard.vn\/?page_id=2954"},"modified":"2021-12-06T04:45:50","modified_gmt":"2021-12-06T04:45:50","slug":"nhan-mi-han-quoc","status":"publish","type":"page","link":"https:\/\/drharvard.vn\/vi\/phau-thuat-tham-my\/nhan-mi-han-quoc\/","title":{"rendered":"Nh\u1ea5n m\u00ed H\u00e0n Qu\u1ed1c"},"content":{"rendered":"<div data-elementor-type=\"wp-page\" data-elementor-id=\"2954\" class=\"elementor elementor-2954\">\n\t\t\t\t\t\t<section class=\"elementor-section elementor-top-section elementor-element elementor-element-36cf69c elementor-section-boxed elementor-section-height-default elementor-section-height-default\" data-id=\"36cf69c\" data-element_type=\"section\">\n\t\t\t\t\t\t<div class=\"elementor-container elementor-column-gap-default\">\n\t\t\t\t\t<div class=\"elementor-column elementor-col-100 elementor-top-column elementor-element elementor-element-7fe2f4a4\" data-id=\"7fe2f4a4\" data-element_type=\"column\">\n\t\t\t<div class=\"elementor-widget-wrap elementor-element-populated\">\n\t\t\t\t\t\t<div class=\"elementor-element elementor-element-e08f9b8 elementor-widget elementor-widget-text-editor\" data-id=\"e08f9b8\" data-element_type=\"widget\" data-widget_type=\"text-editor.default\">\n\t\t\t\t<div class=\"elementor-widget-container\">\n\t\t\t\t\t\t\t\t\t<p><span style=\"font-weight: 400;\">T\u1eeb l\u00e2u \u0111\u00f4i m\u1eaft hai m\u00ed to tr\u00f2n v\u1eabn lu\u00f4n \u0111\u01b0\u1ee3c xem l\u00e0 ti\u00eau chu\u1ea9n s\u1eafc \u0111\u1eb9p c\u1ee7a ph\u1ee5 n\u1eef. C\u0169ng ch\u00ednh v\u00ec th\u1ebf, s\u1edf h\u1eefu \u0111\u01b0\u1ee3c m\u1ed9t &#8220;c\u1eeda s\u1ed5 t\u00e2m h\u1ed3n&#8221; thu h\u00fat lu\u00f4n l\u00e0 \u0111i\u1ec1u khi\u1ebfn ph\u00e1i \u0111\u1eb9p lo l\u1eafng nh\u1ea5t.<\/span><\/p><p><span style=\"font-weight: 400;\">M\u1ecdi ng\u01b0\u1eddi th\u01b0\u1eddng ngh\u0129 r\u1eb1ng, t\u1eeb m\u00ed l\u00f3t, m\u1eaft m\u1ed9t m\u00ed m\u00e0 tr\u1edf th\u00e0nh hai m\u00ed th\u00ec r\u1ea5t t\u1ed1n k\u00e9m v\u00e0 kh\u00f3 kh\u0103n. Tr\u00ean th\u1ef1c t\u1ebf, c\u00f3 m\u1ed9t ph\u01b0\u01a1ng ph\u00e1p \u0111\u01a1n gi\u1ea3n gi\u00fap m\u1ecdi ch\u1ecb em c\u00f3 th\u1ec3 s\u1edf h\u1eefu \u0111\u00f4i m\u1eaft hai m\u00ed to tr\u00f2n \u0111\u1eb9p t\u1ef1 nhi\u00ean, \u0111\u00f3 ch\u00ednh l\u00e0 Nh\u1ea5n m\u00ed H\u00e0n Qu\u1ed1c.\u00a0<\/span><\/p><p><span style=\"font-weight: 400;\">V\u1eady nh\u1ea5n m\u00ed m\u1eaft H\u00e0n Qu\u1ed1c \u0111\u1eb7c bi\u1ec7t nh\u01b0 th\u1ebf n\u00e0o? H\u00e3y c\u00f9ng Doctor Beauty Center t\u00ecm hi\u1ec3u nh\u00e9!<\/span><\/p><h3><b>1. Th\u1ebf n\u00e0o l\u00e0 nh\u1ea5n m\u00ed H\u00e0n Qu\u1ed1c v\u00e0 ph\u00f9 h\u1ee3p v\u1edbi \u0111\u1ed1i t\u01b0\u1ee3ng n\u00e0o?<\/b><\/h3><h3><i><span style=\"font-weight: 400;\">1.1. Ph\u01b0\u01a1ng ph\u00e1p nh\u1ea5n m\u00ed H\u00e0n Qu\u1ed1c l\u00e0 g\u00ec?<\/span><\/i><\/h3><p><span style=\"font-weight: 400;\">\u0110\u00e2y l\u00e0 m\u1ed9t k\u1ef9 thu\u1eadt th\u1ea9m m\u1ef9 t\u01b0\u01a1ng \u0111\u1ed1i nh\u1eb9 nh\u00e0ng v\u00e0 \u0111\u01a1n gi\u1ea3n. B\u00e1c s\u0129 s\u1ebd kh\u00e9o l\u00e9o s\u1eed d\u1ee5ng ch\u1ec9 th\u1ea9m m\u1ef9 d\u1ef1a tr\u00ean nh\u1eefng \u0111\u01b0\u1eddng v\u1ebd \u0111\u01b0\u1ee3c \u0111\u1ecbnh s\u1eb5n. \u0110i\u1ec1u n\u00e0y gi\u00fap t\u1ea1o li\u00ean k\u1ebft gi\u1eefa da m\u00ed m\u1eaft v\u00e0 c\u01a1 n\u00e2ng mi n\u00ean kh\u00f4ng \u0111\u1ec3 l\u1ea1i s\u1eb9o hay b\u1ea5t k\u1ef3 d\u1ea5u v\u1ebft th\u1ea9m m\u1ef9 n\u00e0o. \u0110i\u1ec1u \u0111\u1eb7c bi\u1ec7t \u1edf ph\u01b0\u01a1ng ph\u00e1p n\u00e0y ch\u00ednh l\u00e0 kh\u00f4ng \u0111\u1ee5ng ch\u1ea1m dao k\u00e9o. C\u00f3 th\u1ec3 n\u00f3i, nh\u1ea5n m\u00ed H\u00e0n Qu\u1ed1c ho\u00e0n to\u00e0n ph\u00f9 h\u1ee3p v\u1edbi nh\u1eefng ng\u01b0\u1eddi lo s\u1ee3 \u0111au \u0111\u1edbn v\u00e0 bi\u1ebfn ch\u1ee9ng th\u1ea9m m\u1ef9.<\/span><\/p><p><span style=\"font-weight: 400;\">Sau khi ho\u00e0n th\u00e0nh k\u1ef9 thu\u1eadt, b\u1ea1n s\u1ebd r\u1ea5t b\u1ea5t ng\u1edd v\u1edbi k\u1ebft qu\u1ea3 m\u00e0 nh\u1ea5n m\u00ed H\u00e0n Qu\u1ed1c mang l\u1ea1i. N\u1ebfp m\u00ed r\u00f5 r\u00e0ng s\u1eafc n\u00e9t, m\u1ec1m m\u1ea1i, t\u1ef1 nhi\u00ean v\u00e0 r\u1ea5t h\u00e0i h\u00f2a v\u1edbi t\u1ed5ng th\u1ec3 khu\u00f4n m\u1eb7t. \u0110i\u1ec1u n\u00e0y gi\u00fap b\u1ea1n s\u1edf h\u1eefu \u0111\u00f4i m\u1eaft \u0111\u1eb9p chu\u1ea9n hi\u1ec7n \u0111\u1ea1i, h\u01a1n n\u1eefa c\u00f2n tr\u1edf n\u00ean t\u1ef1 tin h\u01a1n r\u1ea5t nhi\u1ec1u.<\/span><\/p><h3><i><span style=\"font-weight: 400;\">1.2. Nh\u1eefng \u0111\u1ed1i t\u01b0\u1ee3ng ph\u00f9 h\u1ee3p v\u1edbi k\u1ef9 thu\u1eadt nh\u1ea5n m\u00ed<\/span><\/i><\/h3><p><span style=\"font-weight: 400;\">Ph\u01b0\u01a1ng ph\u00e1p nh\u1ea5n m\u00ed n\u00e0y t\u01b0\u01a1ng \u0111\u1ed1i d\u1ec5 d\u00e0ng v\u00e0 kh\u00f4ng k\u00e9n \u0111\u1ed1i t\u01b0\u1ee3ng. \u0110i\u1ec3m m\u1ea1nh c\u1ee7a n\u00f3 l\u00e0 kh\u00f4ng \u0111\u1ee5ng \u0111\u1ebfn dao k\u00e9o v\u00e0 ho\u00e0n to\u00e0n ph\u00f9 h\u1ee3p nhi\u1ec1u \u0111\u1ed1i t\u01b0\u1ee3ng kh\u00e1c nhau:<\/span><\/p><ul><li style=\"font-weight: 400;\" aria-level=\"1\"><span style=\"font-weight: 400;\">Ng\u01b0\u1eddi c\u00f3 m\u1eaft m\u1ed9t m\u00ed, m\u00ed l\u00f3t ho\u1eb7c kh\u00f4ng r\u00f5 m\u00ed.<\/span><\/li><li style=\"font-weight: 400;\" aria-level=\"1\"><span style=\"font-weight: 400;\">Ng\u01b0\u1eddi c\u00f3 m\u1eaft hai m\u00ed kh\u00f4ng c\u00e2n x\u1ee9ng.<\/span><\/li><li style=\"font-weight: 400;\" aria-level=\"1\"><span style=\"font-weight: 400;\">Ng\u01b0\u1eddi tr\u1ebb tu\u1ed5i kh\u00f4ng c\u00f3 nhi\u1ec1u da ch\u00f9ng, b\u1ecdng m\u1ee1.<\/span><\/li><li style=\"font-weight: 400;\" aria-level=\"1\"><span style=\"font-weight: 400;\">Ng\u01b0\u1eddi c\u00f3 m\u00ed m\u1eaft kh\u00f4ng b\u1ecb s\u1ee5p do d\u01b0 da.<\/span><\/li><li style=\"font-weight: 400;\" aria-level=\"1\"><span style=\"font-weight: 400;\">Ng\u01b0\u1eddi mong mu\u1ed1n s\u1edf h\u1eefu \u0111\u00f4i m\u1eaft hai m\u00ed c\u00f3 h\u1ed3n v\u00e0 thu h\u00fat nhanh ch\u00f3ng.<\/span><\/li><\/ul><h3><b>2. \u01afu \u0111i\u1ec3m v\u01b0\u1ee3t tr\u1ed9i c\u1ee7a k\u1ef9 thu\u1eadt Nh\u1ea5n m\u00ed H\u00e0n Qu\u1ed1c t\u1ea1i Doctor Beauty Center<\/b><\/h3><p><span style=\"font-weight: 400;\">Theo c\u00e1c chuy\u00ean gia th\u1ea9m m\u1ef9 nh\u1eadn \u0111\u1ecbnh, ph\u01b0\u01a1ng ph\u00e1p nh\u1ea5n m\u00ed c\u00f3 \u0111\u1ed9 an to\u00e0n v\u00e0 hi\u1ec7u qu\u1ea3 cao. Ph\u01b0\u01a1ng ph\u00e1p ho\u00e0n to\u00e0n n\u00f3i kh\u00f4ng v\u1edbi dao k\u00e9o, kh\u00f4ng b\u00f3c t\u00e1ch v\u00e0 h\u1ea1n ch\u1ebf t\u1ed1i \u0111a x\u00e2m l\u1ea5n &#8230; C\u00f3 th\u1ec3 n\u00f3i, \u0111\u00e2y l\u00e0 ph\u01b0\u01a1ng ph\u00e1p gi\u00fap b\u1ea1n c\u00f3 \u0111\u01b0\u1ee3c \u0111\u00f4i m\u1eaft b\u1ed3 c\u00e2u \u0111\u1eb9p tuy\u1ec7t m\u1ef9.<\/span><\/p><p><span style=\"font-weight: 400;\">T\u1ea1i Doctor Beauty Center, nh\u1ea5n m\u00ed H\u00e0n Qu\u1ed1c l\u00e0 s\u1ef1 k\u1ebft h\u1ee3p gi\u1eefa c\u00f4ng ngh\u1ec7 l\u00e0m \u0111\u1eb9p hi\u1ec7n \u0111\u1ea1i c\u00f9ng s\u1ef1 ch\u1ec9n chu v\u00e0 kh\u00e9o l\u00e9o trong tay ngh\u1ec1 c\u1ee7a b\u00e1c s\u0129 th\u1ef1c hi\u1ec7n. Khi \u0111\u00f3, nh\u1eefng \u01b0u \u0111i\u1ec3m c\u1ee7a ph\u01b0\u01a1ng ph\u00e1p n\u00e0y tr\u1edf n\u00ean s\u00e1ng gi\u00e1 h\u01a1n bao gi\u1edd h\u1ebft.<\/span><\/p><h3><i><span style=\"font-weight: 400;\">2.1. T\u1ef7 l\u1ec7 \u0111\u01b0\u1eddng m\u00ed chu\u1ea9n v\u00e0 \u0111\u1eb9p t\u1ef1 nhi\u00ean<\/span><\/i><\/h3><p><span style=\"font-weight: 400;\">T\u00f9y v\u00e0o t\u00ecnh tr\u1ea1ng m\u1eaft, kh\u00e1ch h\u00e0ng s\u1ebd \u0111\u01b0\u1ee3c B\u00e1c s\u0129 V\u0129nh Nh\u00e2n tr\u1ef1c ti\u1ebfp t\u01b0 v\u1ea5n v\u00e0 th\u0103m kh\u00e1m. D\u1ef1a v\u00e0o t\u1ed5ng th\u1ec3 g\u01b0\u01a1ng m\u1eb7t, b\u00e1c s\u0129 s\u1ebd \u0111o l\u01b0\u1eddng v\u00e0 v\u1ebd \u0111\u01b0\u1eddng m\u00ed m\u1eaft tr\u01b0\u1edbc khi nh\u1ea5n m\u00ed. \u0110i\u1ec1u n\u00e0y gi\u00fap t\u1ea1o n\u00ean s\u1ef1 h\u00e0i h\u00f2a gi\u1eefa m\u1eaft v\u00e0 khu\u00f4n m\u1eb7t, gi\u00fap \u00e1nh m\u1eaft nh\u00ecn c\u00f3 h\u1ed3n v\u00e0 thu h\u00fat h\u01a1n.<\/span><\/p><h3><i><span style=\"font-weight: 400;\">2.2. Kh\u00f4ng ph\u1eabu thu\u1eadt dao k\u00e9o, kh\u00f4ng \u0111\u1ec3 l\u1ea1i s\u1eb9o<\/span><\/i><\/h3><p><span style=\"font-weight: 400;\">Ph\u01b0\u01a1ng ph\u00e1p n\u00e0y kh\u00f4ng \u0111\u00f2i h\u1ecfi can thi\u1ec7p s\u00e2u b\u1eb1ng dao k\u00e9o, nh\u01b0ng c\u1ea7n ph\u1ea3i c\u00f3 s\u1ef1 t\u1ec9 m\u1ec9 trong qu\u00e1 tr\u00ecnh th\u1ef1c hi\u1ec7n. \u0110\u1ec3 t\u1ea1o n\u1ebfp m\u00ed b\u1ec1n \u0111\u1eb9p, b\u00e1c s\u0129 Nh\u00e2n s\u1ebd \u0111\u00e1nh d\u1ea5u t\u1eebng \u0111i\u1ec3m tr\u00ean m\u00ed m\u1eaft c\u1ea7n ch\u1ec9nh. Qu\u00e1 tr\u00ecnh n\u00e0y h\u1ea1n ch\u1ebf t\u1ed1i \u0111a x\u00e2m l\u1ea5n, gi\u00fap h\u00ecnh th\u00e0nh n\u1ebfp m\u00ed m\u1edbi r\u00f5 n\u00e9t v\u00e0 \u0111\u1eb9p t\u1ef1 nhi\u00ean. \u0110\u1eb7c bi\u1ec7t, nh\u1ea5n m\u00ed H\u00e0n Qu\u1ed1c ho\u00e0n to\u00e0n kh\u00f4ng \u0111\u1ec3 l\u1ea1i s\u1eb9o hay di ch\u1ee9ng v\u1ec1 sau!<\/span><\/p><h3><i><span style=\"font-weight: 400;\">2.3. N\u1ebfp m\u00ed duy tr\u00ec l\u00e2u d\u00e0i theo th\u1eddi gian<\/span><\/i><\/h3><p><span style=\"font-weight: 400;\">Hi\u1ec7u qu\u1ea3 l\u00e2u b\u1ec1n ch\u00ednh l\u00e0 \u0111i\u1ec1u m\u00e0 ph\u00e1i \u0111\u1eb9p lu\u00f4n mong ch\u1edd. V\u1edbi nh\u1ea5n m\u00ed H\u00e0n Qu\u1ed1c, ch\u1ec9 th\u1ea9m m\u1ef9 \u0111\u01b0\u1ee3c gi\u1ea5u v\u00e0o trong n\u00ean \u0111\u01b0\u1eddng m\u00ed v\u00f4 c\u00f9ng m\u1ec1m m\u1ea1i. H\u01a1n n\u1eefa, \u00e1nh nh\u00ecn tr\u1edf n\u00ean s\u1eafc s\u1ea3o v\u00e0 t\u1ef1 nhi\u00ean h\u01a1n, v\u00e0 tuy\u1ec7t nhi\u00ean kh\u00f4ng \u0111\u1ec3 l\u1ed9 b\u1ea5t k\u1ef3 d\u1ea5u v\u1ebft th\u1ea9m m\u1ef9 n\u00e0o.<\/span><\/p><h3><i><span style=\"font-weight: 400;\">2.4. Kh\u00f4ng c\u1ea7n ngh\u1ec9 d\u01b0\u1ee1ng<\/span><\/i><\/h3><p><span style=\"font-weight: 400;\">N\u00f3i kh\u00f4ng v\u1edbi dao k\u00e9o v\u00e0 x\u00e2m l\u1ea5n &#8230; nh\u1ea5n m\u00ed H\u00e0n Qu\u1ed1c h\u1ea1n ch\u1ebf t\u1ed1i \u0111a vi\u1ec7c ch\u1ea3y m\u00e1u hay \u0111au \u0111\u1edbn trong su\u1ed1t qu\u00e1 tr\u00ecnh th\u1ef1c hi\u1ec7n, c\u0169ng nh\u01b0 sau khi ho\u00e0n th\u00e0nh k\u1ef9 thu\u1eadt. Do \u0111\u00f3 kh\u00e1ch h\u00e0ng c\u00f3 th\u1ec3 y\u00ean t\u00e2m tr\u1edf v\u1ec1 cu\u1ed9c s\u1ed1ng th\u01b0\u1eddng ng\u00e0y sau khi tr\u1ea3i qua nh\u1ea5n m\u00ed. Kh\u00f4ng c\u1ea7n ngh\u1ec9 d\u01b0\u1ee1ng ch\u00ednh l\u00e0 \u0111i\u1ec3m m\u1ea1nh c\u1ee7a ph\u01b0\u01a1ng ph\u00e1p n\u00e0y. Sau 3-5 ng\u00e0y, m\u00ed m\u1eaft c\u1ee7a b\u1ea1n s\u1ebd h\u1ebft s\u01b0ng v\u00e0 tr\u1edf v\u1ec1 tr\u1ea1ng th\u00e1i b\u00ecnh th\u01b0\u1eddng.<\/span><\/p><p><span style=\"font-weight: 400;\">V\u1edbi c\u00f4ng ngh\u1ec7 nh\u1ea5n m\u00ed H\u00e0n Qu\u1ed1c hi\u1ec7n \u0111\u1ea1i, vi\u1ec7c t\u00e2n trang nhan s\u1eafc c\u1ee7a c\u00e1c ch\u1ecb em kh\u00f4ng bao gi\u1edd l\u00e0 kh\u00f3. Ch\u1ec9 v\u1edbi 30 ph\u00fat th\u1ef1c hi\u1ec7n, ph\u00e1i \u0111\u1eb9p s\u1ebd s\u1edf h\u1eefu m\u1ed9t \u0111\u00f4i m\u1eaft b\u1ed3 c\u00e2u to tr\u00f2n, \u0111\u1eb9p t\u1ef1 nhi\u00ean v\u00e0 ho\u00e0n to\u00e0n thu h\u00fat m\u1ecdi \u00e1nh nh\u00ecn.<\/span><\/p><p><span style=\"font-weight: 400;\">B\u1ea1n ngh\u0129 sao v\u1ec1 k\u1ef9 thu\u1eadt nh\u1ea5n m\u00ed H\u00e0n Qu\u1ed1c n\u00e0y? H\u00e3y cho Doctor Beauty Center bi\u1ebft c\u1ea3m ngh\u0129 v\u1edbi nh\u00e9!<\/span><\/p><h3><strong>Nh\u1eefng li\u1ec7u ph\u00e1p l\u00e0m \u0111\u1eb9p hi\u1ec7u qu\u1ea3 m\u00e0 b\u1ea1n kh\u00f4ng th\u1ec3 b\u1ecf qua:<\/strong><\/h3><ul><li style=\"font-weight: 400;\" aria-level=\"1\"><a href=\"https:\/\/drharvard.vn\/vi\/thu-gon-canh-mui\/\"><span style=\"font-weight: 400;\">Thu g\u1ecdn c\u00e1nh m\u0169i<\/span><\/a><\/li><li style=\"font-weight: 400;\" aria-level=\"1\"><a href=\"https:\/\/drharvard.vn\/vi\/cong-nghe-tre-hoa-da-hifu\/\"><span style=\"font-weight: 400;\">Tr\u1ebb h\u00f3a da c\u00f4ng ngh\u1ec7 HIFU<\/span><\/a><\/li><li style=\"font-weight: 400;\" aria-level=\"1\"><a href=\"https:\/\/drharvard.vn\/vi\/cat-mat-hai-mi-eyes-beauty\/\"><span style=\"font-weight: 400;\">C\u1eaft m\u1eaft hai m\u00ed Eyes Beauty<\/span><\/a><\/li><li style=\"font-weight: 400;\" aria-level=\"1\"><a href=\"https:\/\/drharvard.vn\/vi\/phau-thuat-nang-mui-s-line\/\"><span style=\"font-weight: 400;\">Ph\u1eabu thu\u1eadt n\u00e2ng m\u0169i Sline<\/span><\/a><\/li><\/ul>\t\t\t\t\t\t\t\t<\/div>\n\t\t\t\t<\/div>\n\t\t\t\t\t<\/div>\n\t\t<\/div>\n\t\t\t\t\t<\/div>\n\t\t<\/section>\n\t\t\t\t<\/div>","protected":false},"excerpt":{"rendered":"<p>T\u1eeb l\u00e2u \u0111\u00f4i m\u1eaft hai m\u00ed to tr\u00f2n v\u1eabn lu\u00f4n \u0111\u01b0\u1ee3c xem l\u00e0 ti\u00eau chu\u1ea9n s\u1eafc \u0111\u1eb9p c\u1ee7a ph\u1ee5 n\u1eef. C\u0169ng ch\u00ednh v\u00ec th\u1ebf, s\u1edf h\u1eefu \u0111\u01b0\u1ee3c m\u1ed9t &#8220;c\u1eeda s\u1ed5 t\u00e2m h\u1ed3n&#8221; thu h\u00fat lu\u00f4n l\u00e0 \u0111i\u1ec1u khi\u1ebfn ph\u00e1i \u0111\u1eb9p lo l\u1eafng nh\u1ea5t. M\u1ecdi ng\u01b0\u1eddi th\u01b0\u1eddng ngh\u0129 r\u1eb1ng, t\u1eeb m\u00ed l\u00f3t, m\u1eaft m\u1ed9t m\u00ed m\u00e0 [&hellip;]<\/p>","protected":false},"author":2,"featured_media":2945,"parent":1854,"menu_order":0,"comment_status":"closed","ping_status":"closed","template":"","meta":{"footnotes":""},"class_list":["post-2954","page","type-page","status-publish","has-post-thumbnail","hentry"],"_links":{"self":[{"href":"https:\/\/drharvard.vn\/vi\/wp-json\/wp\/v2\/pages\/2954","targetHints":{"allow":["GET"]}}],"collection":[{"href":"https:\/\/drharvard.vn\/vi\/wp-json\/wp\/v2\/pages"}],"about":[{"href":"https:\/\/drharvard.vn\/vi\/wp-json\/wp\/v2\/types\/page"}],"author":[{"embeddable":true,"href":"https:\/\/drharvard.vn\/vi\/wp-json\/wp\/v2\/users\/2"}],"replies":[{"embeddable":true,"href":"https:\/\/drharvard.vn\/vi\/wp-json\/wp\/v2\/comments?post=2954"}],"version-history":[{"count":0,"href":"https:\/\/drharvard.vn\/vi\/wp-json\/wp\/v2\/pages\/2954\/revisions"}],"up":[{"embeddable":true,"href":"https:\/\/drharvard.vn\/vi\/wp-json\/wp\/v2\/pages\/1854"}],"wp:featuredmedia":[{"embeddable":true,"href":"https:\/\/drharvard.vn\/vi\/wp-json\/wp\/v2\/media\/2945"}],"wp:attachment":[{"href":"https:\/\/drharvard.vn\/vi\/wp-json\/wp\/v2\/media?parent=2954"}],"curies":[{"name":"wp","href":"https:\/\/api.w.org\/{rel}","templated":true}]}}