{"id":2913,"date":"2021-06-17T09:31:12","date_gmt":"2021-06-17T09:31:12","guid":{"rendered":"https:\/\/drharvard.vn\/?page_id=2913"},"modified":"2025-04-04T20:32:57","modified_gmt":"2025-04-04T13:32:57","slug":"thu-gon-canh-mui","status":"publish","type":"page","link":"https:\/\/drharvard.vn\/vi\/phau-thuat-tham-my\/thu-gon-canh-mui\/","title":{"rendered":"Nostril reduction surgery"},"content":{"rendered":"<div data-elementor-type=\"wp-page\" data-elementor-id=\"2913\" class=\"elementor elementor-2913\">\n\t\t\t\t\t\t<section class=\"elementor-section elementor-top-section elementor-element elementor-element-75269020 elementor-section-boxed elementor-section-height-default elementor-section-height-default\" data-id=\"75269020\" data-element_type=\"section\">\n\t\t\t\t\t\t<div class=\"elementor-container elementor-column-gap-default\">\n\t\t\t\t\t<div class=\"elementor-column elementor-col-100 elementor-top-column elementor-element elementor-element-1c6814d\" data-id=\"1c6814d\" data-element_type=\"column\">\n\t\t\t<div class=\"elementor-widget-wrap elementor-element-populated\">\n\t\t\t\t\t\t<div class=\"elementor-element elementor-element-4bc32a47 elementor-widget elementor-widget-text-editor\" data-id=\"4bc32a47\" data-element_type=\"widget\" data-widget_type=\"text-editor.default\">\n\t\t\t\t<div class=\"elementor-widget-container\">\n\t\t\t\t\t\t\t\t\t\u201cT\u00f4i c\u00f3 d\u00e1ng m\u0169i cao, nh\u01b0ng l\u1ea1i to b\u00e8 g\u00e2y x\u1ea5u g\u01b0\u01a1ng m\u1eb7t, ph\u1ea3i l\u00e0m th\u1ebf n\u00e0o \u0111\u00e2y?\u201d\r\n\r\nM\u0169i c\u1ee7a ch\u00fang ta lu\u00f4n n\u1eb1m \u1edf v\u1ecb tr\u00ed trung t\u00e2m c\u1ee7a khu\u00f4n m\u1eb7t. \u0110\u1ed1i v\u1edbi ng\u01b0\u1eddi Vi\u1ec7t v\u00e0 ng\u01b0\u1eddi \u00c1 \u0110\u00f4ng n\u00f3i chung, c\u00e1nh m\u0169i th\u01b0\u1eddng to v\u00e0 b\u00e8. \u0110i\u1ec1u n\u00e0y khi\u1ebfn cho g\u01b0\u01a1ng m\u1eb7t tr\u1edf n\u00ean b\u1ea5t c\u00e2n x\u1ee9ng v\u00e0 t\u1ed5ng th\u1ec3 tr\u1edf n\u00ean k\u00e9m thu h\u00fat. V\u1eady l\u00e0m th\u1ebf n\u00e0o \u0111\u1ec3 gi\u1ea3i t\u1ecfa n\u1ed7i lo g\u01b0\u01a1ng m\u1eb7t k\u00e9m xinh?\r\n\r\nDoctor Beauty Center s\u1ebd gi\u1edbi thi\u1ec7u \u0111\u1ebfn b\u1ea1n ph\u01b0\u01a1ng ph\u00e1p thu g\u1ecdn c\u00e1nh m\u0169i \u0111\u1eb7c bi\u1ec7t. \u0110\u00e2y l\u00e0 ph\u01b0\u01a1ng ph\u00e1p lu\u00f4n \u0111\u01b0\u1ee3c \u0111\u00e1nh gi\u00e1 cao b\u1edfi kh\u1ea3 n\u0103ng t\u1ea1o h\u00ecnh c\u00f9ng v\u1edbi hi\u1ec7u qu\u1ea3 l\u00e2u d\u00e0i m\u00e0 n\u00f3 mang l\u1ea1i. H\u00e3y theo d\u00f5i \u0111\u1ebfn h\u1ebft b\u00e0i vi\u1ebft nh\u00e9!\r\n<h3><b>1. Ph\u1eabu thu\u1eadt thu g\u1ecdn c\u00e1nh m\u0169i l\u00e0 g\u00ec?<\/b><\/h3>\r\nThu g\u1ecdn c\u00e1nh m\u0169i l\u00e0 vi\u1ec7c t\u00e1c \u0111\u1ed9ng v\u1ec1 v\u00f9ng m\u0169i c\u1ea7n ch\u1ec9nh s\u1eeda, c\u1eaft b\u1ecf m\u1ed9t ph\u1ea7n c\u00e1nh m\u0169i r\u1ed3i kh\u00e2u l\u1ea1i. \u0110i\u1ec1u n\u00e0y gi\u00fap cho d\u00e1ng m\u0169i kh\u00f4ng c\u00f2n to b\u00e8 v\u00e0 r\u1ea5t thu h\u00fat. K\u1ef9 thu\u1eadt thu nh\u1ecf c\u00e1nh m\u0169i n\u00e0y \u0111\u00f2i h\u1ecfi s\u1ef1 kh\u00e9o tay v\u00e0 t\u1ec9 m\u1ec9 \u1edf ng\u01b0\u1eddi th\u1ef1c hi\u1ec7n. Do \u0111\u00f3, n\u1ebfu c\u0103n \u0111o thi\u1ebfu ch\u00ednh x\u00e1c, c\u00e1nh m\u0169i s\u1ebd tr\u1edf n\u00ean nh\u1ecf h\u1eb9p, hi\u1ec7u qu\u1ea3 s\u1ebd kh\u00f3 \u0111\u1ea1t \u0111\u01b0\u1ee3c nh\u01b0 mong mu\u1ed1n ban \u0111\u1ea7u.\r\n\r\n\u0110\u00e2y l\u00e0 m\u1ed9t ph\u01b0\u01a1ng ph\u00e1p l\u00e0m \u0111\u1eb9p r\u1ea5t \u0111\u01b0\u1ee3c \u01b0a chu\u1ed9ng hi\u1ec7n nay. Thu g\u1ecdn c\u00e1nh m\u0169i ho\u00e0n to\u00e0n kh\u00f4ng \u0111\u1ec3 l\u1ea1i s\u1eb9o v\u00e0 c\u00f3 kh\u1ea3 n\u0103ng c\u1ea3i thi\u1ec7n d\u00e1ng m\u0169i t\u1ee9c th\u00ec. V\u00ec th\u1ebf, \u0111\u00e2y \u0111\u01b0\u1ee3c xem l\u00e0 ph\u01b0\u01a1ng ph\u00e1p ho\u00e0n h\u1ea3o lu\u00f4n \u0111\u01b0\u1ee3c c\u00e1c b\u00e1c s\u0129 v\u00e0 kh\u00e1ch h\u00e0ng tin d\u00f9ng. Tuy ch\u1ec9 l\u00e0 m\u1ed9t ti\u1ec3u ph\u1eabu nh\u1ecf, nh\u01b0ng hi\u1ec7u qu\u1ea3 \u0111\u1ea1t \u0111\u01b0\u1ee3c r\u1ea5t tuy\u1ec7t v\u1eddi, t\u01b0\u01a1ng t\u1ef1 nh\u01b0 c\u00e1c h\u00ecnh th\u1ee9c ph\u1eabu thu\u1eadt n\u00e2ng m\u0169i to\u00e0n di\u1ec7n kh\u00e1c.\r\n<h3><b>2. Hai c\u00e1ch thu g\u1ecdn c\u00e1nh m\u0169i ph\u1ed5 bi\u1ebfn<\/b><\/h3>\r\nPh\u1eabu thu\u1eadt thu nh\u1ecf c\u00e1nh m\u0169i \u0111\u01b0\u1ee3c chia th\u00e0nh hai d\u1ea1ng, d\u1ef1a tr\u00ean t\u00ecnh tr\u1ea1ng c\u1ee7a c\u00e1nh m\u0169i c\u1ea7n ch\u1ec9nh s\u1eeda.\r\n<h3><i>2.1. Cu\u1ed9n c\u00e1nh m\u0169i<\/i><\/h3>\r\nK\u1ef9 thu\u1eadt n\u00e0y d\u00e0nh cho nh\u1eefng m\u0169i c\u00f3 tr\u01b0\u1eddng m\u0169i kh\u00f4ng qu\u00e1 to, ph\u1ea7n c\u00e1nh m\u0169i b\u00e8 ngang v\u00e0 da m\u1ecfng, \u0111\u1ed3ng th\u1eddi c\u00f3 l\u1ed7 m\u0169i to. L\u00fac n\u00e0y, b\u00e1c s\u0129 s\u1ebd ti\u1ebfn h\u00e0nh cu\u1ed9n \u1edf ch\u00e2n m\u0169i v\u00e0o trong theo m\u1ed9t t\u1ef7 l\u1ec7 nh\u1ea5t \u0111\u1ecbnh. \u0110i\u1ec1u n\u00e0y s\u1ebd gi\u00fap cho m\u0169i nh\u1ecf l\u1ea1i, \u0111\u1ed3ng th\u1eddi t\u1ea1o cho l\u1ed7 m\u0169i c\u00f3 h\u00ecnh h\u1ea1t chanh r\u1ea5t duy\u00ean d\u00e1ng.\r\n<h3><i>2.2. C\u1eaft c\u00e1nh m\u0169i<\/i><\/h3>\r\n\u1ede k\u1ef9 thu\u1eadt c\u1eaft c\u00e1nh m\u0169i n\u00e0y, ng\u01b0\u1eddi c\u00f3 c\u00e1nh m\u0169i r\u1ed9ng, da c\u00e1nh m\u0169i d\u00e0y s\u1ebd r\u1ea5t ph\u00f9 h\u1ee3p. C\u00f3 th\u1ec3 th\u1ea5y, k\u1ef9 thu\u1eadt n\u00e0y gi\u00fap lo\u1ea1i b\u1ecf ph\u1ea7n c\u00e1nh \u1edf ch\u00e2n m\u0169i v\u1edbi m\u1ed9t t\u1ef7 l\u1ec7 nh\u1ea5t \u0111\u1ecbnh, nh\u1eb1m gi\u00fap c\u00e1nh m\u0169i thon g\u1ecdn h\u01a1n. Ngo\u00e0i ra, c\u1eaft c\u00e1nh m\u0169i c\u00f2n t\u1ea1o th\u00eam l\u1ed7 m\u0169i h\u1ea1t chanh r\u1ea5t thu h\u00fat.\r\n<h3><b>3. Ph\u1eabu thu\u1eadt thu g\u1ecdn c\u00e1nh m\u0169i tuy\u1ec7t v\u1eddi th\u1ebf n\u00e0o?<\/b><\/h3>\r\nT\u1ea1i Doctor Beauty Center, ph\u1eabu thu\u1eadt thu nh\u1ecf c\u00e1nh m\u0169i \u0111\u01b0\u1ee3c \u0111\u00e1nh gi\u00e1 cao nh\u1edd c\u00e1c \u01b0u \u0111i\u1ec3m v\u01b0\u1ee3t tr\u1ed9i sau:\r\n<ul>\r\n \t<li aria-level=\"1\">T\u1ea1o h\u00ecnh c\u00e1nh m\u0169i \u0111\u1eb9p t\u1ef1 nhi\u00ean, h\u00e0i h\u00f2a v\u1edbi g\u01b0\u01a1ng m\u1eb7t.<\/li>\r\n \t<li aria-level=\"1\">D\u00e1ng m\u0169i thon g\u1ecdn v\u00e0 m\u1ec1m m\u1ea1i, hi\u1ec7u qu\u1ea3 l\u00e2u d\u00e0i theo th\u1eddi gian.<\/li>\r\n \t<li aria-level=\"1\">Ho\u00e0n to\u00e0n kh\u00f4ng g\u00e2y bi\u1ebfn ch\u1ee9ng, kh\u00f4ng \u0111\u1ec3 l\u1ea1i s\u1eb9o.<\/li>\r\n \t<li aria-level=\"1\">Quy tr\u00ecnh nh\u1eb9 nh\u00e0ng, kh\u00f4ng \u0111au, th\u1eddi gian h\u1ed3i ph\u1ee5c nhanh ch\u00f3ng.<\/li>\r\n<\/ul>\r\nTuy ch\u1ec9 l\u00e0 ti\u1ec3u ph\u1eabu nh\u1ecf, kh\u00e1ch h\u00e0ng \u0111\u1ebfn Doctor Beauty Center \u0111\u1ec1u s\u1ebd \u0111\u01b0\u1ee3c th\u0103m kh\u00e1m v\u00e0 t\u01b0 v\u1ea5n tr\u01b0\u1edbc khi ti\u1ebfn h\u00e0nh. B\u00e1c s\u0129 V\u0129nh Nh\u00e2n \u2013 chuy\u00ean khoa th\u1ea9m m\u1ef9 s\u1ebd tr\u1ef1c ti\u1ebfp th\u1ef1c hi\u1ec7n ph\u1eabu thu\u1eadt thu g\u1ecdn c\u00e1nh m\u0169i. Kh\u00f4ng ch\u1ec9 v\u1eady, kh\u00e1ch h\u00e0ng s\u1ebd \u0111\u01b0\u1ee3c ch\u0103m s\u00f3c t\u1eadn t\u00e2m sau th\u1eddi gian ti\u1ec3u ph\u1eabu. \u0110i\u1ec1u n\u00e0y nh\u1eb1m gi\u00fap kh\u00e1ch h\u00e0ng c\u00f3 \u0111\u01b0\u1ee3c m\u1ed9t v\u1ebb \u0111\u1eb9p ho\u00e0n m\u1ef9 nh\u1ea5t.\r\n\r\nVi\u1ec7c t\u00ecm \u0111\u01b0\u1ee3c n\u01a1i \u0111\u1ec3 c\u1ea3i thi\u1ec7n g\u01b0\u01a1ng m\u1eb7t l\u00e0 d\u1ec5 d\u00e0ng, nh\u01b0ng li\u1ec7u n\u01a1i \u0111\u00f3 c\u00f3 \u0111\u00e1ng \u0111\u1ec3 b\u1ea1n trao g\u1eedi ni\u1ec1m tin hay kh\u00f4ng th\u00ec l\u1ea1i r\u1ea5t kh\u00f3. V\u1edbi Doctor Beauty Center, n\u00e9t \u0111\u1eb9p \u201cv\u0129nh c\u1eedu theo th\u1eddi gian\u201d ch\u00ednh l\u00e0 ph\u01b0\u01a1ng ch\u00e2m xuy\u00ean su\u1ed1t. T\u1ea1i \u0111\u00e2y, b\u1ea1n kh\u00f4ng ch\u1ec9 \u0111\u01b0\u1ee3c t\u01b0 v\u1ea5n th\u0103m kh\u00e1m, m\u00e0 c\u00f2n \u0111\u01b0\u1ee3c tr\u1ea3i nghi\u1ec7m nhi\u1ec1u d\u1ecbch v\u1ee5 l\u00e0m \u0111\u1eb9p v\u1edbi chi ph\u00ed t\u1ed1t nh\u1ea5t th\u1ecb tr\u01b0\u1eddng hi\u1ec7n nay.\r\n\r\n&nbsp;\r\n<h3><b>Nh\u1eefng li\u1ec7u ph\u00e1p l\u00e0m \u0111\u1eb9p hi\u1ec7u qu\u1ea3 m\u00e0 b\u1ea1n kh\u00f4ng th\u1ec3 b\u1ecf qua:<\/b><\/h3>\r\n<ul>\r\n \t<li><a href=\"https:\/\/drharvard.vn\/vi\/tre-hoa-da-bang-lieu-phap-prp-2\/\">\u1ee8ng d\u1ee5ng PRP trong tr\u1ebb h\u00f3a da<\/a><\/li>\r\n \t<li><a href=\"https:\/\/drharvard.vn\/vi\/cong-nghe-tre-hoa-da-hifu\/\">Tr\u1ebb h\u00f3a da c\u00f4ng ngh\u1ec7 HIFU<\/a><\/li>\r\n \t<li><a href=\"https:\/\/drharvard.vn\/vi\/cat-mat-hai-mi-eyes-beauty\/\">C\u1eaft m\u1eaft hai m\u00ed<\/a><\/li>\r\n \t<li><a href=\"https:\/\/drharvard.vn\/vi\/nang-cung-chan-may\/\">N\u00e2ng cung ch\u00e2n m\u00e0y<\/a><\/li>\r\n<\/ul>\t\t\t\t\t\t\t\t<\/div>\n\t\t\t\t<\/div>\n\t\t\t\t\t<\/div>\n\t\t<\/div>\n\t\t\t\t\t<\/div>\n\t\t<\/section>\n\t\t\t\t<\/div>","protected":false},"excerpt":{"rendered":"<p>\u201cT\u00f4i c\u00f3 d\u00e1ng m\u0169i cao, nh\u01b0ng l\u1ea1i to b\u00e8 g\u00e2y x\u1ea5u g\u01b0\u01a1ng m\u1eb7t, ph\u1ea3i l\u00e0m th\u1ebf n\u00e0o \u0111\u00e2y?\u201d M\u0169i c\u1ee7a ch\u00fang ta lu\u00f4n n\u1eb1m \u1edf v\u1ecb tr\u00ed trung t\u00e2m c\u1ee7a khu\u00f4n m\u1eb7t. \u0110\u1ed1i v\u1edbi ng\u01b0\u1eddi Vi\u1ec7t v\u00e0 ng\u01b0\u1eddi \u00c1 \u0110\u00f4ng n\u00f3i chung, c\u00e1nh m\u0169i th\u01b0\u1eddng to v\u00e0 b\u00e8. \u0110i\u1ec1u n\u00e0y khi\u1ebfn cho g\u01b0\u01a1ng m\u1eb7t tr\u1edf [&hellip;]<\/p>","protected":false},"author":2,"featured_media":2903,"parent":1854,"menu_order":0,"comment_status":"closed","ping_status":"closed","template":"","meta":{"footnotes":""},"class_list":["post-2913","page","type-page","status-publish","has-post-thumbnail","hentry"],"_links":{"self":[{"href":"https:\/\/drharvard.vn\/vi\/wp-json\/wp\/v2\/pages\/2913","targetHints":{"allow":["GET"]}}],"collection":[{"href":"https:\/\/drharvard.vn\/vi\/wp-json\/wp\/v2\/pages"}],"about":[{"href":"https:\/\/drharvard.vn\/vi\/wp-json\/wp\/v2\/types\/page"}],"author":[{"embeddable":true,"href":"https:\/\/drharvard.vn\/vi\/wp-json\/wp\/v2\/users\/2"}],"replies":[{"embeddable":true,"href":"https:\/\/drharvard.vn\/vi\/wp-json\/wp\/v2\/comments?post=2913"}],"version-history":[{"count":0,"href":"https:\/\/drharvard.vn\/vi\/wp-json\/wp\/v2\/pages\/2913\/revisions"}],"up":[{"embeddable":true,"href":"https:\/\/drharvard.vn\/vi\/wp-json\/wp\/v2\/pages\/1854"}],"wp:featuredmedia":[{"embeddable":true,"href":"https:\/\/drharvard.vn\/vi\/wp-json\/wp\/v2\/media\/2903"}],"wp:attachment":[{"href":"https:\/\/drharvard.vn\/vi\/wp-json\/wp\/v2\/media?parent=2913"}],"curies":[{"name":"wp","href":"https:\/\/api.w.org\/{rel}","templated":true}]}}