{"id":2911,"date":"2021-06-17T09:29:01","date_gmt":"2021-06-17T09:29:01","guid":{"rendered":"https:\/\/drharvard.vn\/?page_id=2911"},"modified":"2024-01-07T21:28:04","modified_gmt":"2024-01-07T14:28:04","slug":"nang-mui-surgiform","status":"publish","type":"page","link":"https:\/\/drharvard.vn\/vi\/phau-thuat-tham-my\/nang-mui-surgiform\/","title":{"rendered":"N\u00e2ng m\u0169i Surgiform"},"content":{"rendered":"<div data-elementor-type=\"wp-page\" data-elementor-id=\"2911\" class=\"elementor elementor-2911\">\n\t\t\t\t\t\t<section class=\"elementor-section elementor-top-section elementor-element elementor-element-4450b6c7 elementor-section-boxed elementor-section-height-default elementor-section-height-default\" data-id=\"4450b6c7\" data-element_type=\"section\">\n\t\t\t\t\t\t<div class=\"elementor-container elementor-column-gap-default\">\n\t\t\t\t\t<div class=\"elementor-column elementor-col-100 elementor-top-column elementor-element elementor-element-75fe596c\" data-id=\"75fe596c\" data-element_type=\"column\">\n\t\t\t<div class=\"elementor-widget-wrap elementor-element-populated\">\n\t\t\t\t\t\t<div class=\"elementor-element elementor-element-2e487ba6 elementor-widget elementor-widget-text-editor\" data-id=\"2e487ba6\" data-element_type=\"widget\" data-widget_type=\"text-editor.default\">\n\t\t\t\t<div class=\"elementor-widget-container\">\n\t\t\t\t\t\t\t\t\t<p>N\u1ebfu mu\u1ed1n c\u00f3 d\u00e1ng m\u0169i cao thanh tho\u00e1t, c\u00f3 nhi\u1ec1u c\u00e1ch \u0111\u1ec3 thay \u0111\u1ed5i \u0111i\u1ec1u \u0111\u00f3. C\u00f3 th\u1ec3 k\u1ec3 \u0111\u1ebfn n\u00e2ng m\u0169i c\u1ea5u tr\u00fac, n\u00e2ng m\u0169i b\u00e1n c\u1ea5u tr\u00fac, hay n\u00e2ng m\u0169i b\u1ecdc s\u1ee5n l\u00e0 nh\u1eefng ph\u01b0\u01a1ng ph\u00e1p ch\u1ec9nh s\u1eeda d\u00e1ng m\u0169i \u0111\u00e3 \u0111\u01b0\u1ee3c ki\u1ec3m ch\u1ee9ng hi\u1ec7u qu\u1ea3 th\u00f4ng qua nhi\u1ec1u tr\u01b0\u1eddng h\u1ee3p th\u1ea9m m\u1ef9 th\u00e0nh c\u00f4ng. V\u1eady c\u00f2n n\u00e2ng m\u0169i Surgiform l\u00e0 g\u00ec? V\u00ec sao \u0111\u00e2y l\u1ea1i l\u00e0 m\u1ed9t ph\u01b0\u01a1ng ph\u00e1p m\u00e0 nhi\u1ec1u b\u00e1c s\u0129 v\u00e0 kh\u00e1ch h\u00e0ng tin d\u00f9ng? H\u00e3y c\u00f9ng Dr Harvard t\u00ecm hi\u1ec3u nh\u00e9!<\/p><h3><b>1. Ph\u01b0\u01a1ng ph\u00e1p n\u00e2ng m\u0169i Surgiform v\u00e0 \u1ee9ng d\u1ee5ng v\u00e0o t\u1ea1o h\u00ecnh th\u1ea9m m\u1ef9<\/b><\/h3><p>\u0110\u00e2y l\u00e0 ph\u01b0\u01a1ng ph\u00e1p l\u00e0m \u0111\u1eb9p g\u01b0\u01a1ng m\u1eb7t hi\u1ec7u qu\u1ea3 khi \u2013 k\u1ebft qu\u1ea3 sau n\u00e2ng m\u0169i l\u00e0 t\u1ef1 nhi\u00ean, \u0111\u1eb9p l\u00e2u d\u00e0i v\u00e0 b\u1ec1n ch\u1eafc. V\u00ec sao c\u00f3 th\u1ec3 \u0111\u01b0\u1ee3c nh\u01b0 v\u1eady?<\/p><p>Surgiform l\u00e0 m\u1ed9t lo\u1ea1i s\u1ee5n sinh h\u1ecdc chuy\u00ean d\u00f9ng trong th\u1ea9m m\u1ef9 n\u00e2ng m\u0169i. \u0110\u01b0\u1ee3c l\u00e0m t\u1eeb 100% ePTFE \u2013 ch\u1ea5t li\u1ec7u y t\u1ebf ch\u1ebf t\u1ea1o m\u1ea1ch m\u00e1u nh\u00e2n t\u1ea1o, \u0111\u00e2y l\u00e0 lo\u1ea1i s\u1ee5n cao c\u1ea5p nh\u1ea5t \u0111\u01b0\u1ee3c s\u1eed d\u1ee5ng trong t\u1ea1o h\u00ecnh th\u1ea9m m\u1ef9 hi\u1ec7n nay. S\u1ee5n Surgiform \u0111\u01b0\u1ee3c c\u1ea5u t\u1ea1o t\u1eeb h\u00e0ng tri\u1ec7u l\u1ed7 si\u00eau nh\u1ecf, gi\u00fap m\u1ea1ch m\u00e1u len l\u00f5i t\u1ea1o s\u1ef1 g\u1eafn k\u1ebft gi\u1eefa s\u1ee5n v\u00e0 x\u01b0\u01a1ng m\u0169i. \u0110i\u1ec1u n\u00e0y gi\u00fap h\u00ecnh th\u00e0nh n\u00ean m\u1ed9t li\u00ean k\u1ebft b\u1ec1n v\u1eefng.<\/p><p>Ch\u1ea5t li\u1ec7u n\u00e2ng m\u0169i Surgiform \u0111\u01b0\u1ee3c s\u1eed d\u1ee5ng trong ph\u01b0\u01a1ng ph\u00e1p n\u00e2ng m\u0169i c\u1ea5u tr\u00fac. V\u1edbi \u0111\u1eb7c \u0111i\u1ec3m t\u01b0\u01a1ng th\u00edch tuy\u1ec7t \u0111\u1ed1i v\u1edbi c\u01a1 th\u1ec3, s\u1ee5n Surgiform l\u00e0 \u201c\u1ee9ng c\u1eed vi\u00ean\u201d ho\u00e0n h\u1ea3o gi\u00fap t\u1ea1o n\u00ean m\u1ed9t d\u00e1ng m\u0169i \u0111\u1eb9p tuy\u1ec7t m\u1ef9, v\u1edbi hi\u1ec7u qu\u1ea3 l\u00e2u d\u00e0i theo th\u1eddi gian.<\/p><h3><b>2. \u01afu \u0111i\u1ec3m v\u01b0\u1ee3t tr\u1ed9i c\u1ee7a n\u00e2ng m\u0169i Surgiform<\/b><\/h3><p>Ph\u01b0\u01a1ng ph\u00e1p n\u00e2ng m\u0169i b\u1eb1ng s\u1ee5n nh\u00e2n t\u1ea1o r\u1ea5t ph\u1ed5 bi\u1ebfn hi\u1ec7n nay v\u1edbi nhi\u1ec1u \u0111i\u1ec3m m\u1ea1nh sau:<\/p><ul><li aria-level=\"1\">\u0110\u01b0\u1ee3c C\u1ee5c Qu\u1ea3n l\u00fd D\u01b0\u1ee3c ph\u1ea9m v\u00e0 Th\u1ef1c ph\u1ea9m Hoa K\u1ef3 FDA ch\u1ee9ng nh\u1eadn an to\u00e0n v\u00e0 c\u1ea5p ph\u00e9p s\u1eed d\u1ee5ng trong t\u1ea1o h\u00ecnh th\u1ea9m m\u1ef9.<\/li><li aria-level=\"1\">L\u00e0 lo\u1ea1i s\u1ee5n nh\u00e2n t\u1ea1o cao c\u1ea5p nh\u1ea5t hi\u1ec7n nay. S\u1ee5n Surgiform \u0111\u1ea3m b\u1ea3o t\u00ednh th\u1ea9m m\u1ef9 v\u00e0 h\u1ea1n ch\u1ebf t\u1ed1i \u0111a c\u00e1c bi\u1ebfn ch\u1ee9ng sau n\u00e2ng m\u0169i.<\/li><li aria-level=\"1\">L\u00e0 ch\u1ea5t li\u1ec7u nh\u00e2n t\u1ea1o m\u1ec1m, nh\u1eb9 v\u00e0 b\u1ec1n. Surgiform c\u00f3 kh\u1ea3 n\u0103ng ch\u1ecbu l\u1ef1c t\u1ed1t, h\u1ea1n ch\u1ebf \u0111\u01b0\u1ee3c c\u00e1c bi\u1ebfn ch\u1ee9ng sau va ch\u1ea1m ho\u00e0n h\u1ea3o.<\/li><li aria-level=\"1\">\u0110\u01b0\u1ee3c c\u1ea5u th\u00e0nh t\u1eeb nh\u1eefng l\u1ed7 nh\u1ecf liti gi\u00fap l\u01b0u th\u00f4ng m\u00e1u d\u1ec5 d\u00e0ng. Khi \u0111\u00f3, s\u1ee5n s\u1ebd g\u1eafn k\u1ebft v\u1edbi x\u01b0\u01a1ng m\u0169i m\u1ed9t c\u00e1ch th\u1ed1ng nh\u1ea5t. \u0110i\u1ec1u n\u00e0y gi\u00fap h\u1ea1n ch\u1ebf s\u1ef1 di l\u1ec7ch s\u1ed1ng m\u0169i sau n\u00e2ng.<\/li><li aria-level=\"1\">T\u00e1i c\u1ea5u tr\u00fac l\u1ea1i m\u0169i, kh\u1eafc ph\u1ee5c h\u1ea7u h\u1ebft c\u00e1c nh\u01b0\u1ee3c \u0111i\u1ec3m \u1edf m\u0169i l\u00e2u d\u00e0i theo th\u1eddi gian.<\/li><\/ul><h3><b>3. Nh\u1eefng \u0111\u1ed1i t\u01b0\u1ee3ng ho\u00e0n h\u1ea3o v\u1edbi k\u1ef9 thu\u1eadt n\u00e2ng m\u0169i Surgiform<\/b><\/h3><ul><li aria-level=\"1\">Ng\u01b0\u1eddi c\u00f3 s\u1ed1ng m\u0169i th\u1ea5p, g\u1ed3 gh\u1ec1 ho\u1eb7c b\u1ecb cong.<\/li><li aria-level=\"1\">Ng\u01b0\u1eddi c\u00f3 \u0111\u1ea7u m\u0169i th\u00f4, c\u00e1nh m\u0169i to, m\u0169i kh\u00f4ng c\u00e2n \u0111\u1ed1i, ho\u1eb7c c\u00f3 v\u00f9ng da \u0111\u1ea7u m\u0169i qu\u00e1 m\u1ecfng.<\/li><li aria-level=\"1\">Ng\u01b0\u1eddi c\u00f3 d\u1ecb\u00a0 t\u1eadt m\u0169i b\u1ea9m sinh.<\/li><li aria-level=\"1\">Ng\u01b0\u1eddi c\u00f3 m\u0169i bi\u1ebfn d\u1ea1ng do ch\u1ea5n th\u01b0\u01a1ng ho\u1eb7c tai n\u1ea1n.<\/li><li aria-level=\"1\">Ng\u01b0\u1eddi \u0111\u00e3 tr\u1ea3i qua ch\u1ec9nh s\u1eeda m\u0169i nhi\u1ec1u l\u1ea7n nh\u01b0ng v\u1eabn ch\u01b0a nh\u01b0 mong mu\u1ed1n.<\/li><\/ul><h3><b>4. D\u1ecbch v\u1ee5 n\u00e2ng m\u0169i t\u1ea1i Dr Harvard c\u00f3 g\u00ec kh\u00e1c bi\u1ec7t?<\/b><\/h3><p>Tuy vi\u1ec7c th\u1ef1c hi\u1ec7n kh\u00f4ng t\u1ed1n qu\u00e1 nhi\u1ec1u th\u1eddi gian nh\u01b0ng v\u1eabn c\u1ea7n thi\u1ebft ph\u1ea3i c\u00f3 chuy\u00ean m\u00f4n v\u00e0 tay ngh\u1ec1 cao. B\u00ean c\u1ea1nh \u0111\u00f3, s\u1ef1 ch\u1ec9n chu v\u00e0 t\u1eadn t\u00e2m trong qu\u00e1 tr\u00ecnh t\u01b0 v\u1ea5n ch\u00ednh l\u00e0 \u0111i\u1ec1u khi\u1ebfn kh\u00e1ch h\u00e0ng tin t\u01b0\u1edfng \u1edf Dr Harvard Plastic Surgery.<\/p><p>Tr\u01b0\u1edbc khi ti\u1ebfn h\u00e0nh n\u00e2ng m\u0169i, kh\u00e1ch h\u00e0ng s\u1ebd \u0111\u01b0\u1ee3c B\u00e1c s\u0129 V\u0129nh Nh\u00e2n tr\u1ef1c ti\u1ebfp th\u0103m kh\u00e1m v\u00e0 t\u01b0 v\u1ea5n. \u0110i\u1ec1u n\u00e0y gi\u00fap b\u1ea1n hi\u1ec3u r\u00f5 h\u01a1n v\u1ec1 c\u00e1c quy tr\u00ecnh trong su\u1ed1t qu\u00e1 tr\u00ecnh n\u00e2ng. Kh\u00f4ng ch\u1ec9 v\u1eady, ch\u0103m s\u00f3c sau n\u00e2ng m\u0169i v\u1eabn lu\u00f4n l\u00e0 m\u1ed9t \u0111i\u1ec1u quan tr\u1ecdng. V\u1edbi s\u1ef1 h\u01b0\u1edbng d\u1eabn c\u1ee7a B\u00e1c s\u0129 Nh\u00e2n, kh\u00e1ch h\u00e0ng ho\u00e0n to\u00e0n y\u00ean t\u00e2m khi trao tr\u1ecdn ni\u1ec1m tin v\u1ec1 m\u1ed9t d\u00e1ng m\u0169i \u0111\u1eb9p t\u1ea1i Dr Harvard.<\/p><p>S\u1ef1 v\u01b0\u1ee3t tr\u1ed9i trong t\u1ea1o h\u00ecnh th\u1ea9m m\u1ef9 c\u1ee7a k\u1ef9 thu\u1eadt n\u00e2ng m\u0169i Surgiform l\u00e0 kh\u00f4ng th\u1ec3 b\u00e0n c\u00e3i. C\u00f3 th\u1ec3 n\u00f3i, ph\u01b0\u01a1ng ph\u00e1p n\u00e0y ch\u00ednh l\u00e0 c\u00e1ch th\u1ee9c to\u00e0n di\u1ec7n nh\u1ea5t gi\u00fap b\u1ea1n c\u00f3 \u0111\u01b0\u1ee3c m\u1ed9t d\u00e1ng m\u0169i \u0111\u1eb9p, cao thanh tho\u00e1t v\u00e0 \u0111\u00e1p \u1ee9ng \u0111\u01b0\u1ee3c c\u00e1c ti\u00eau chu\u1ea9n nhan s\u1eafc th\u1eddi th\u01b0\u1ee3ng.<\/p><p>V\u1eady b\u1ea1n s\u1ebd ch\u1ecdn ph\u01b0\u01a1ng ph\u00e1p n\u00e2ng m\u0169i Surgiform \u0111\u1ec3 c\u1ea3i thi\u1ec7n nhan s\u1eafc c\u1ee7a m\u00ecnh ch\u1ee9? H\u00e3y cho Dr Harvard bi\u1ebft \u00fd ki\u1ebfn c\u1ee7a b\u1ea1n nh\u00e9!<\/p><h3><b>Nh\u1eefng li\u1ec7u ph\u00e1p l\u00e0m \u0111\u1eb9p hi\u1ec7u qu\u1ea3 m\u00e0 b\u1ea1n kh\u00f4ng th\u1ec3 b\u1ecf qua:<\/b><\/h3><ul><li><a href=\"https:\/\/drharvard.vn\/vi\/phau-thuat-nang-mui-s-line\/\">N\u00e2ng m\u0169i S-Line<\/a><\/li><li><a href=\"https:\/\/drharvard.vn\/vi\/phuong-phap-nang-mui-cau-truc\/\">N\u00e2ng m\u0169i c\u1ea5u tr\u00fac<\/a><\/li><li><a href=\"https:\/\/drharvard.vn\/vi\/tre-hoa-da-bang-lieu-phap-prp-2\/\">\u1ee8ng d\u1ee5ng PRP trong tr\u1ebb h\u00f3a da<\/a><\/li><\/ul>\t\t\t\t\t\t\t\t<\/div>\n\t\t\t\t<\/div>\n\t\t\t\t\t<\/div>\n\t\t<\/div>\n\t\t\t\t\t<\/div>\n\t\t<\/section>\n\t\t\t\t<section class=\"elementor-section elementor-top-section elementor-element elementor-element-ad98473 elementor-section-boxed elementor-section-height-default elementor-section-height-default\" data-id=\"ad98473\" data-element_type=\"section\">\n\t\t\t\t\t\t<div class=\"elementor-container elementor-column-gap-default\">\n\t\t\t\t\t<div class=\"elementor-column elementor-col-100 elementor-top-column elementor-element elementor-element-38eb0f7\" data-id=\"38eb0f7\" data-element_type=\"column\">\n\t\t\t<div class=\"elementor-widget-wrap elementor-element-populated\">\n\t\t\t\t\t\t<div class=\"elementor-element elementor-element-4e014db elementor-widget elementor-widget-video\" data-id=\"4e014db\" data-element_type=\"widget\" data-settings=\"{&quot;youtube_url&quot;:&quot;https:\\\/\\\/www.youtube.com\\\/watch?v=FWgonVw5v40&quot;,&quot;video_type&quot;:&quot;youtube&quot;,&quot;controls&quot;:&quot;yes&quot;}\" data-widget_type=\"video.default\">\n\t\t\t\t<div class=\"elementor-widget-container\">\n\t\t\t\t\t\t\t<div class=\"elementor-wrapper elementor-open-inline\">\n\t\t\t<div class=\"elementor-video\"><\/div>\t\t<\/div>\n\t\t\t\t\t\t<\/div>\n\t\t\t\t<\/div>\n\t\t\t\t\t<\/div>\n\t\t<\/div>\n\t\t\t\t\t<\/div>\n\t\t<\/section>\n\t\t\t\t<\/div>","protected":false},"excerpt":{"rendered":"<p>N\u1ebfu mu\u1ed1n c\u00f3 d\u00e1ng m\u0169i cao thanh tho\u00e1t, c\u00f3 nhi\u1ec1u c\u00e1ch \u0111\u1ec3 thay \u0111\u1ed5i \u0111i\u1ec1u \u0111\u00f3. C\u00f3 th\u1ec3 k\u1ec3 \u0111\u1ebfn n\u00e2ng m\u0169i c\u1ea5u tr\u00fac, n\u00e2ng m\u0169i b\u00e1n c\u1ea5u tr\u00fac, hay n\u00e2ng m\u0169i b\u1ecdc s\u1ee5n l\u00e0 nh\u1eefng ph\u01b0\u01a1ng ph\u00e1p ch\u1ec9nh s\u1eeda d\u00e1ng m\u0169i \u0111\u00e3 \u0111\u01b0\u1ee3c ki\u1ec3m ch\u1ee9ng hi\u1ec7u qu\u1ea3 th\u00f4ng qua nhi\u1ec1u tr\u01b0\u1eddng h\u1ee3p th\u1ea9m m\u1ef9 [&hellip;]<\/p>","protected":false},"author":2,"featured_media":2899,"parent":1854,"menu_order":0,"comment_status":"closed","ping_status":"closed","template":"","meta":{"footnotes":""},"class_list":["post-2911","page","type-page","status-publish","has-post-thumbnail","hentry"],"_links":{"self":[{"href":"https:\/\/drharvard.vn\/vi\/wp-json\/wp\/v2\/pages\/2911","targetHints":{"allow":["GET"]}}],"collection":[{"href":"https:\/\/drharvard.vn\/vi\/wp-json\/wp\/v2\/pages"}],"about":[{"href":"https:\/\/drharvard.vn\/vi\/wp-json\/wp\/v2\/types\/page"}],"author":[{"embeddable":true,"href":"https:\/\/drharvard.vn\/vi\/wp-json\/wp\/v2\/users\/2"}],"replies":[{"embeddable":true,"href":"https:\/\/drharvard.vn\/vi\/wp-json\/wp\/v2\/comments?post=2911"}],"version-history":[{"count":0,"href":"https:\/\/drharvard.vn\/vi\/wp-json\/wp\/v2\/pages\/2911\/revisions"}],"up":[{"embeddable":true,"href":"https:\/\/drharvard.vn\/vi\/wp-json\/wp\/v2\/pages\/1854"}],"wp:featuredmedia":[{"embeddable":true,"href":"https:\/\/drharvard.vn\/vi\/wp-json\/wp\/v2\/media\/2899"}],"wp:attachment":[{"href":"https:\/\/drharvard.vn\/vi\/wp-json\/wp\/v2\/media?parent=2911"}],"curies":[{"name":"wp","href":"https:\/\/api.w.org\/{rel}","templated":true}]}}