{"id":2909,"date":"2021-06-17T09:26:32","date_gmt":"2021-06-17T09:26:32","guid":{"rendered":"https:\/\/drharvard.vn\/?page_id=2909"},"modified":"2025-04-04T20:31:56","modified_gmt":"2025-04-04T13:31:56","slug":"nang-mui-ban-cau-truc-chuan-dang-cao-dep","status":"publish","type":"page","link":"https:\/\/drharvard.vn\/vi\/phau-thuat-tham-my\/nang-mui-ban-cau-truc-chuan-dang-cao-dep\/","title":{"rendered":"Semi-structured nose lift for a high, refined shape"},"content":{"rendered":"<div data-elementor-type=\"wp-page\" data-elementor-id=\"2909\" class=\"elementor elementor-2909\">\n\t\t\t\t\t\t<section class=\"elementor-section elementor-top-section elementor-element elementor-element-48db1e4d elementor-section-boxed elementor-section-height-default elementor-section-height-default\" data-id=\"48db1e4d\" data-element_type=\"section\">\n\t\t\t\t\t\t<div class=\"elementor-container elementor-column-gap-default\">\n\t\t\t\t\t<div class=\"elementor-column elementor-col-100 elementor-top-column elementor-element elementor-element-2a53f79d\" data-id=\"2a53f79d\" data-element_type=\"column\">\n\t\t\t<div class=\"elementor-widget-wrap elementor-element-populated\">\n\t\t\t\t\t\t<div class=\"elementor-element elementor-element-5c2e0e31 elementor-widget elementor-widget-text-editor\" data-id=\"5c2e0e31\" data-element_type=\"widget\" data-widget_type=\"text-editor.default\">\n\t\t\t\t<div class=\"elementor-widget-container\">\n\t\t\t\t\t\t\t\t\t<p>\u0110\u1ed1i v\u1edbi nh\u1eefng ng\u01b0\u1eddi \u0111ang g\u1eb7p khuy\u1ebft \u0111i\u1ec3m v\u1ec1 m\u1ed9t d\u00e1ng m\u0169i l\u1ec7ch, th\u00f4 th\u00ec vi\u1ec7c c\u00f3 \u0111\u01b0\u1ee3c g\u01b0\u01a1ng m\u1eb7t \u01b0a nh\u00ecn v\u1eabn lu\u00f4n l\u00e0 \u01b0u ti\u00ean h\u00e0ng \u0111\u1ea7u. V\u1edbi c\u00f4ng ngh\u1ec7 ti\u00ean ti\u1ebfn nh\u01b0 hi\u1ec7n nay, vi\u1ec7c can thi\u1ec7p \u201cthi\u1ebft k\u1ebf\u201d th\u1ea9m m\u1ef9 kh\u00f4ng c\u00f2n qu\u00e1 kh\u00f3 kh\u0103n. Th\u1ebf nh\u01b0ng, \u0111\u00e2u l\u00e0 ph\u01b0\u01a1ng ph\u00e1p ho\u00e0n h\u1ea3o n\u1ebfu ch\u1ecb em mu\u1ed1n c\u00f3 d\u00e1ng m\u0169i cao chu\u1ea9n th\u1eddi th\u01b0\u1ee3ng?<\/p><p>H\u00e3y c\u00f9ng Doctor Beauty Center t\u00ecm hi\u1ec3u v\u1ec1 ph\u01b0\u01a1ng ph\u00e1p N\u00e2ng m\u0169i b\u00e1n c\u1ea5u tr\u00fac trong b\u00e0i vi\u1ebft n\u00e0y nh\u00e9. B\u1ea1n s\u1ebd kh\u00f4ng mu\u1ed1n b\u1ecf qua n\u1ebfu mu\u1ed1n c\u00f3 d\u00e1ng m\u0169i chu\u1ea9n S-Line v\u00e0 V-Line \u0111\u00e2u \u0111\u1ea5y!<\/p><h3><b>1. N\u00e2ng m\u0169i b\u00e1n c\u1ea5u tr\u00fac l\u00e0 g\u00ec? v\u00e0 kh\u00e1c nhau th\u1ebf n\u00e0o v\u1edbi n\u00e2ng m\u0169i c\u1ea5u tr\u00fac?<\/b><\/h3><p>Hi\u1ec7n nay c\u00f3 hai ph\u01b0\u01a1ng ph\u00e1p n\u00e2ng m\u0169i ph\u1ed5 bi\u1ebfn v\u1edbi hi\u1ec7u qu\u1ea3 th\u1ea9m m\u1ef9 v\u01b0\u1ee3t tr\u1ed9i. \u0110\u00f3 l\u00e0 n\u00e2ng m\u0169i c\u1ea5u tr\u00fac v\u00e0 n\u00e2ng m\u0169i b\u00e1n c\u1ea5u tr\u00fac.<\/p><h3><i>1.1. N\u00e2ng m\u0169i c\u1ea5u tr\u00fac<\/i><\/h3><p>Trong t\u1ea1o h\u00ecnh th\u1ea9m m\u1ef9, n\u00e2ng m\u0169i c\u1ea5u tr\u00fac l\u00e0 m\u1ed9t ph\u01b0\u01a1ng ph\u00e1p ho\u00e0n ch\u1ec9nh \u0111\u1ec3 c\u1ea3i thi\u1ec7n d\u00e1ng m\u0169i \u0111\u1eb9p to\u00e0n di\u1ec7n. B\u1ea5t k\u1ec3 b\u1ea1n \u0111ang c\u00f3 s\u1ed1ng m\u0169i th\u1ea5p, t\u1eb9t, hay b\u1ecb c\u00e1c khuy\u1ebft t\u1eadt v\u1ec1 m\u0169i th\u00ec n\u00e2ng m\u0169i c\u1ea5u tr\u00fac \u0111\u1ea7u c\u00f3 th\u1ec3 gi\u1ea3i quy\u1ebft to\u00e0n di\u1ec7n. \u01afu \u0111i\u1ec3m c\u1ee7a ph\u01b0\u01a1ng ph\u00e1p n\u00e0y \u0111\u1ec1n t\u1eeb vi\u1ec7c k\u1ebft h\u1ee3p s\u1ee5n t\u1ef1 th\u00e2n v\u00e0 s\u1ee5n sinh h\u1ecdc gi\u00fap cho vi\u1ec7c \u0111i\u1ec1u ch\u1ec9nh d\u00e1ng m\u0169i tr\u1edf n\u00ean d\u1ec5 d\u00e0ng h\u01a1n. Tuy nhi\u00ean, chi ph\u00ed th\u1ef1c hi\u1ec7n cao h\u01a1n h\u1eb3n so v\u1edbi c\u00e1c h\u00ecnh th\u1ee9c kh\u00e1c.<\/p><h3><i>1.2. N\u00e2ng m\u0169i b\u00e1n c\u1ea5u tr\u00fac v\u00e0 nh\u1eefng \u01b0u \u0111i\u1ec3m v\u01b0\u1ee3t tr\u1ed9i<\/i><\/h3><p>Trong khi \u0111\u00f3, n\u00e2ng m\u0169i b\u00e1n c\u1ea5u tr\u00fac l\u1ea1i d\u1ec5 d\u00e0ng h\u01a1n r\u1ea5t nhi\u1ec1u. \u0110\u00e2y l\u00e0 ph\u01b0\u01a1ng ph\u00e1p t\u00e1i c\u1ea5u tr\u00fac l\u1ea1i ph\u1ea7n \u0111\u1ea7u m\u0169i c\u1ee7a c\u00e1c d\u00e1ng m\u0169i \u00edt khuy\u1ebft \u0111i\u1ec3m, ch\u1ec9 khi\u1ebfm khuy\u1ebft m\u1ed9t trong nh\u1eefng y\u1ebfu \u0111i\u1ec3m v\u1ec1 s\u1ed1ng m\u0169i, c\u00e1nh m\u0169i, ho\u1eb7c \u0111\u1ea7u m\u0169i.<\/p><p>Do ch\u1ec9 t\u00e1c \u0111\u1ed9ng m\u1ed9t ph\u1ea7n \u0111\u1ebfn t\u1ea1o h\u00ecnh m\u0169i, n\u00ean ph\u01b0\u01a1ng ph\u00e1p n\u00e0y r\u1ea5t \u0111\u01b0\u1ee3c \u01b0a chu\u1ed9ng b\u1edfi nh\u1eefng \u0111\u1eb7c \u0111i\u1ec3m n\u1ed5i b\u1eadt sau:<\/p><ul><li aria-level=\"1\">Chi ph\u00ed th\u1ef1c hi\u1ec7n th\u1ea5p h\u01a1n so v\u1edbi n\u00e2ng m\u0169i c\u1ea5u tr\u00fac.<\/li><li aria-level=\"1\">Nh\u1eb9 nh\u00e0ng, \u00edt \u0111au, kh\u00f4ng c\u1ea7n ti\u00eam g\u00e2y m\u00ea.<\/li><li aria-level=\"1\">Th\u1eddi gian h\u1ed3i ph\u1ee5c nhanh (kho\u1ea3ng 10 ng\u00e0y).<\/li><li aria-level=\"1\">Th\u1eddi gian th\u1ef1c hi\u1ec7n k\u1ef9 thu\u1eadt nhanh ch\u00f3ng (kho\u1ea3ng 30 \u2013 45 ph\u00fat).<\/li><\/ul><h3><b>2. N\u00e2ng m\u0169i b\u00e1n c\u1ea5u tr\u00fac ph\u00f9 h\u1ee3p v\u1edbi \u0111\u1ed1i t\u01b0\u1ee3ng n\u00e0o?<\/b><\/h3><ul><li aria-level=\"1\">Ng\u01b0\u1eddi c\u00f3 khuy\u1ebft \u0111i\u1ec3m s\u1ed1ng m\u0169i, c\u00e1nh m\u0169i ho\u1eb7c ph\u1eabu thu\u1eadt \u0111\u1ea7u m\u0169i th\u1ea5t b\u1ea1i.<\/li><li aria-level=\"1\">Ng\u01b0\u1eddi \u0111\u00e3 c\u00f3 tr\u1ee5 m\u0169i s\u1eb5n, ch\u1ec9 c\u1ea7n l\u00e0m \u0111\u1eb9p l\u1ea1i ph\u1ea7n \u0111\u1ea7u m\u0169i.<\/li><li aria-level=\"1\">Ng\u01b0\u1eddi c\u00f3 d\u00e1ng m\u0169i \u0111\u00e3 thon g\u1ecdn, \u0111ang c\u1ea7n s\u1eeda l\u1ea1i \u0111\u1ea7u m\u0169i v\u00e0 c\u00e1nh m\u0169i th\u00eam h\u00e0i h\u00f2a h\u01a1n.<\/li><li aria-level=\"1\">Ng\u01b0\u1eddi c\u00f3 d\u00e1ng m\u0169i cao nh\u01b0ng b\u1ecb g\u1ed3 ph\u1ea7n gi\u1eefa s\u1ed1ng.<\/li><\/ul><h3><b>3. N\u00e2ng m\u0169i b\u00e1n c\u1ea5u tr\u00fac t\u1ea1i Doctor Beauty Center c\u00f3 g\u00ec kh\u00e1c bi\u1ec7t?<\/b><\/h3><p>S\u1edf h\u1eefu m\u1ed9t d\u00e1ng m\u0169i \u0111\u1eb9p l\u00e0 \u01b0\u1edbc mong c\u1ee7a bi\u1ebft bao ng\u01b0\u1eddi. Th\u1ebf nh\u01b0ng, \u0111\u1eebng t\u00f9y ti\u1ec7n \u0111\u1eb7t ni\u1ec1m tin sai ch\u1ed7!<\/p><p>Tr\u01b0\u1edbc khi ph\u1eabu thu\u1eadt, kh\u00e1ch h\u00e0ng s\u1ebd \u0111\u01b0\u1ee3c B\u00e1c s\u0129 V\u0129nh Nh\u00e2n tr\u1ef1c ti\u1ebfp th\u0103m kh\u00e1m v\u00e0 \u0111\u00e1nh gi\u00e1 t\u00ecnh tr\u1ea1ng m\u0169i. Ph\u01b0\u01a1ng ph\u00e1p n\u00e0y th\u1ef1c hi\u1ec7n kh\u00e1 d\u1ec5 d\u00e0ng, tuy nhi\u00ean \u0111\u00f2i h\u1ecfi ph\u1ea3i c\u00f3 chuy\u00ean m\u00f4n v\u00e0 tay ngh\u1ec1 cao \u0111\u1ec3 \u0111\u1ea1t \u0111\u01b0\u1ee3c k\u1ebft qu\u1ea3 t\u1ed1t nh\u1ea5t. H\u01a1n n\u1eefa, t\u1ea1i Doctor Beauty Center, kh\u00e1ch h\u00e0ng s\u1ebd \u0111\u01b0\u1ee3c t\u01b0 v\u1ea5n v\u00e0 d\u1eb7n d\u00f2 k\u1ef9 l\u01b0\u1ee1ng, l\u01b0u \u00fd t\u00e1i kh\u00e1m \u0111\u1ec3 \u0111\u01b0\u1ee3c ch\u0103m s\u00f3c m\u0169i sau n\u00e2ng m\u1ed9t c\u00e1ch to\u00e0n di\u1ec7n nh\u1ea5t.<\/p><p>V\u1edbi \u01b0u \u0111i\u1ec3m can thi\u1ec7p ch\u1ec9nh s\u1eeda m\u1ed9t ph\u1ea7n d\u00e1ng m\u0169i, ph\u01b0\u01a1ng ph\u00e1p n\u00e2ng m\u0169i b\u00e1n c\u1ea5u tr\u00fac n\u00e0y ch\u1eafc ch\u1eafn s\u1ebd mang \u0111\u1ebfn m\u1ed9t g\u01b0\u01a1ng m\u1eb7t ho\u00e0n h\u1ea3o \u201ckh\u00f4ng g\u00f3c ch\u1ebft\u201d chu\u1ea9n th\u1eddi th\u01b0\u1ee3ng. H\u01a1n n\u1eefa, chi ph\u00ed d\u1ecbch v\u1ee5 l\u1ea1i r\u1ea5t ph\u00f9 h\u1ee3p \u0111\u1ec3 b\u1ea1n c\u00f3 m\u1ed9t d\u00e1ng m\u0169i \u0111\u1eb9p kh\u00f4ng kh\u00e1c g\u00ec v\u1edbi n\u00e2ng m\u0169i c\u1ea5u tr\u00fac.<\/p><p>B\u1ea1n \u0111\u00e1nh gi\u00e1 th\u1ebf n\u00e0o v\u1ec1 ph\u01b0\u01a1ng ph\u00e1p \u0111\u1eb7c bi\u1ec7t n\u00e0y, h\u00e3y cho Doctor Beauty Center bi\u1ebft suy ngh\u0129 c\u1ee7a m\u00ecnh nh\u00e9!<\/p><h3><b>Nh\u1eefng li\u1ec7u ph\u00e1p l\u00e0m \u0111\u1eb9p hi\u1ec7u qu\u1ea3 m\u00e0 b\u1ea1n kh\u00f4ng th\u1ec3 b\u1ecf qua:<\/b><\/h3><ul><li><a href=\"https:\/\/drharvard.vn\/vi\/phuong-phap-nang-mui-cau-truc\/\">N\u00e2ng m\u0169i c\u1ea5u tr\u00fac<\/a><\/li><li><a href=\"https:\/\/drharvard.vn\/vi\/tiem-botox-thon-gon-ham-2\/\">Ti\u00eam Botox thon g\u1ecdn h\u00e0m<\/a><\/li><li><a href=\"https:\/\/drharvard.vn\/vi\/cong-nghe-tre-hoa-da-hifu\/\">Tr\u1ebb h\u00f3a da c\u00f4ng ngh\u1ec7 HIFU<\/a><\/li><li><a href=\"https:\/\/drharvard.vn\/vi\/xoa-nep-nhan-duoi-mat\/\">X\u00f3a v\u1ebft nh\u0103n t\u0129nh v\u00e0 \u0111\u1ed9ng \u0111u\u00f4i m\u1eaft<\/a><\/li><\/ul>\t\t\t\t\t\t\t\t<\/div>\n\t\t\t\t<\/div>\n\t\t\t\t\t<\/div>\n\t\t<\/div>\n\t\t\t\t\t<\/div>\n\t\t<\/section>\n\t\t\t\t<\/div>","protected":false},"excerpt":{"rendered":"<p>\u0110\u1ed1i v\u1edbi nh\u1eefng ng\u01b0\u1eddi \u0111ang g\u1eb7p khuy\u1ebft \u0111i\u1ec3m v\u1ec1 m\u1ed9t d\u00e1ng m\u0169i l\u1ec7ch, th\u00f4 th\u00ec vi\u1ec7c c\u00f3 \u0111\u01b0\u1ee3c g\u01b0\u01a1ng m\u1eb7t \u01b0a nh\u00ecn v\u1eabn lu\u00f4n l\u00e0 \u01b0u ti\u00ean h\u00e0ng \u0111\u1ea7u. V\u1edbi c\u00f4ng ngh\u1ec7 ti\u00ean ti\u1ebfn nh\u01b0 hi\u1ec7n nay, vi\u1ec7c can thi\u1ec7p \u201cthi\u1ebft k\u1ebf\u201d th\u1ea9m m\u1ef9 kh\u00f4ng c\u00f2n qu\u00e1 kh\u00f3 kh\u0103n. Th\u1ebf nh\u01b0ng, \u0111\u00e2u l\u00e0 ph\u01b0\u01a1ng ph\u00e1p [&hellip;]<\/p>","protected":false},"author":2,"featured_media":2896,"parent":1854,"menu_order":0,"comment_status":"closed","ping_status":"closed","template":"","meta":{"footnotes":""},"class_list":["post-2909","page","type-page","status-publish","has-post-thumbnail","hentry"],"_links":{"self":[{"href":"https:\/\/drharvard.vn\/vi\/wp-json\/wp\/v2\/pages\/2909","targetHints":{"allow":["GET"]}}],"collection":[{"href":"https:\/\/drharvard.vn\/vi\/wp-json\/wp\/v2\/pages"}],"about":[{"href":"https:\/\/drharvard.vn\/vi\/wp-json\/wp\/v2\/types\/page"}],"author":[{"embeddable":true,"href":"https:\/\/drharvard.vn\/vi\/wp-json\/wp\/v2\/users\/2"}],"replies":[{"embeddable":true,"href":"https:\/\/drharvard.vn\/vi\/wp-json\/wp\/v2\/comments?post=2909"}],"version-history":[{"count":0,"href":"https:\/\/drharvard.vn\/vi\/wp-json\/wp\/v2\/pages\/2909\/revisions"}],"up":[{"embeddable":true,"href":"https:\/\/drharvard.vn\/vi\/wp-json\/wp\/v2\/pages\/1854"}],"wp:featuredmedia":[{"embeddable":true,"href":"https:\/\/drharvard.vn\/vi\/wp-json\/wp\/v2\/media\/2896"}],"wp:attachment":[{"href":"https:\/\/drharvard.vn\/vi\/wp-json\/wp\/v2\/media?parent=2909"}],"curies":[{"name":"wp","href":"https:\/\/api.w.org\/{rel}","templated":true}]}}