{"id":2792,"date":"2021-06-09T10:38:40","date_gmt":"2021-06-09T10:38:40","guid":{"rendered":"https:\/\/drharvard.vn\/?page_id=2792"},"modified":"2025-04-04T19:53:27","modified_gmt":"2025-04-04T12:53:27","slug":"tre-hoa-da-bang-lieu-phap-laser","status":"publish","type":"page","link":"https:\/\/drharvard.vn\/vi\/dieu-tri-tre-hoa-da\/tre-hoa-da-bang-lieu-phap-laser\/","title":{"rendered":"Skin Rejuvenation with Laser Therapy"},"content":{"rendered":"<div data-elementor-type=\"wp-page\" data-elementor-id=\"2792\" class=\"elementor elementor-2792\">\n\t\t\t\t\t\t<section class=\"elementor-section elementor-top-section elementor-element elementor-element-31918bd6 elementor-section-boxed elementor-section-height-default elementor-section-height-default\" data-id=\"31918bd6\" data-element_type=\"section\">\n\t\t\t\t\t\t<div class=\"elementor-container elementor-column-gap-default\">\n\t\t\t\t\t<div class=\"elementor-column elementor-col-100 elementor-top-column elementor-element elementor-element-3608a662\" data-id=\"3608a662\" data-element_type=\"column\">\n\t\t\t<div class=\"elementor-widget-wrap elementor-element-populated\">\n\t\t\t\t\t\t<div class=\"elementor-element elementor-element-1655c46b elementor-widget elementor-widget-text-editor\" data-id=\"1655c46b\" data-element_type=\"widget\" data-widget_type=\"text-editor.default\">\n\t\t\t\t<div class=\"elementor-widget-container\">\n\t\t\t\t\t\t\t\t\tTr\u1ebb m\u00e3i tu\u1ed5i xu\u00e2n ch\u00ednh l\u00e0 \u01b0\u1edbc m\u01a1 c\u1ee7a bao ng\u01b0\u1eddi. Th\u1ebf nh\u01b0ng khi b\u01b0\u1edbc sang ng\u01b0\u1ee1ng tu\u1ed5i 30 th\u00ec s\u1ef1 l\u00e3o h\u00f3a b\u1eaft \u0111\u1ea7u xu\u1ea5t hi\u1ec7n. \u0110\u1eb7c bi\u1ec7t, g\u01b0\u01a1ng m\u1eb7t v\u1edbi nhi\u1ec1u \u201c\u0111i\u1ec3m nh\u1ea5n th\u1eddi gian\u201d ch\u00ednh l\u00e0 \u0111i\u1ec1u d\u1ec5 d\u00e0ng nh\u1eadn th\u1ea5y nh\u1ea5t. S\u1ef1 ra \u0111\u1eddi c\u1ee7a ph\u01b0\u01a1ng ph\u00e1p tr\u1ebb h\u00f3a da PRP ch\u00ednh l\u00e0 m\u1ed9t b\u01b0\u1edbc \u0111\u1ed9t ph\u00e1 trong ng\u00e0nh th\u1ea9m m\u1ef9 hi\u1ec7n \u0111\u1ea1i. Theo \u0111\u00f3, \u0111\u1ed9 an to\u00e0n v\u00e0 hi\u1ec7u qu\u1ea3 m\u00e0 ph\u01b0\u01a1ng ph\u00e1p n\u00e0y mang l\u1ea1i c\u00f3 th\u1ec3 kh\u1eafc ph\u1ee5c ho\u00e0n to\u00e0n nh\u1eefng khuy\u1ebft \u0111i\u1ec3m l\u00e3o h\u00f3a m\u00e0 c\u00e1c ph\u01b0\u01a1ng ph\u00e1p kh\u00e1c kh\u00f4ng th\u1ec3 th\u1ef1c hi\u1ec7n \u0111\u01b0\u1ee3c.\r\n\r\nV\u1eady \u1ee9ng d\u1ee5ng PRP trong tr\u1ebb h\u00f3a da nh\u01b0 th\u1ebf n\u00e0o l\u00e0 an to\u00e0n v\u00e0 hi\u1ec7u qu\u1ea3 nh\u1ea5t?\r\n<h3><b>1. Ph\u01b0\u01a1ng ph\u00e1p tr\u1ebb h\u00f3a da PRP l\u00e0 g\u00ec?<\/b><\/h3>\r\nC\u00f4ng ngh\u1ec7 tr\u1ebb h\u00f3a PRP \u0111\u01b0\u1ee3c vi\u1ebft t\u1eaft t\u1eeb \u201cPlatelet-Rich-Plasma\u201d, ngh\u0129a l\u00e0 \u201chuy\u1ebft t\u01b0\u01a1ng gi\u00e0u ti\u1ec3u c\u1ea7u\u201d. \u0110\u01b0\u1ee3c ph\u00e1t tri\u1ec3n t\u1eeb n\u0103m 1987, PRP \u0111\u01b0\u1ee3c \u0111\u00e1nh gi\u00e1 l\u00e0 li\u1ec7u ph\u00e1p ti\u00ean ti\u1ebfn b\u1eadc nh\u1ea5t trong vi\u1ec7c h\u1ed3i ph\u1ee5c c\u00e1c ch\u1ea5n th\u01b0\u01a1ng c\u1ea5p v\u00e0 m\u00e3n t\u00ednh, th\u01b0\u1eddng \u0111\u01b0\u1ee3c s\u1eed d\u1ee5ng trong \u0111i\u1ec1u tr\u1ecb, s\u1eeda ch\u1eefa v\u00e0 t\u00e1i t\u1ea1o m\u00f4 trong c\u01a1 th\u1ec3 th\u00f4ng qua nhi\u1ec1u c\u01a1 ch\u1ebf kh\u00e1c nhau.\r\n\r\nPRP (huy\u1ebft t\u01b0\u01a1ng gi\u00e0u ti\u1ec3u c\u1ea7u) \u0111\u01b0\u1ee3c \u1ee9ng d\u1ee5ng ph\u1ed5 bi\u1ebfn trong l\u0129nh v\u1ef1c th\u1ea9m m\u1ef9 nh\u1edd t\u00ednh linh ho\u1ea1t, hi\u1ec7u qu\u1ea3 v\u00e0 \u0111\u1ed9 an to\u00e0n cao trong \u0111i\u1ec1u tr\u1ecb \u0111\u00e3 \u0111\u01b0\u1ee3c ki\u1ec3m ch\u1ee9ng. PRP thu \u0111\u01b0\u1ee3c th\u00f4ng qua ly t\u00e2m m\u00e1u to\u00e0n ph\u1ea7n c\u1ee7a b\u1ec7nh nh\u00e2n, sau \u0111\u00f3 ti\u1ec3u c\u1ea7u \u0111\u01b0\u1ee3c k\u00edch ho\u1ea1t th\u00f4ng qua c\u01a1 ch\u1ebf t\u1ef1 nhi\u00ean \u0111\u1ec3 gi\u1ea3i ph\u00f3ng c\u00e1c nh\u00e2n t\u1ed1 t\u0103ng tr\u01b0\u1edfng.\r\n\r\nVi\u1ec7c gi\u1ea3i ph\u00f3ng c\u00e1c nh\u00e2n t\u1ed1 t\u0103ng tr\u01b0\u1edfng h\u1ed7 tr\u1ee3 r\u1ea5t nhi\u1ec1u trong y h\u1ecdc t\u00e1i t\u1ea1o v\u00e0 th\u1ea9m m\u1ef9. Nhi\u1ec1u nghi\u00ean c\u1ee9u v\u00e0 th\u1ef1c ti\u1ec5n cho th\u1ea5y, ch\u00fang gi\u00fap ng\u0103n ng\u1eeba s\u1eb9o r\u1ed7 v\u00e0 gi\u1ea3m t\u00ecnh tr\u1ea1ng s\u01b0ng \u0111\u1ecf. Ngo\u00e0i ra, c\u00f2n c\u00f3 kh\u1ea3 n\u0103ng \u1ee9ng d\u1ee5ng cao v\u00e0o c\u00e1c c\u00f4ng ngh\u1ec7 th\u1ea9m th\u1ea5u v\u00e0 c\u1ea5p \u1ea9m trong th\u1ea9m m\u1ef9.\r\n<h3><b>2. \u1ee8ng d\u1ee5ng PRP trong tr\u1ebb h\u00f3a da th\u1ea9m m\u1ef9<\/b><\/h3>\r\nNgo\u00e0i vi\u1ec7c \u0111i\u1ec1u tr\u1ecb c\u00e1c b\u1ec7nh r\u1ed1i lo\u1ea1n da li\u1ec5u nh\u01b0 m\u1ee5n tr\u1ee9ng c\u00e1, s\u1eb9o v\u00e0 lo\u00e9t, PRP c\u00f2n r\u1ea5t h\u1eefu \u00edch khi x\u00f3a \u0111i c\u00e1c v\u1ebft n\u00e1m v\u00e0 b\u1ecfng m\u1ed9t c\u00e1ch hi\u1ec7u qu\u1ea3. B\u00ean c\u1ea1nh \u0111\u00f3, c\u00e1c nh\u00e2n t\u1ed1 t\u0103ng tr\u01b0\u1edfng c\u00f2n ch\u1ee9ng minh \u0111\u01b0\u1ee3c kh\u1ea3 n\u0103ng t\u00e1i t\u1ea1o v\u00e0 l\u00e0m \u0111\u1eb9p th\u1ea9m m\u1ef9 nh\u01b0 sau:\r\n<ul>\r\n \t<li aria-level=\"1\">Tr\u1ebb h\u00f3a da, t\u0103ng \u0111\u1ed9 s\u0103n ch\u1eafc, t\u0103ng t\u00ednh \u0111\u00e0n h\u1ed3i da.<\/li>\r\n \t<li aria-level=\"1\">Gi\u1ea3m n\u1ebfp nh\u0103n.<\/li>\r\n \t<li aria-level=\"1\">\u0110\u1ea9y nhanh qu\u00e1 tr\u00ecnh lo\u1ea1i b\u1ecf t\u1ebf b\u00e0o ch\u1ebft.<\/li>\r\n \t<li aria-level=\"1\">Th\u00fac \u0111\u1ea9y qu\u00e1 tr\u00ecnh l\u00e0m l\u00e0nh v\u1ebft th\u01b0\u01a1ng.<\/li>\r\n \t<li aria-level=\"1\">Ph\u1ee5c h\u1ed3i s\u1eafc t\u1ed1 da.<\/li>\r\n \t<li aria-level=\"1\">Ch\u1eefa h\u00f3i \u0111\u1ea7u v\u00e0 r\u1ee5ng t\u00f3c.<\/li>\r\n<\/ul>\r\n<h3><b>3. \u01afu \u0111i\u1ec3m v\u01b0\u1ee3t tr\u1ed9i c\u1ee7a li\u1ec7u ph\u00e1p PRP<\/b><\/h3>\r\n<ul>\r\n \t<li aria-level=\"1\">Ho\u1ea1t \u0111\u1ed9ng theo c\u01a1 ch\u1ebf sinh h\u1ecdc n\u00ean tuy\u1ec7t \u0111\u1ed1i an to\u00e0n. C\u00e1c y\u1ebfu t\u1ed1 t\u0103ng tr\u01b0\u1edfng \u0111\u01b0\u1ee3c thu nh\u1eadn tr\u1ef1c ti\u1ebfp t\u1eeb ch\u00ednh c\u01a1 th\u1ec3 m\u00ecnh n\u00ean kh\u00f4ng c\u00f3 nguy c\u01a1 l\u00e2y nhi\u1ec5m, d\u1ecb \u1ee9ng hay \u0111\u00e0o th\u1ea3i, v\u00e0 kh\u00f4ng c\u00f3 t\u00e1c d\u1ee5ng ph\u1ee5.<\/li>\r\n \t<li aria-level=\"1\">K\u1ebft h\u1ee3p v\u1edbi c\u00e1c ph\u01b0\u01a1ng ph\u00e1p nh\u01b0 meso, l\u0103n kim, \u0111i\u1ec7n di s\u1ebd mang l\u1ea1i hi\u1ec7u qu\u1ea3 \u0111\u00e1ng k\u1ec3.<\/li>\r\n \t<li aria-level=\"1\">Kh\u00f4ng g\u00e2y \u0111au, th\u1eddi gian \u0111i\u1ec1u tr\u1ecb nhanh v\u00e0 an to\u00e0n tuy\u1ec7t \u0111\u1ed1i.<\/li>\r\n \t<li aria-level=\"1\">Kh\u00f4ng m\u1ea5t th\u1eddi gian ngh\u1ec9 d\u01b0\u1ee1ng. B\u1ec7nh nh\u00e2n c\u00f3 th\u1ec3 tr\u1edf l\u1ea1i cu\u1ed9c s\u1ed1ng b\u00ecnh th\u01b0\u1eddng ngay sau \u0111i\u1ec1u tr\u1ecb.<\/li>\r\n \t<li aria-level=\"1\">K\u1ebft qu\u1ea3 r\u00f5 r\u1ec7t sau 3 tu\u1ea7n v\u00e0 ti\u1ebfn tri\u1ec3n \u0111\u1ebfn 18 th\u00e1ng sau \u0111\u00f3.<\/li>\r\n<\/ul>\r\n<h3><b>4. L\u01b0u \u00fd quan tr\u1ecdng khi ch\u0103m s\u00f3c sau khi tr\u1ebb h\u00f3a da PRP<\/b><\/h3>\r\nQuy tr\u00ecnh th\u1ef1c hi\u1ec7n kh\u00f4ng qu\u00e1 kh\u00f3 kh\u0103n nh\u01b0ng c\u1ea7n ph\u1ea3i \u0111\u00fang k\u1ef9 thu\u1eadt. Do \u0111\u00f3, vi\u1ec7c theo d\u00f5i v\u00e0 ch\u0103m s\u00f3c \u0111\u00fang c\u00e1ch s\u1ebd mang \u0111\u1ebfn m\u1ed9t k\u1ebft qu\u1ea3 t\u1ed1t nh\u1ea5t. B\u1ea1n h\u00e3y l\u01b0u \u00fd nh\u1eefng \u0111i\u1ec1u sau:\r\n<ul>\r\n \t<li aria-level=\"1\">\u00c1p l\u1ea1nh, xoa nh\u1eb9 l\u00ean b\u1ec1 m\u1eb7t \u0111\u1ec3 gi\u1ea3m s\u01b0ng, \u0111au.<\/li>\r\n \t<li aria-level=\"1\">B\u1ec7nh nh\u00e2n n\u1eb1m ngh\u1ec9 10-15 ph\u00fat v\u00e0 c\u00f3 th\u1ec3 d\u00f9ng gi\u1ea3m \u0111au acetaminophen ho\u1eb7c kh\u00e1ng vi\u00eam.<\/li>\r\n \t<li aria-level=\"1\">Kh\u00f4ng \u0111\u01b0\u1ee3c d\u00f9ng NSAID.<\/li>\r\n \t<li aria-level=\"1\">S\u1eed d\u1ee5ng PPP 1 l\u1ea7n\/ ng\u00e0y v\u00e0o bu\u1ed5i t\u1ed1i tr\u01b0\u1edbc khi \u0111i ng\u1ee7.<\/li>\r\n \t<li aria-level=\"1\">Sau 12 ti\u1ebfng c\u00f3 th\u1ec3 r\u1eeda m\u1eb7t b\u1eb1ng n\u01b0\u1edbc s\u1ea1ch ho\u1eb7c n\u01b0\u1edbc mu\u1ed1i sinh l\u00fd, h\u1ea1n ch\u1ebf d\u00f9ng s\u1eefa r\u1eeda m\u1eb7t trong 3 ng\u00e0y \u0111\u1ea7u v\u00e0 s\u1eed d\u1ee5ng kem ch\u1ed1ng n\u1eafng sau 72h.<\/li>\r\n \t<li aria-level=\"1\">\u0110\u1ec3 c\u00f3 k\u1ebft qu\u1ea3 l\u00e2u d\u00e0i t\u00f9y tr\u01b0\u1eddng h\u1ee3p, c\u00f3 th\u1ec3 th\u1ef1c hi\u1ec7n kho\u1ea3ng 3 l\u1ea7n, m\u1ed7i l\u1ea7n c\u00e1ch 4-6 tu\u1ea7n.<\/li>\r\n \t<li aria-level=\"1\">Do c\u01a1 ch\u1ebf ti\u1ebfp t\u1ee5c l\u00e3o h\u00f3a n\u00ean b\u1ec7nh nh\u00e2n c\u1ea7n theo ch\u1ebf \u0111\u1ed9 \u0111i\u1ec1u tr\u1ecb: kho\u1ea3ng 6 th\u00e1ng ho\u1eb7c 1 n\u0103m sau.<\/li>\r\n<\/ul>\r\nC\u00f3 th\u1ec3 th\u1ea5y, tr\u1ebb h\u00f3a da PRP l\u00e0 ph\u01b0\u01a1ng ph\u00e1p \u0111\u01b0\u1ee3c \u0111\u00e1nh gi\u00e1 cao nh\u1edd \u0111\u1ed9 an to\u00e0n v\u00e0 hi\u1ec7u qu\u1ea3 m\u00e0 n\u00f3 mang l\u1ea1i. Qua b\u00e0i vi\u1ebft n\u00e0y, Doctor Beauty Center \u0111\u00e3 gi\u1edbi thi\u1ec7u \u0111\u1ebfn b\u1ea1n m\u1ed9t ph\u01b0\u01a1ng ph\u00e1p ho\u00e0n h\u1ea3o \u0111\u1ec3 tr\u1ebb h\u00f3a l\u00e0n da m\u00e0 kh\u00f4ng c\u1ea7n \u0111\u1ebfn b\u1ea5t k\u1ef3 ph\u1eabu thu\u1eadt n\u1eb7ng n\u00e0o.\r\n\r\nB\u1ea1n c\u1ea3m th\u1ea5y th\u1ebf n\u00e0o v\u1ec1 ph\u01b0\u01a1ng ph\u00e1p tr\u1ebb h\u00f3a da PRP n\u00e0y?\r\n<h3><b>Nh\u1eefng li\u1ec7u ph\u00e1p l\u00e0m \u0111\u1eb9p hi\u1ec7u qu\u1ea3 m\u00e0 b\u1ea1n kh\u00f4ng th\u1ec3 b\u1ecf qua:<\/b><\/h3>\r\nN\u00e2ng cung ch\u00e2n m\u00e0y:\u00a0<a href=\"https:\/\/drharvard.vn\/vi\/nang-cung-chan-may\/\">https:\/\/drharvard.vn\/nang-cung-chan-may\/<\/a>\r\n\r\nC\u1eaft m\u1eaft hai m\u00ed Eyes Beauty:\u00a0<a href=\"https:\/\/drharvard.vn\/vi\/cat-mat-hai-mi-eyes-beauty\/\">https:\/\/drharvard.vn\/cat-mat-hai-mi-eyes-beauty\/<\/a>\r\n\r\nN\u00e2ng m\u0169i S Line:\u00a0<a href=\"https:\/\/drharvard.vn\/vi\/phau-thuat-nang-mui-s-line\/\">https:\/\/drharvard.vn\/phau-thuat-nang-mui-s-line\/<\/a>\r\n\r\nN\u00e2ng m\u0169i c\u1ea5u tr\u00fac:\u00a0<a href=\"https:\/\/drharvard.vn\/vi\/phuong-phap-nang-mui-cau-truc\/\">https:\/\/drharvard.vn\/phuong-phap-nang-mui-cau-truc\/<\/a>\t\t\t\t\t\t\t\t<\/div>\n\t\t\t\t<\/div>\n\t\t\t\t\t<\/div>\n\t\t<\/div>\n\t\t\t\t\t<\/div>\n\t\t<\/section>\n\t\t\t\t<\/div>","protected":false},"excerpt":{"rendered":"<p>Tr\u1ebb m\u00e3i tu\u1ed5i xu\u00e2n ch\u00ednh l\u00e0 \u01b0\u1edbc m\u01a1 c\u1ee7a bao ng\u01b0\u1eddi. Th\u1ebf nh\u01b0ng khi b\u01b0\u1edbc sang ng\u01b0\u1ee1ng tu\u1ed5i 30 th\u00ec s\u1ef1 l\u00e3o h\u00f3a b\u1eaft \u0111\u1ea7u xu\u1ea5t hi\u1ec7n. \u0110\u1eb7c bi\u1ec7t, g\u01b0\u01a1ng m\u1eb7t v\u1edbi nhi\u1ec1u \u201c\u0111i\u1ec3m nh\u1ea5n th\u1eddi gian\u201d ch\u00ednh l\u00e0 \u0111i\u1ec1u d\u1ec5 d\u00e0ng nh\u1eadn th\u1ea5y nh\u1ea5t. S\u1ef1 ra \u0111\u1eddi c\u1ee7a ph\u01b0\u01a1ng ph\u00e1p tr\u1ebb h\u00f3a da PRP [&hellip;]<\/p>","protected":false},"author":2,"featured_media":2793,"parent":1472,"menu_order":0,"comment_status":"closed","ping_status":"closed","template":"","meta":{"footnotes":""},"class_list":["post-2792","page","type-page","status-publish","has-post-thumbnail","hentry"],"_links":{"self":[{"href":"https:\/\/drharvard.vn\/vi\/wp-json\/wp\/v2\/pages\/2792","targetHints":{"allow":["GET"]}}],"collection":[{"href":"https:\/\/drharvard.vn\/vi\/wp-json\/wp\/v2\/pages"}],"about":[{"href":"https:\/\/drharvard.vn\/vi\/wp-json\/wp\/v2\/types\/page"}],"author":[{"embeddable":true,"href":"https:\/\/drharvard.vn\/vi\/wp-json\/wp\/v2\/users\/2"}],"replies":[{"embeddable":true,"href":"https:\/\/drharvard.vn\/vi\/wp-json\/wp\/v2\/comments?post=2792"}],"version-history":[{"count":0,"href":"https:\/\/drharvard.vn\/vi\/wp-json\/wp\/v2\/pages\/2792\/revisions"}],"up":[{"embeddable":true,"href":"https:\/\/drharvard.vn\/vi\/wp-json\/wp\/v2\/pages\/1472"}],"wp:featuredmedia":[{"embeddable":true,"href":"https:\/\/drharvard.vn\/vi\/wp-json\/wp\/v2\/media\/2793"}],"wp:attachment":[{"href":"https:\/\/drharvard.vn\/vi\/wp-json\/wp\/v2\/media?parent=2792"}],"curies":[{"name":"wp","href":"https:\/\/api.w.org\/{rel}","templated":true}]}}