{"id":2434,"date":"2021-05-29T08:45:52","date_gmt":"2021-05-29T08:45:52","guid":{"rendered":"https:\/\/drharvard.vn\/?page_id=2434"},"modified":"2025-04-04T19:54:31","modified_gmt":"2025-04-04T12:54:31","slug":"cat-mat-hai-mi-eyes-beauty","status":"publish","type":"page","link":"https:\/\/drharvard.vn\/vi\/phau-thuat-tham-my\/cat-mat-hai-mi-eyes-beauty\/","title":{"rendered":"Double Eyelid Surgery \u2013 Eyes Beauty"},"content":{"rendered":"<div data-elementor-type=\"wp-page\" data-elementor-id=\"2434\" class=\"elementor elementor-2434\">\n\t\t\t\t\t\t<section class=\"elementor-section elementor-top-section elementor-element elementor-element-1e30613e elementor-section-full_width elementor-section-height-default elementor-section-height-default\" data-id=\"1e30613e\" data-element_type=\"section\" data-settings=\"{&quot;background_background&quot;:&quot;classic&quot;}\">\n\t\t\t\t\t\t\t<div class=\"elementor-background-overlay\"><\/div>\n\t\t\t\t\t\t\t<div class=\"elementor-container elementor-column-gap-default\">\n\t\t\t\t\t<div class=\"elementor-column elementor-col-100 elementor-top-column elementor-element elementor-element-89acefc\" data-id=\"89acefc\" data-element_type=\"column\">\n\t\t\t<div class=\"elementor-widget-wrap elementor-element-populated\">\n\t\t\t\t\t\t\t<\/div>\n\t\t<\/div>\n\t\t\t\t\t<\/div>\n\t\t<\/section>\n\t\t\t\t<section class=\"elementor-section elementor-top-section elementor-element elementor-element-635fe7f1 elementor-section-boxed elementor-section-height-default elementor-section-height-default\" data-id=\"635fe7f1\" data-element_type=\"section\">\n\t\t\t\t\t\t<div class=\"elementor-container elementor-column-gap-default\">\n\t\t\t\t\t<div class=\"elementor-column elementor-col-100 elementor-top-column elementor-element elementor-element-53021211\" data-id=\"53021211\" data-element_type=\"column\">\n\t\t\t<div class=\"elementor-widget-wrap elementor-element-populated\">\n\t\t\t\t\t\t<div class=\"elementor-element elementor-element-e118e2d elementor-widget elementor-widget-heading\" data-id=\"e118e2d\" data-element_type=\"widget\" data-widget_type=\"heading.default\">\n\t\t\t\t<div class=\"elementor-widget-container\">\n\t\t\t\t\t<h2 class=\"elementor-heading-title elementor-size-default\">C\u1eaeT M\u1eaeT HAI M\u00cd EYES BEAUTY - PH\u01af\u01a0NG PH\u00c1P L\u00c0M \u0110\u1eb8P \u0110\u01af\u1ee2C \u01afA CHU\u1ed8NG NH\u1ea4T VI\u1ec6T NAM<\/h2>\t\t\t\t<\/div>\n\t\t\t\t<\/div>\n\t\t\t\t<div class=\"elementor-element elementor-element-3ea4f359 elementor-widget elementor-widget-text-editor\" data-id=\"3ea4f359\" data-element_type=\"widget\" data-widget_type=\"text-editor.default\">\n\t\t\t\t<div class=\"elementor-widget-container\">\n\t\t\t\t\t\t\t\t\t<p><img fetchpriority=\"high\" decoding=\"async\" class=\"wp-image-2452 size-full aligncenter\" src=\"https:\/\/drharvard.vn\/wp-content\/uploads\/2021\/05\/Cat-mat-hai-mi-Eyes-Beauty.jpg\" alt=\"C\u1eaft m\u1eaft hai m\u00ed\" width=\"872\" height=\"700\" srcset=\"https:\/\/drharvard.vn\/wp-content\/uploads\/2021\/05\/Cat-mat-hai-mi-Eyes-Beauty.jpg 872w, https:\/\/drharvard.vn\/wp-content\/uploads\/2021\/05\/Cat-mat-hai-mi-Eyes-Beauty-300x241.jpg 300w, https:\/\/drharvard.vn\/wp-content\/uploads\/2021\/05\/Cat-mat-hai-mi-Eyes-Beauty-768x617.jpg 768w\" sizes=\"(max-width: 872px) 100vw, 872px\" \/><\/p><p>S\u1edf h\u1eefu m\u1ed9t \u0111\u00f4i m\u1eaft \u0111\u1eb9p v\u00e0 c\u00f3 h\u1ed3n l\u00e0 \u01b0\u1edbc mu\u1ed1n c\u1ee7a bi\u1ebft bao ph\u1ee5 n\u1eef. Th\u1ebf nh\u01b0ng \u0111\u00f4i m\u1eaft c\u0169ng kh\u00f4ng ph\u1ea3i ngo\u1ea1i l\u1ec7 khi tr\u1edf th\u00e0nh \u201cn\u1ea1n nh\u00e2n\u201d c\u1ee7a s\u1ef1 l\u00e3o h\u00f3a. C\u00f9ng v\u1edbi s\u1ef1 ph\u00e1t tri\u1ec3n c\u1ee7a khoa h\u1ecdc k\u1ef9 thu\u1eadt, c\u1eaft m\u1eaft hai m\u00ed d\u1ea7n tr\u1edf th\u00e0nh m\u1ed9t \u201cv\u0169 kh\u00ed \u0111\u1eafc l\u1ef1c\u201d gi\u00fap c\u00e1c ch\u1ecb em l\u1ea5y l\u1ea1i v\u1ebb \u0111\u1eb9p tu\u1ed5i xu\u00e2n ch\u1ec9 trong ph\u00fat ch\u1ed1c.<\/p><h3><b>1. C\u1eaft m\u1eaft hai m\u00ed Eyes Beauty l\u00e0 g\u00ec?<\/b><\/h3><p>\u0110\u00e2y l\u00e0 s\u1ef1 t\u00e1c \u0111\u1ed9ng nh\u1ecf \u0111\u1ebfn v\u00f9ng m\u00ed m\u1eaft tr\u00ean \u0111\u1ec3 lo\u1ea1i b\u1ecf ph\u1ea7n m\u1ee1 v\u00e0 da d\u01b0 th\u1eeba. C\u1eaft m\u00ed m\u1eaft Eyes Beauty s\u1ebd gi\u00fap kh\u00e1ch h\u00e0ng c\u00f3 \u0111\u00f4i m\u1eaft \u0111\u1eb9p, ph\u00f9 h\u1ee3p v\u1edbi khu\u00f4n m\u1eb7t. \u0110\u1ed3ng th\u1eddi t\u1ea1o s\u1ef1 c\u00e2n \u0111\u1ed1i v\u1edbi c\u00e1c c\u1ea5u tr\u00fac kh\u00e1c tr\u00ean khu\u00f4n m\u1eb7t nh\u01b0 cung m\u00e0y, tr\u00e1n, m\u0169i v\u00e0 m\u00e1 hai b\u00ean.<\/p><p>Khi c\u1eaft m\u00ed t\u1ea1i Doctor Beauty, b\u1ea1n s\u1ebd \u0111\u01b0\u1ee3c t\u01b0 v\u1ea5n \u0111\u00e1nh gi\u00e1 t\u00ecnh tr\u1ea1ng m\u00ed m\u1eaft b\u1edfi ThS. BS. H\u1ed3 Kh\u1ea3 V\u0129nh Nh\u00e2n. \u0110\u00e2y ng\u01b0\u1eddi c\u00f3 chuy\u00ean m\u00f4n cao trong Ph\u1eabu thu\u1eadt t\u1ea1o h\u00ecnh th\u1ea9m m\u1ef9. Trong su\u1ed1t qu\u00e1 tr\u00ecnh ph\u1eabu thu\u1eadt, b\u00e1c s\u0129 Nh\u00e2n s\u1ebd tr\u1ef1c ti\u1ebfp th\u1ef1c hi\u1ec7n \u0111\u1ec3 mang \u0111\u1ebfn hi\u1ec7u qu\u1ea3 t\u1ed1t nh\u1ea5t.<\/p><h3><b>2. \u0110\u1ed1i t\u01b0\u1ee3ng ph\u00f9 h\u1ee3p v\u1edbi C\u1eaft m\u00ed m\u1eaft Eyes Beauty<\/b><\/h3><ul><li aria-level=\"1\">M\u00ed m\u1eaft c\u00f3 nhi\u1ec1u da ch\u00f9ng v\u00e0\/ ho\u1eb7c m\u1ee1 th\u1eeba l\u00e0m \u0111\u00f4i m\u1eaft bu\u1ed3n.<\/li><li aria-level=\"1\">M\u1eaft m\u1ed9t m\u00ed, m\u00ed l\u00f3t, da k\u00e8m m\u1ee1 d\u00e0y l\u00e0m \u0111\u00f4i m\u1eaft c\u00f3 v\u1ebb d\u1eef d\u1eb1n.<\/li><li aria-level=\"1\">M\u1eaft s\u1ee5p m\u00ed, khi\u1ebfn hai b\u00ean m\u1eaft kh\u00f4ng \u0111\u1ec1u.<\/li><\/ul><h3><b>3. \u01afu \u0111i\u1ec3m c\u1ee7a C\u1eaft m\u1eaft hai m\u00ed Eyes Beauty<\/b><\/h3><p>D\u01b0\u1edbi s\u1ef1 th\u1ef1c hi\u1ec7n chuy\u00ean nghi\u1ec7p c\u1ee7a b\u00e1c s\u0129 Nh\u00e2n, b\u1ea1n s\u1ebd ho\u00e0n to\u00e0n an t\u00e2m v\u1ec1 k\u1ebft qu\u1ea3:<\/p><ul><li aria-level=\"1\">Kh\u00f4ng \u0111\u1ec3 s\u1eb9o, kh\u00f4ng \u0111au v\u00e0 th\u1eddi gian th\u1ef1c hi\u1ec7n nhanh ch\u00f3ng.<\/li><li aria-level=\"1\">Gi\u00fap b\u1ea1n c\u00f3 m\u1eaft hai m\u00ed to \u0111\u1eb9p, h\u00e0i h\u00f2a v\u00e0 ph\u00f9 h\u1ee3p phong th\u1ee7y.<\/li><li aria-level=\"1\">T\u1ea1o n\u1ebfp m\u00ed t\u1ef1 nhi\u00ean cho \u0111\u00f4i m\u1eaft c\u00f3 h\u1ed3n h\u01a1n.<\/li><li aria-level=\"1\">Gi\u00fap b\u1ea1n l\u1ea5y l\u1ea1i tu\u1ed5i thanh nhanh ch\u00f3ng, lo\u1ea1i b\u1ecf nh\u1eefng v\u1ebft l\u00e3o h\u00f3a theo th\u1eddi gian.<\/li><li aria-level=\"1\">C\u1ea3i thi\u1ec7n nh\u1eefng khuy\u1ebft \u0111i\u1ec3m nh\u01b0 m\u1eaft m\u1ed9t m\u00ed, m\u00ed l\u00f3t, s\u1ee5p m\u00ed, m\u1ee1 th\u1eeba \u1edf m\u1eaft, m\u1eaft da ch\u00f9ng d\u01b0 \u2026<\/li><\/ul><h3><b>4. Ch\u0103m s\u00f3c m\u1eaft sau C\u1eaft m\u00ed m\u1eaft Eyes Beauty th\u1ebf n\u00e0o?<\/b><\/h3><ul><li aria-level=\"1\">B\u1ea1n ch\u1ec9 c\u1ea7n \u0111\u1ee3i 7 ng\u00e0y \u0111\u1ec3 v\u1ebft m\u1ed5 \u1edf m\u1eaft ph\u1ee5c h\u1ed3i th\u00ec c\u00f3 th\u1ec3 c\u1eaft ch\u1ec9.<\/li><li aria-level=\"1\">Tr\u00e1nh ti\u1ebfp x\u00fac b\u1ee5i b\u1ea9n v\u00e0 v\u1ec7 sinh v\u1ebft m\u1ed5 nh\u1eb9 nh\u00e0ng.<\/li><li aria-level=\"1\">V\u1edbi \u01b0u \u0111i\u1ec3m l\u00e0 ti\u1ec3u ph\u1eabu nh\u1ecf, n\u00ean b\u1ea1n ho\u00e0n to\u00e0n c\u00f3 th\u1ec3 ra v\u1ec1 ngay sau m\u1ed5.<\/li><\/ul><p>\u0110\u1eb7c bi\u1ec7t, c\u1eaft m\u1eaft hai m\u00ed t\u1ea1i Doctor Beauty kh\u00f4ng t\u1ea1o n\u1ebfp h\u1eb1n hay l\u1ed9 v\u1ebft kim kh\u00e2u nh\u01b0 nhi\u1ec1u k\u1ef9 thu\u1eadt kh\u00e1c. V\u1ebft m\u1ed5 c\u0169ng th\u01b0\u1eddng m\u1edd d\u1ea7n theo th\u1eddi gian. V\u00ec th\u1ebf, b\u1ea1n c\u00f3 th\u1ec3 y\u00ean t\u00e2m sinh ho\u1ea1t b\u00ecnh th\u01b0\u1eddng m\u00e0 kh\u00f4ng s\u1ee3 \u1ea3nh h\u01b0\u1edfng \u0111\u1ebfn giao ti\u1ebfp.<\/p><p>T\u1ea1i Doctor Beauty, c\u00e1c bu\u1ed5i ti\u1ec3u ph\u1eabu c\u1eaft m\u00ed m\u1eaft th\u01b0\u1eddng di\u1ec5n ra nhanh ch\u00f3ng, nh\u01b0ng k\u1ebft qu\u1ea3 l\u1ea1i t\u1ed1t ngo\u00e0i mong \u0111\u1ee3i c\u1ee7a kh\u00e1ch h\u00e0ng. C\u00f9ng v\u1edbi b\u00e1c s\u0129 V\u0129nh Nh\u00e2n, b\u1ea1n s\u1ebd lu\u00f4n t\u1ef1 tin v\u1edbi \u0111\u00f4i m\u1eaft to \u0111\u1eb9p v\u00e0 h\u00fat h\u1ed3n m\u1ed7i khi b\u01b0\u1edbc ch\u00e2n ra ph\u1ed1.<\/p><p>Hi v\u1ecdng sau sau b\u00e0i vi\u1ebft n\u00e0y, b\u1ea1n s\u1ebd c\u00f3 c\u00e1i nh\u00ecn r\u00f5 h\u01a1n v\u1ec1 ph\u01b0\u01a1ng ph\u00e1p c\u1eaft m\u00ed m\u1eaft r\u1ea5t \u0111\u01b0\u1ee3c \u01b0a chu\u1ed9ng t\u1ea1i Vi\u1ec7t Nam.<\/p>\t\t\t\t\t\t\t\t<\/div>\n\t\t\t\t<\/div>\n\t\t\t\t\t<\/div>\n\t\t<\/div>\n\t\t\t\t\t<\/div>\n\t\t<\/section>\n\t\t\t\t<\/div>","protected":false},"excerpt":{"rendered":"<p>C\u1eaeT M\u1eaeT HAI M\u00cd EYES BEAUTY &#8211; PH\u01af\u01a0NG PH\u00c1P L\u00c0M \u0110\u1eb8P \u0110\u01af\u1ee2C \u01afA CHU\u1ed8NG NH\u1ea4T VI\u1ec6T NAM S\u1edf h\u1eefu m\u1ed9t \u0111\u00f4i m\u1eaft \u0111\u1eb9p v\u00e0 c\u00f3 h\u1ed3n l\u00e0 \u01b0\u1edbc mu\u1ed1n c\u1ee7a bi\u1ebft bao ph\u1ee5 n\u1eef. Th\u1ebf nh\u01b0ng \u0111\u00f4i m\u1eaft c\u0169ng kh\u00f4ng ph\u1ea3i ngo\u1ea1i l\u1ec7 khi tr\u1edf th\u00e0nh \u201cn\u1ea1n nh\u00e2n\u201d c\u1ee7a s\u1ef1 l\u00e3o h\u00f3a. C\u00f9ng v\u1edbi s\u1ef1 [&hellip;]<\/p>","protected":false},"author":1,"featured_media":2452,"parent":1854,"menu_order":0,"comment_status":"closed","ping_status":"closed","template":"elementor_header_footer","meta":{"footnotes":""},"class_list":["post-2434","page","type-page","status-publish","has-post-thumbnail","hentry"],"_links":{"self":[{"href":"https:\/\/drharvard.vn\/vi\/wp-json\/wp\/v2\/pages\/2434","targetHints":{"allow":["GET"]}}],"collection":[{"href":"https:\/\/drharvard.vn\/vi\/wp-json\/wp\/v2\/pages"}],"about":[{"href":"https:\/\/drharvard.vn\/vi\/wp-json\/wp\/v2\/types\/page"}],"author":[{"embeddable":true,"href":"https:\/\/drharvard.vn\/vi\/wp-json\/wp\/v2\/users\/1"}],"replies":[{"embeddable":true,"href":"https:\/\/drharvard.vn\/vi\/wp-json\/wp\/v2\/comments?post=2434"}],"version-history":[{"count":0,"href":"https:\/\/drharvard.vn\/vi\/wp-json\/wp\/v2\/pages\/2434\/revisions"}],"up":[{"embeddable":true,"href":"https:\/\/drharvard.vn\/vi\/wp-json\/wp\/v2\/pages\/1854"}],"wp:featuredmedia":[{"embeddable":true,"href":"https:\/\/drharvard.vn\/vi\/wp-json\/wp\/v2\/media\/2452"}],"wp:attachment":[{"href":"https:\/\/drharvard.vn\/vi\/wp-json\/wp\/v2\/media?parent=2434"}],"curies":[{"name":"wp","href":"https:\/\/api.w.org\/{rel}","templated":true}]}}