{"id":2206,"date":"2021-05-27T12:01:03","date_gmt":"2021-05-27T12:01:03","guid":{"rendered":"http:\/\/doctorbeauty.kunder.info\/?page_id=2206"},"modified":"2025-04-04T20:32:31","modified_gmt":"2025-04-04T13:32:31","slug":"nang-mui-cau-truc","status":"publish","type":"page","link":"https:\/\/drharvard.vn\/vi\/phau-thuat-tham-my\/nang-mui-cau-truc\/","title":{"rendered":"Structural nose augmentation"},"content":{"rendered":"<div data-elementor-type=\"wp-page\" data-elementor-id=\"2206\" class=\"elementor elementor-2206\">\n\t\t\t\t\t\t<section class=\"elementor-section elementor-top-section elementor-element elementor-element-1e30613e elementor-section-full_width elementor-section-height-default elementor-section-height-default\" data-id=\"1e30613e\" data-element_type=\"section\" data-settings=\"{&quot;background_background&quot;:&quot;classic&quot;}\">\n\t\t\t\t\t\t\t<div class=\"elementor-background-overlay\"><\/div>\n\t\t\t\t\t\t\t<div class=\"elementor-container elementor-column-gap-default\">\n\t\t\t\t\t<div class=\"elementor-column elementor-col-100 elementor-top-column elementor-element elementor-element-89acefc\" data-id=\"89acefc\" data-element_type=\"column\">\n\t\t\t<div class=\"elementor-widget-wrap elementor-element-populated\">\n\t\t\t\t\t\t\t<\/div>\n\t\t<\/div>\n\t\t\t\t\t<\/div>\n\t\t<\/section>\n\t\t\t\t<section class=\"elementor-section elementor-top-section elementor-element elementor-element-635fe7f1 elementor-section-boxed elementor-section-height-default elementor-section-height-default\" data-id=\"635fe7f1\" data-element_type=\"section\">\n\t\t\t\t\t\t<div class=\"elementor-container elementor-column-gap-default\">\n\t\t\t\t\t<div class=\"elementor-column elementor-col-100 elementor-top-column elementor-element elementor-element-53021211\" data-id=\"53021211\" data-element_type=\"column\">\n\t\t\t<div class=\"elementor-widget-wrap elementor-element-populated\">\n\t\t\t\t\t\t<div class=\"elementor-element elementor-element-e118e2d elementor-widget elementor-widget-heading\" data-id=\"e118e2d\" data-element_type=\"widget\" data-widget_type=\"heading.default\">\n\t\t\t\t<div class=\"elementor-widget-container\">\n\t\t\t\t\t<h2 class=\"elementor-heading-title elementor-size-default\">N\u00c2NG M\u0168I C\u1ea4U TR\u00daC - PH\u01af\u01a0NG PH\u00c1P HI\u1ec6U QU\u1ea2 NH\u1ea4T CHO M\u1ed8T D\u00c1NG M\u0168I HO\u00c0N H\u1ea2O<\/h2>\t\t\t\t<\/div>\n\t\t\t\t<\/div>\n\t\t\t\t<div class=\"elementor-element elementor-element-3ea4f359 elementor-widget elementor-widget-text-editor\" data-id=\"3ea4f359\" data-element_type=\"widget\" data-widget_type=\"text-editor.default\">\n\t\t\t\t<div class=\"elementor-widget-container\">\n\t\t\t\t\t\t\t\t\t<p><img fetchpriority=\"high\" decoding=\"async\" class=\"aligncenter wp-image-2214 size-full\" src=\"https:\/\/drharvard.vn\/wp-content\/uploads\/2021\/05\/nang-mui-cau-truc-img.jpg\" alt=\"\" width=\"872\" height=\"700\" srcset=\"https:\/\/drharvard.vn\/wp-content\/uploads\/2021\/05\/nang-mui-cau-truc-img.jpg 872w, https:\/\/drharvard.vn\/wp-content\/uploads\/2021\/05\/nang-mui-cau-truc-img-300x241.jpg 300w, https:\/\/drharvard.vn\/wp-content\/uploads\/2021\/05\/nang-mui-cau-truc-img-768x617.jpg 768w\" sizes=\"(max-width: 872px) 100vw, 872px\" \/><\/p><p>Hi\u1ec7n nay c\u00f3 r\u1ea5t nhi\u1ec1u ph\u01b0\u01a1ng ph\u00e1p ph\u1eabu thu\u1eadt l\u00e0m \u0111\u1eb9p gi\u00fap \u0111em \u0111\u1ebfn v\u1ebb ngo\u00e0i h\u1ea5p d\u1eabn. \u0110\u1ed1i v\u1edbi th\u1ea9m m\u1ef9 m\u0169i, ph\u01b0\u01a1ng ph\u00e1p an to\u00e0n v\u00e0 hi\u1ec7u qu\u1ea3 nh\u1ea5t hi\u1ec7n t\u1ea1i ch\u00ednh l\u00e0 ph\u1eabu thu\u1eadt n\u00e2ng m\u0169i c\u1ea5u tr\u00fac. V\u1eady ph\u1eabu thu\u1eadt n\u00e2ng m\u0169i c\u1ea5u tr\u00fac l\u00e0 g\u00ec? c\u00f3 \u01b0u \u0111i\u1ec3m th\u1ebf n\u00e0o m\u00e0 l\u1ea1i \u0111\u01b0\u1ee3c \u01b0a chu\u1ed9ng \u0111\u1ebfn v\u1eady? H\u00e3y c\u00f9ng Doctor Beauty Center t\u00ecm hi\u1ec3u trong b\u00e0i vi\u1ebft n\u00e0y nh\u00e9!<\/p><h3><strong>1. N\u00e2ng m\u0169i c\u1ea5u tr\u00fac l\u00e0 g\u00ec?<\/strong><\/h3><p>\u0110\u00e2y l\u00e0 m\u1ed9t ph\u01b0\u01a1ng ph\u00e1p ch\u1ec9nh m\u0169i ho\u00e0n ch\u1ec9nh khi c\u00f3 s\u1ef1 k\u1ebft h\u1ee3p gi\u1eefa s\u1ee5n t\u1ef1 th\u00e2n v\u00e0 s\u1ee5n nh\u00e2n t\u1ea1o \u0111\u1ec3 t\u00e1i l\u1eadp c\u1ea5u tr\u00fac m\u0169i v\u1edbi m\u1ed9t d\u00e1ng v\u1ebb ho\u00e0n h\u1ea3o. Th\u1ef1c t\u1ebf, k\u1ef9 thu\u1eadt n\u00e2ng m\u0169i t\u00e1i c\u1ea5u tr\u00fac \u0111\u01b0\u1ee3c ph\u00e1t tri\u1ec3n t\u1eeb c\u00e1c chuy\u00ean gia ng\u01b0\u1eddi M\u1ef9, sau \u0111\u00f3 \u0111\u01b0\u1ee3c lan truy\u1ec1n r\u1ed9ng r\u00e3i \u1edf ch\u00e2u \u00c1. Trong \u0111\u00f3, H\u00e0n Qu\u1ed1c ch\u00ednh l\u00e0 qu\u1ed1c gia \u00e1p d\u1ee5ng th\u00e0nh c\u00f4ng v\u00e0 ho\u00e0n thi\u1ec7n nh\u1ea5t k\u1ef9 thu\u1eadt n\u00e2ng m\u0169i c\u1ea5u tr\u00fac n\u00e0y.<\/p><p>Ph\u01b0\u01a1ng ph\u00e1p n\u00e0y n\u00e2ng cao \u0111\u1ea7u m\u0169i m\u1ed9t c\u00e1ch hi\u1ec7u qu\u1ea3, x\u00f3a b\u1ecf ho\u00e0n to\u00e0n nhi\u1ec1u khuy\u1ebft \u0111i\u1ec3m c\u1ee7a m\u0169i. Trong th\u1ea9m m\u1ef9 l\u00e0m \u0111\u1eb9p, \u0111\u00e2y ch\u00ednh l\u00e0 k\u1ef9 thu\u1eadt ti\u00ean ti\u1ebfn nh\u1ea5t hi\u1ec7n nay gi\u00fap c\u1ea3i thi\u1ec7n d\u00e1ng m\u0169i ho\u00e0n h\u1ea3o, m\u00e0 c\u00e1c k\u1ef9 thu\u1eadt n\u00e2ng m\u0169i kh\u00e1c ch\u01b0a ch\u1eafc kh\u1eafc ph\u1ee5c \u0111\u01b0\u1ee3c nh\u1eefng h\u1ea1n ch\u1ebf.<\/p><h3><strong>2. S\u1ee5n d\u00f9ng trong n\u00e2ng m\u0169i c\u1ea5u tr\u00fac l\u00e0 nh\u1eefng lo\u1ea1i n\u00e0o?<\/strong><\/h3><p>B\u00ean c\u1ea1nh c\u00e1c lo\u1ea1i s\u1ee5n nh\u00e2n t\u1ea1o c\u00f3 \u0111\u1ed9 t\u01b0\u01a1ng th\u00edch cao v\u1edbi c\u01a1 th\u1ec3 (nh\u01b0 Silicon, Surgiform hay b\u1ecdc th\u00eam Megaderm) th\u00ec s\u1ef1 k\u1ebft h\u1ee3p v\u1edbi s\u1ee5n t\u1ef1 th\u00e2n s\u1ebd \u0111em \u0111\u1ebfn k\u1ebft qu\u1ea3 ho\u00e0n m\u1ef9 nh\u1ea5t.<\/p><p>C\u00e1c lo\u1ea1i s\u1ee5n t\u1ef1 th\u00e2n s\u1ebd \u0111\u01b0\u1ee3c s\u1eed d\u1ee5ng bao g\u1ed3m:<\/p><ul><li>S\u1ee5n tai: \u0111\u01b0\u1ee3c l\u1ea5y t\u1eeb tai v\u00e0nh tai c\u1ee7a kh\u00e1ch h\u00e0ng. S\u1ee5n tai r\u1ea5t ph\u00f9 h\u1ee3p trong l\u1ea7n \u0111\u1ea7u ti\u00ean n\u00e2ng m\u0169i c\u1ea5u tr\u00fac, ho\u1eb7c \u0111\u1ed1i v\u1edbi m\u0169i c\u00f3 \u00edt khuy\u1ebft \u0111i\u1ec3m ho\u1eb7c kh\u00f4ng c\u1ea7n n\u00e2ng m\u0169i l\u00ean qu\u00e1 cao. \u0110\u00e2y l\u00e0 lo\u1ea1i s\u1ee5n \u0111\u01b0\u1ee3c \u01b0u ti\u00ean d\u00f9ng l\u00e0m tr\u1ee5 m\u0169i v\u00e0 t\u1ea1o h\u00ecnh \u0111\u1ea7u m\u0169i v\u1edbi \u01b0u \u0111i\u1ec3m m\u1ec1m m\u1ea1i.<\/li><li>S\u1ee5n v\u00e1ch ng\u0103n: \u0111\u01b0\u1ee3c l\u1ea5y t\u1eeb v\u00e1ch ng\u0103n c\u1ee7a m\u0169i. S\u1ee5n v\u00e1ch ng\u0103n s\u1ebd \u0111\u01b0\u1ee3c d\u00f9ng k\u1ebft h\u1ee3p v\u1edbi s\u1ee5n tai \u0111\u1ec3 d\u1ef1ng tr\u1ee5 \u0111\u1ea7u m\u0169i \u0111\u1ec3 t\u1ea1o \u0111\u1ed9 ch\u1eafc ch\u1eafn v\u00e0 c\u00f3 th\u1ec3 gi\u00fap k\u00e9o d\u00e0i \u0111\u1ea7u m\u0169i nhi\u1ec1u h\u01a1n.<\/li><li>S\u1ee5n s\u01b0\u1eddn: l\u1ea5y t\u1eeb x\u01b0\u01a1ng s\u01b0\u1eddn s\u1ed1 6 ho\u1eb7c s\u1ed1 7. \u0110\u00e2y l\u00e0 lo\u1ea1i s\u1ee5n \u0111\u01b0\u1ee3c \u01b0u ti\u00ean trong nh\u1eefng tr\u01b0\u1eddng h\u1ee3p ch\u1ec9nh s\u1eeda m\u0169i h\u1ecfng, s\u1eeda m\u0169i nhi\u1ec1u l\u1ea7n ho\u1eb7c m\u0169i b\u1ecb tai n\u1ea1n, d\u1ecb t\u1eadt &#8230; \u01afu \u0111i\u1ec3m c\u1ee7a s\u1ee5n s\u01b0\u1eddn ch\u00ednh l\u00e0 \u1edf vi\u1ec7c c\u00f3 th\u1ec3 s\u1eed d\u1ee5ng l\u00e0m tr\u1ee5 m\u0169i, k\u00e9o d\u00e0i \u0111\u1ea7u m\u0169i, t\u1ea1o h\u00ecnh c\u00e1nh m\u0169i v\u00e0 l\u00e0m s\u1ed1ng m\u0169i.<\/li><\/ul><h3><strong>3. \u01afu \u0111i\u1ec3m c\u1ee7a ph\u01b0\u01a1ng ph\u00e1p n\u00e2ng m\u0169i c\u1ea5u tr\u00fac<\/strong><\/h3><p>L\u00e0 ph\u01b0\u01a1ng ph\u00e1p kh\u1eafc ph\u1ee5c to\u00e0n di\u1ec7n nhi\u1ec1u khuy\u1ebft \u0111i\u1ec3m \u1edf m\u0169i, n\u00e2ng m\u0169i c\u1ea5u tr\u00fac lu\u00f4n \u0111\u1ee9ng \u0111\u1ea7u v\u1ec1 kh\u1ea3 n\u0103ng t\u1ea1o h\u00ecnh th\u1ea9m m\u1ef9 c\u1ee7a n\u00f3 v\u1edbi nh\u1eefng \u0111i\u1ec3m n\u1ed5i b\u1eadt sau:<\/p><ul><li>T\u00e1i c\u1ea5u tr\u00fac l\u1ea1i m\u1ed9t d\u00e1ng m\u0169i ho\u00e0n ch\u1ec9nh, gi\u1ea3i quy\u1ebft hi\u1ec7u qu\u1ea3 nh\u1eefng khuy\u1ebft \u0111i\u1ec3m m\u00e0 m\u0169i \u0111ang m\u1eafc ph\u1ea3i nh\u01b0: \u0111\u1ea7u m\u0169i ng\u1eafn, h\u1ebfch, \u0111\u1ea7u m\u0169i th\u00f4 to, l\u1ed9 2 l\u1ed7 m\u0169i,\u2026<\/li><li>C\u00f3 th\u1ec3 n\u00e2ng cao v\u00e0 t\u1ea1o h\u00ecnh s\u1ed1ng m\u0169i d\u00e1ng L-Line ho\u1eb7c S-Line th\u1eddi th\u01b0\u1ee3ng.<\/li><li>M\u0169i thanh tho\u00e1t, h\u00e0i h\u00f2a, t\u1ef1 nhi\u00ean v\u1edbi khu\u00f4n m\u1eb7t v\u00e0 mang l\u1ea1i k\u1ebft qu\u1ea3 chu\u1ea9n t\u1ec9 l\u1ec7 v\u00e0ng c\u1ee7a c\u1ea3 khu\u00f4n m\u1eb7t.<\/li><li>S\u1ee5n sinh h\u1ecdc th\u1ebf h\u1ec7 m\u1edbi s\u1ebd c\u00f3 \u0111\u1ed9 t\u01b0\u01a1ng th\u00edch cao v\u1edbi c\u01a1 th\u1ec3, kh\u00f4ng g\u00e2y ra hi\u1ec7n t\u01b0\u1ee3ng \u0111\u00e0o th\u1ea3i v\u00e0 l\u1ed9 s\u1ed1ng.<\/li><li>S\u1ee5n t\u1ef1 th\u00e2n kh\u1eafc ph\u1ee5c hi\u1ec7u qu\u1ea3 t\u00ecnh tr\u1ea1ng b\u00f3ng \u0111\u1ecf \u0111\u1ea7u m\u0169i.<\/li><li>Hi\u1ec7u qu\u1ea3 th\u1ea9m m\u1ef9 mang l\u1ea1i c\u1ee7a N\u00e2ng m\u0169i c\u1ea5u tr\u00fac l\u00e0 d\u00e0i l\u00e2u.<\/li><\/ul><h3><strong>4. \u0110\u1ed1i t\u01b0\u1ee3ng ph\u00f9 h\u1ee3p v\u1edbi n\u00e2ng m\u0169i c\u1ea5u tr\u00fac<\/strong><\/h3><ul><li>Ng\u01b0\u1eddi b\u1ea9m sinh c\u00f3 m\u0169i ng\u1eafn, s\u1ed1ng m\u0169i th\u1ea5p, n\u1ec1n m\u0169i h\u1eb9p, l\u1ed7 m\u0169i tr\u00f2n hay d\u1eb9t.<\/li><li>Ng\u01b0\u1eddi c\u00f3 \u0111\u1ea7u m\u0169i nhi\u1ec1u khuy\u1ebft \u0111i\u1ec3m, mong mu\u1ed1n d\u00e1ng m\u0169i chu\u1ea9n \u0111\u1eb9p.<\/li><li>Ng\u01b0\u1eddi b\u1ecb th\u01b0\u01a1ng t\u1eadt v\u00f9ng m\u0169i do tai n\u1ea1n, hay b\u1ecb d\u1ecb t\u1eadt m\u0169i m\u00f4i.<\/li><li>Ng\u01b0\u1eddi \u0111\u00e3 t\u1eebng th\u1ef1c hi\u1ec7n n\u00e2ng m\u0169i nh\u01b0ng b\u1ecb bi\u1ebfn ch\u1ee9ng ho\u1eb7c kh\u00f4ng h\u00e0i l\u00f2ng, mu\u1ed1n c\u1ea3i thi\u1ec7n d\u00e1ng m\u0169i.<\/li><\/ul><h3><strong>5. N\u00e2ng m\u0169i c\u1ea5u tr\u00fac t\u1ea1i Doctor Beauty Center c\u00f3 g\u00ec kh\u00e1c bi\u1ec7t?<\/strong><\/h3><p>Tr\u01b0\u1edbc khi th\u1ef1c hi\u1ec7n ph\u1eabu thu\u1eadt, kh\u00e1ch h\u00e0ng s\u1ebd \u0111\u01b0\u1ee3c B\u00e1c s\u0129 V\u0129nh Nh\u00e2n tr\u1ef1c ti\u1ebfp th\u0103m kh\u00e1m v\u00e0 t\u01b0 v\u1ea5n v\u1ec1 t\u00ecnh tr\u1ea1ng m\u0169i hi\u1ec7n t\u1ea1i. B\u00e1c s\u0129 s\u1ebd t\u01b0 v\u1ea5n b\u1ea1n c\u00f3 th\u1ec3 s\u1eed d\u1ee5ng lo\u1ea1i s\u1ee5n t\u1ef1 th\u00e2n v\u00e0 s\u1ee5n sinh h\u1ecdc n\u00e0o l\u00e0 ph\u1ee5 h\u1ee3p \u0111\u1ec3 th\u1ef1c hi\u1ec7n qu\u00e1 tr\u00ecnh n\u00e2ng m\u0169i c\u1ea5u tr\u00fac.<\/p><p>\u0110\u00e2y l\u00e0 m\u1ed9t d\u1ea1ng ph\u1eabu thu\u1eadt th\u1ea9m m\u1ef9 t\u01b0\u01a1ng \u0111\u1ed1i d\u1ec5, tuy nhi\u00ean \u0111\u00f2i h\u1ecfi ng\u01b0\u1eddi th\u1ef1c hi\u1ec7n ph\u1ea3i c\u00f3 chuy\u00ean m\u00f4n v\u00e0 tay ngh\u1ec1 cao. \u0110i\u1ec1u n\u00e0y b\u1ea1n c\u00f3 th\u1ec3 an t\u00e2m khi \u0111\u1eb7t ni\u1ec1m tin v\u00e0o B\u00e1c s\u0129 V\u0129nh Nh\u00e2n. B\u00e1c s\u0129 s\u1ebd ki\u1ec3m tra s\u1ee9c kh\u1ecfe t\u1ed5ng qu\u00e1t c\u0169ng nh\u01b0 ch\u1ee5p h\u00ecnh m\u0169i tr\u01b0\u1edbc khi n\u00e2ng, sau \u0111\u00f3 s\u1ebd ti\u1ebfn h\u00e0nh k\u1ef9 thu\u1eadt. \u0110\u1ed1i v\u1edbi nh\u1eefng v\u00f9ng l\u1ea5y s\u1ee5n \u0111\u00f2i h\u1ecfi ph\u1ea3i c\u00f3 g\u00e2y m\u00ea nh\u01b0 s\u1ee5n v\u00e1ch ng\u0103n hay s\u1ee5n s\u01b0\u1eddn s\u1ebd \u0111\u01b0\u1ee3c th\u1ef1c hi\u1ec7n t\u1ea1i c\u01a1 s\u1edf \u0111\u01b0\u1ee3c c\u1ea5p ph\u00e9p ti\u1ec1n m\u00ea \u2013 g\u00e2y m\u00ea \u0111\u1ec3 \u0111\u1ea3m b\u1ea3o an to\u00e0n cho kh\u00e1ch h\u00e0ng c\u0169ng nh\u01b0 \u0111\u1ea3m b\u1ea3o y\u1ebfu t\u1ed1 ph\u00e1p l\u00fd.<\/p><p>S\u1edf h\u1eefu m\u1ed9t g\u00f3c nghi\u00eang ho\u00e0n h\u1ea3o ch\u00ednh l\u00e0 m\u01a1 \u01b0\u1edbc c\u1ee7a bao ng\u01b0\u1eddi, th\u1ebf nh\u01b0ng c\u0169ng \u0111\u1eebng t\u00f9y ti\u1ec7n \u0111\u1eb7t ni\u1ec1m tin sai ch\u1ed7. Doctor Beauty Center \u0111\u00e3 \u0111em \u0111\u1ebfn nh\u1eefng th\u00f4ng tin th\u1eadt h\u1eefu \u00edch \u0111\u1ec3 b\u1ea1n c\u00f3 th\u1ec3 an t\u00e2m l\u1ef1a ch\u1ecdn nh\u1eefng trung t\u00e2m l\u00e0m \u0111\u1eb9p uy t\u00edn cho b\u1ea3n th\u00e2n m\u00ecnh. \u0110\u1eebng b\u1ecf l\u1ee1 nh\u1eefng b\u00e0i vi\u1ebft ti\u1ebfp theo b\u1ea1n nh\u00e9!<\/p>\t\t\t\t\t\t\t\t<\/div>\n\t\t\t\t<\/div>\n\t\t\t\t\t<\/div>\n\t\t<\/div>\n\t\t\t\t\t<\/div>\n\t\t<\/section>\n\t\t\t\t<\/div>","protected":false},"excerpt":{"rendered":"<p>N\u00c2NG M\u0168I C\u1ea4U TR\u00daC &#8211; PH\u01af\u01a0NG PH\u00c1P HI\u1ec6U QU\u1ea2 NH\u1ea4T CHO M\u1ed8T D\u00c1NG M\u0168I HO\u00c0N H\u1ea2O Hi\u1ec7n nay c\u00f3 r\u1ea5t nhi\u1ec1u ph\u01b0\u01a1ng ph\u00e1p ph\u1eabu thu\u1eadt l\u00e0m \u0111\u1eb9p gi\u00fap \u0111em \u0111\u1ebfn v\u1ebb ngo\u00e0i h\u1ea5p d\u1eabn. \u0110\u1ed1i v\u1edbi th\u1ea9m m\u1ef9 m\u0169i, ph\u01b0\u01a1ng ph\u00e1p an to\u00e0n v\u00e0 hi\u1ec7u qu\u1ea3 nh\u1ea5t hi\u1ec7n t\u1ea1i ch\u00ednh l\u00e0 ph\u1eabu thu\u1eadt n\u00e2ng m\u0169i [&hellip;]<\/p>","protected":false},"author":1,"featured_media":2214,"parent":1854,"menu_order":0,"comment_status":"closed","ping_status":"closed","template":"elementor_header_footer","meta":{"footnotes":""},"class_list":["post-2206","page","type-page","status-publish","has-post-thumbnail","hentry"],"_links":{"self":[{"href":"https:\/\/drharvard.vn\/vi\/wp-json\/wp\/v2\/pages\/2206","targetHints":{"allow":["GET"]}}],"collection":[{"href":"https:\/\/drharvard.vn\/vi\/wp-json\/wp\/v2\/pages"}],"about":[{"href":"https:\/\/drharvard.vn\/vi\/wp-json\/wp\/v2\/types\/page"}],"author":[{"embeddable":true,"href":"https:\/\/drharvard.vn\/vi\/wp-json\/wp\/v2\/users\/1"}],"replies":[{"embeddable":true,"href":"https:\/\/drharvard.vn\/vi\/wp-json\/wp\/v2\/comments?post=2206"}],"version-history":[{"count":0,"href":"https:\/\/drharvard.vn\/vi\/wp-json\/wp\/v2\/pages\/2206\/revisions"}],"up":[{"embeddable":true,"href":"https:\/\/drharvard.vn\/vi\/wp-json\/wp\/v2\/pages\/1854"}],"wp:featuredmedia":[{"embeddable":true,"href":"https:\/\/drharvard.vn\/vi\/wp-json\/wp\/v2\/media\/2214"}],"wp:attachment":[{"href":"https:\/\/drharvard.vn\/vi\/wp-json\/wp\/v2\/media?parent=2206"}],"curies":[{"name":"wp","href":"https:\/\/api.w.org\/{rel}","templated":true}]}}