{"id":2139,"date":"2021-05-27T11:43:42","date_gmt":"2021-05-27T11:43:42","guid":{"rendered":"http:\/\/doctorbeauty.kunder.info\/?page_id=2139"},"modified":"2024-02-20T09:02:22","modified_gmt":"2024-02-20T02:02:22","slug":"nang-mui-s-line","status":"publish","type":"page","link":"https:\/\/drharvard.vn\/vi\/phau-thuat-tham-my\/nang-mui-s-line\/","title":{"rendered":"N\u00e2ng m\u0169i S Line"},"content":{"rendered":"<div data-elementor-type=\"wp-page\" data-elementor-id=\"2139\" class=\"elementor elementor-2139\">\n\t\t\t\t\t\t<section class=\"elementor-section elementor-top-section elementor-element elementor-element-2fa5b4a elementor-section-full_width elementor-section-height-default elementor-section-height-default\" data-id=\"2fa5b4a\" data-element_type=\"section\" data-settings=\"{&quot;background_background&quot;:&quot;classic&quot;}\">\n\t\t\t\t\t\t\t<div class=\"elementor-background-overlay\"><\/div>\n\t\t\t\t\t\t\t<div class=\"elementor-container elementor-column-gap-default\">\n\t\t\t\t\t<div class=\"elementor-column elementor-col-100 elementor-top-column elementor-element elementor-element-59f0233\" data-id=\"59f0233\" data-element_type=\"column\">\n\t\t\t<div class=\"elementor-widget-wrap elementor-element-populated\">\n\t\t\t\t\t\t\t<\/div>\n\t\t<\/div>\n\t\t\t\t\t<\/div>\n\t\t<\/section>\n\t\t\t\t<section class=\"elementor-section elementor-top-section elementor-element elementor-element-6b4f1ef elementor-section-boxed elementor-section-height-default elementor-section-height-default\" data-id=\"6b4f1ef\" data-element_type=\"section\">\n\t\t\t\t\t\t<div class=\"elementor-container elementor-column-gap-default\">\n\t\t\t\t\t<div class=\"elementor-column elementor-col-100 elementor-top-column elementor-element elementor-element-b1e49c1\" data-id=\"b1e49c1\" data-element_type=\"column\">\n\t\t\t<div class=\"elementor-widget-wrap elementor-element-populated\">\n\t\t\t\t\t\t<div class=\"elementor-element elementor-element-d3b8763 elementor-widget elementor-widget-heading\" data-id=\"d3b8763\" data-element_type=\"widget\" data-widget_type=\"heading.default\">\n\t\t\t\t<div class=\"elementor-widget-container\">\n\t\t\t\t\t<h2 class=\"elementor-heading-title elementor-size-default\">N\u00c2NG M\u0168I S LINE - S\u1ede H\u1eeeU G\u00d3C NGHI\u00caNG TH\u1ea6N TH\u00c1NH C\u1ef0C \u0110\u01a0N GI\u1ea2N<\/h2>\t\t\t\t<\/div>\n\t\t\t\t<\/div>\n\t\t\t\t<div class=\"elementor-element elementor-element-7ab03f4 elementor-widget elementor-widget-text-editor\" data-id=\"7ab03f4\" data-element_type=\"widget\" data-widget_type=\"text-editor.default\">\n\t\t\t\t<div class=\"elementor-widget-container\">\n\t\t\t\t\t\t\t\t\t<p><img fetchpriority=\"high\" decoding=\"async\" class=\"aligncenter wp-image-2151 size-full\" src=\"https:\/\/drharvard.vn\/wp-content\/uploads\/2021\/05\/nang-mui-cau-truc.jpg\" alt=\"\" width=\"872\" height=\"700\" srcset=\"https:\/\/drharvard.vn\/wp-content\/uploads\/2021\/05\/nang-mui-cau-truc.jpg 872w, https:\/\/drharvard.vn\/wp-content\/uploads\/2021\/05\/nang-mui-cau-truc-300x241.jpg 300w, https:\/\/drharvard.vn\/wp-content\/uploads\/2021\/05\/nang-mui-cau-truc-768x617.jpg 768w\" sizes=\"(max-width: 872px) 100vw, 872px\" \/><\/p><p>N\u00e2ng m\u0169i S Line l\u00e0 g\u00ec? V\u00ec sao b\u1ea1n n\u00ean bi\u1ebft \u0111\u1ebfn ph\u01b0\u01a1ng ph\u00e1p n\u00e2ng m\u0169i S Line? Trong b\u00e0i vi\u1ebft n\u00e0y, Doctor Beauty Center s\u1ebd gi\u1edbi thi\u1ec7u \u0111\u1ebfn b\u1ea1n m\u1ed9t ph\u01b0\u01a1ng ph\u00e1p l\u00e0m \u0111\u1eb9p th\u1ea9m m\u1ef9 gi\u00fap t\u1ea1o h\u00ecnh s\u1ed1ng m\u0169i ho\u00e0n h\u1ea3o, nh\u01b0ng v\u1eabn \u0111\u1ea3m b\u1ea3o an to\u00e0n v\u00e0 \u0111\u1ed9 hi\u1ec7u qu\u1ea3 cao.<\/p><h3><strong>1. Th\u1ebf n\u00e0o l\u00e0 n\u00e2ng m\u0169i S Line?<\/strong><\/h3><p>\u0110\u00e2y l\u00e0 ph\u01b0\u01a1ng th\u1ee9c th\u1ea9m m\u1ef9 \u0111\u1eb7c bi\u1ec7t khi l\u00e0 s\u1ef1 k\u1ebft h\u1ee3p gi\u1eefa s\u1ee5n sinh h\u1ecdc v\u00e0 c\u00e1c lo\u1ea1i s\u1ef1 t\u1ef1 th\u00e2n nh\u01b0 s\u1ee5n s\u01b0\u1eddn, s\u1ee5n c\u1eaft nh\u1ecf b\u1ecdc trong c\u00e2n, mi\u1ebfng gh\u00e9p trung b\u00ec &#8211; m\u1ee1 ho\u1eb7c trung b\u00ec. Trong \u0111\u00f3, s\u1ee5n sinh h\u1ecdc l\u00e0 m\u1ed9t d\u1ea1ng s\u1ee5n silicon \u0111\u01b0\u1ee3c \u0111i\u00eau kh\u1eafc h\u00e0i h\u00f2a, kh\u00f4ng qu\u00e1 cao nh\u01b0ng c\u0169ng kh\u00f4ng qu\u00e1 d\u00e0i. \u0110i\u1ec1u n\u00e0y gi\u00fap mang \u0111\u1ebfn m\u1ed9t s\u1ed1ng cao thanh tho\u00e1t v\u00e0 ng\u0103n ch\u1eb7n nguy c\u01a1 b\u00f3ng \u0111\u1ecf, l\u1ed9 s\u00f3ng v\u00e0 nh\u1eefng bi\u1ebfn ch\u1ee9ng kh\u00e1c sau khi s\u1eeda m\u0169i S Line.<\/p><h3><strong>2. N\u00e2ng m\u0169i S Line t\u1ea1i Doctor Beauty Center kh\u00e1c bi\u1ec7t th\u1ebf n\u00e0o?<\/strong><\/h3><p>Khi th\u1ef1c hi\u1ec7n n\u00e2ng m\u0169i S Line t\u1ea1i Doctor Beauty Center, b\u1ea1n s\u1ebd \u0111\u01b0\u1ee3c B\u00e1c s\u0129 V\u0129nh Nh\u00e2n tr\u1ef1c ti\u1ebfp th\u0103m kh\u00e1m v\u00e0 t\u01b0 v\u1ea5n n\u00ean s\u1eed d\u1ee5ng s\u1ee5n t\u1ef1 th\u00e2n n\u00e0o, v\u1edbi k\u00edch th\u01b0\u1edbc v\u00e0 v\u1ecb tr\u00ed n\u00e0o l\u00e0 ph\u00f9 h\u1ee3p. Nh\u1eefng lo\u1ea1i s\u1ee5n n\u00e0y bao g\u1ed3m s\u1ee5n tai, s\u1ee5n s\u01b0\u1eddn, c\u00e2n c\u01a1 th\u00e1i d\u01b0\u01a1ng hay s\u1ee5n Megaderm. H\u01a1n n\u1eefa, \u0111\u1ec3 \u0111\u00e1p \u1ee9ng \u0111a d\u1ea1ng nhu c\u1ea7u kh\u00e1ch h\u00e0ng, b\u00e1c s\u0129 c\u0169ng s\u1ebd t\u01b0 v\u1ea5n s\u1eed d\u1ee5ng s\u1ed1ng m\u0169i v\u1edbi v\u1eadt li\u1ec7u sinh (Silicon, Surgiform hay Porex) l\u00e0 th\u00edch h\u1ee3p nh\u1ea5t \u0111\u1ec3 s\u1eeda m\u0169i S Line.<\/p><p>\u01afu \u0111i\u1ec3m \u1edf Doctor Beauty Center ch\u00ednh l\u00e0 k\u1ebft h\u1ee3p s\u1ee5n t\u1ef1 th\u00e2n v\u00e0 s\u1ee5n sinh h\u1ecdc \u0111\u1ec3 c\u00f3 \u0111\u01b0\u1ee3c \u0111\u1ed9 th\u1ea9m m\u1ef9 cao. C\u00f4ng ngh\u1ec7 ti\u00ean ti\u1ebfn n\u00e0y ch\u00ednh l\u00e0 m\u1ea5u ch\u1ed1t \u0111\u1ec3 lo\u1ea1i b\u1ecf hi\u1ec7u qu\u1ea3 nh\u1eefng bi\u1ebfn ch\u1ee9ng x\u1ea5u khi s\u1eeda m\u0169i S Line, k\u1ec3 c\u1ea3 b\u00f3ng \u0111\u1ecf hay l\u1ed9 s\u00f3ng.<\/p><ul><li>\u00cdt s\u01b0ng, \u00edt \u0111au v\u00e0 kh\u00f4ng \u0111\u1ec3 l\u1ea1i s\u1eb9o.<\/li><li>Th\u1ef1c hi\u1ec7n nhanh ch\u00f3ng (kho\u1ea3ng 45 ph\u00fat) v\u00e0 kh\u00f4ng m\u1ea5t th\u1eddi gian ngh\u1ec9 d\u01b0\u1ee1ng.<\/li><li>C\u1ea3 s\u1ee5n t\u1ef1 th\u00e2n v\u00e0 s\u1ee5n m\u1ec1m sinh h\u1ecdc t\u01b0\u01a1ng th\u00edch v\u1edbi c\u01a1 th\u1ec3 ng\u01b0\u1eddi th\u1ef1c hi\u1ec7n n\u00ean kh\u00f4ng c\u00f3 ph\u1ea3n \u1ee9ng \u0111\u00e0o th\u1ea3i.<\/li><li>D\u00e1ng m\u0169i \u0111\u1eb9p ngay sau khi th\u1ef1c hi\u1ec7n, t\u1ef1 nhi\u00ean, h\u00e0i h\u00f2a v\u1edbi g\u01b0\u01a1ng m\u1eb7t t\u1eebng kh\u00e1ch h\u00e0ng.<\/li><li>Hi\u1ec7u qu\u1ea3 duy tr\u00ec l\u00e2u d\u00e0i v\u1edbi th\u1eddi gian.<\/li><\/ul><h3><strong>3. Kh\u00e1ch h\u00e0ng n\u00e0o ph\u00f9 h\u1ee3p v\u1edbi N\u00e2ng m\u0169i S Line?<\/strong><\/h3><ul><li>Ng\u01b0\u1eddi t\u1eeb 18 tu\u1ed5i tr\u1edf l\u00ean, v\u1edbi mong mu\u1ed1n c\u00f3 d\u00e1ng m\u0169i cao thanh tho\u00e1t, \u0111\u1eb9p t\u1ef1 nhi\u00ean.<\/li><li>Ng\u01b0\u1eddi \u0111\u00e3 c\u00f3 s\u1ed1ng m\u0169i th\u1ea5p, \u0111\u1ea7u m\u0169i ng\u1eafn v\u00e0 da m\u0169i m\u1ecfng.<\/li><li>Ng\u01b0\u1eddi mu\u1ed1n s\u1edf h\u1eefu d\u00e1ng m\u0169i S Line b\u1ec1n \u0111\u1eb9p theo th\u1eddi gian.<\/li><\/ul><h3><strong>4. L\u01b0u \u00fd sau khi n\u00e2ng m\u0169i S Line b\u1ea1n c\u1ea7n ph\u1ea3i bi\u1ebft<\/strong><\/h3><p>\u0110\u00e2y l\u00e0 ph\u01b0\u01a1ng ph\u00e1p l\u00e0m \u0111\u1eb9p t\u01b0\u01a1ng \u0111\u1ed1i \u0111\u01a1n gi\u1ea3n. Tuy v\u1eady, kh\u00e1ch h\u00e0ng c\u1ea7n ph\u1ea3i tu\u00e2n th\u1ee7 theo nh\u1eefng l\u01b0u \u00fd sau \u0111\u1ec3 \u0111\u1ea3m b\u1ea3o hi\u1ec7u qu\u1ea3 t\u1ed1t nh\u1ea5t.<\/p><ul><li>C\u1ea7n thi\u1ebft ph\u1ea3i quay l\u1ea1i t\u00e1i kh\u00e1m v\u00e0o ng\u00e0y k\u1ebf ti\u1ebfp sau ph\u1eabu thu\u1eadt.<\/li><li>Tr\u00e1nh va ch\u1ea1m v\u00f9ng m\u0169i, kh\u00f4ng \u0111eo k\u00ednh trong th\u1eddi gian \u0111\u1ea7u sau ph\u1eabu thu\u1eadt.<\/li><li>D\u00f9ng thu\u1ed1c theo \u0111\u01a1n c\u1ee7a b\u00e1c s\u0129 \u0111\u1ec3 c\u00f3 k\u1ebft qu\u1ea3 t\u1ed1t nh\u1ea5t.<\/li><li>C\u1eaft ch\u1ec9 sau ph\u1eabu thu\u1eadt t\u1eeb 7 &#8211; 10 ng\u00e0y.<\/li><li>T\u00e1i kh\u00e1m sau 2 tu\u1ea7n, 1 th\u00e1ng.<\/li><\/ul><p>S\u1edf h\u1eefu m\u1ed9t &#8220;g\u00f3c nghi\u00eang th\u1ea7n th\u00e1nh&#8221; ch\u00ednh l\u00e0 m\u01a1 \u01b0\u1edbc c\u1ee7a bi\u1ebft bao ch\u1ecb em. \u0110\u1ebfn v\u1edbi Doctor Beauty Center, b\u1ea1n s\u1ebd \u0111\u01b0\u1ee3c nh\u01b0 \u00fd v\u1edbi m\u1ed9t d\u00e1ng m\u0169i tuy\u1ec7t \u0111\u1eb9p nh\u01b0 c\u00e1c si\u00eau sao H\u00e0n Qu\u1ed1c d\u01b0\u1edbi s\u1ef1 h\u1ed7 tr\u1ee3 c\u1ee7a B\u00e1c s\u0129 V\u0129nh Nh\u00e2n. Ch\u1eafc ch\u1eafn, ph\u01b0\u01a1ng ph\u00e1p N\u00e2ng m\u0169i S Line n\u00e0y s\u1ebd kh\u00f4ng khi\u1ebfn b\u1ea1n ph\u1ea3i th\u1ea5t v\u1ecdng.<\/p>\t\t\t\t\t\t\t\t<\/div>\n\t\t\t\t<\/div>\n\t\t\t\t\t<\/div>\n\t\t<\/div>\n\t\t\t\t\t<\/div>\n\t\t<\/section>\n\t\t\t\t<section class=\"elementor-section elementor-top-section elementor-element elementor-element-02eb3bd elementor-section-boxed elementor-section-height-default elementor-section-height-default\" data-id=\"02eb3bd\" data-element_type=\"section\">\n\t\t\t\t\t\t<div class=\"elementor-container elementor-column-gap-default\">\n\t\t\t\t\t<div class=\"elementor-column elementor-col-100 elementor-top-column elementor-element elementor-element-b74074a\" data-id=\"b74074a\" data-element_type=\"column\">\n\t\t\t<div class=\"elementor-widget-wrap elementor-element-populated\">\n\t\t\t\t\t\t<div class=\"elementor-element elementor-element-f118708 elementor-widget elementor-widget-video\" data-id=\"f118708\" data-element_type=\"widget\" data-settings=\"{&quot;youtube_url&quot;:&quot;https:\\\/\\\/www.youtube.com\\\/watch?v=TR_eT3_G650&quot;,&quot;video_type&quot;:&quot;youtube&quot;,&quot;controls&quot;:&quot;yes&quot;}\" data-widget_type=\"video.default\">\n\t\t\t\t<div class=\"elementor-widget-container\">\n\t\t\t\t\t\t\t<div class=\"elementor-wrapper elementor-open-inline\">\n\t\t\t<div class=\"elementor-video\"><\/div>\t\t<\/div>\n\t\t\t\t\t\t<\/div>\n\t\t\t\t<\/div>\n\t\t\t\t\t<\/div>\n\t\t<\/div>\n\t\t\t\t\t<\/div>\n\t\t<\/section>\n\t\t\t\t<\/div>","protected":false},"excerpt":{"rendered":"<p>N\u00c2NG M\u0168I S LINE &#8211; S\u1ede H\u1eeeU G\u00d3C NGHI\u00caNG TH\u1ea6N TH\u00c1NH C\u1ef0C \u0110\u01a0N GI\u1ea2N N\u00e2ng m\u0169i S Line l\u00e0 g\u00ec? V\u00ec sao b\u1ea1n n\u00ean bi\u1ebft \u0111\u1ebfn ph\u01b0\u01a1ng ph\u00e1p n\u00e2ng m\u0169i S Line? Trong b\u00e0i vi\u1ebft n\u00e0y, Doctor Beauty Center s\u1ebd gi\u1edbi thi\u1ec7u \u0111\u1ebfn b\u1ea1n m\u1ed9t ph\u01b0\u01a1ng ph\u00e1p l\u00e0m \u0111\u1eb9p th\u1ea9m m\u1ef9 gi\u00fap t\u1ea1o h\u00ecnh s\u1ed1ng [&hellip;]<\/p>","protected":false},"author":1,"featured_media":2151,"parent":1854,"menu_order":0,"comment_status":"closed","ping_status":"closed","template":"elementor_header_footer","meta":{"footnotes":""},"class_list":["post-2139","page","type-page","status-publish","has-post-thumbnail","hentry"],"_links":{"self":[{"href":"https:\/\/drharvard.vn\/vi\/wp-json\/wp\/v2\/pages\/2139","targetHints":{"allow":["GET"]}}],"collection":[{"href":"https:\/\/drharvard.vn\/vi\/wp-json\/wp\/v2\/pages"}],"about":[{"href":"https:\/\/drharvard.vn\/vi\/wp-json\/wp\/v2\/types\/page"}],"author":[{"embeddable":true,"href":"https:\/\/drharvard.vn\/vi\/wp-json\/wp\/v2\/users\/1"}],"replies":[{"embeddable":true,"href":"https:\/\/drharvard.vn\/vi\/wp-json\/wp\/v2\/comments?post=2139"}],"version-history":[{"count":0,"href":"https:\/\/drharvard.vn\/vi\/wp-json\/wp\/v2\/pages\/2139\/revisions"}],"up":[{"embeddable":true,"href":"https:\/\/drharvard.vn\/vi\/wp-json\/wp\/v2\/pages\/1854"}],"wp:featuredmedia":[{"embeddable":true,"href":"https:\/\/drharvard.vn\/vi\/wp-json\/wp\/v2\/media\/2151"}],"wp:attachment":[{"href":"https:\/\/drharvard.vn\/vi\/wp-json\/wp\/v2\/media?parent=2139"}],"curies":[{"name":"wp","href":"https:\/\/api.w.org\/{rel}","templated":true}]}}