{"id":1975,"date":"2021-05-27T07:52:58","date_gmt":"2021-05-27T07:52:58","guid":{"rendered":"http:\/\/doctorbeauty.kunder.info\/?page_id=1975"},"modified":"2025-04-04T21:05:31","modified_gmt":"2025-04-04T14:05:31","slug":"gia-noi-khoa-tham-my","status":"publish","type":"page","link":"https:\/\/drharvard.vn\/vi\/gia-noi-khoa-tham-my\/","title":{"rendered":"Gi\u00e1 n\u1ed9i khoa th\u1ea9m m\u1ef9"},"content":{"rendered":"<div data-elementor-type=\"wp-page\" data-elementor-id=\"1975\" class=\"elementor elementor-1975\">\n\t\t\t\t\t\t<section class=\"elementor-section elementor-top-section elementor-element elementor-element-9d9ba69 elementor-section-full_width elementor-section-height-default elementor-section-height-default\" data-id=\"9d9ba69\" data-element_type=\"section\" data-settings=\"{&quot;background_background&quot;:&quot;classic&quot;}\">\n\t\t\t\t\t\t\t<div class=\"elementor-background-overlay\"><\/div>\n\t\t\t\t\t\t\t<div class=\"elementor-container elementor-column-gap-default\">\n\t\t\t\t\t<div class=\"elementor-column elementor-col-100 elementor-top-column elementor-element elementor-element-0ac98b0\" data-id=\"0ac98b0\" data-element_type=\"column\">\n\t\t\t<div class=\"elementor-widget-wrap elementor-element-populated\">\n\t\t\t\t\t\t\t<\/div>\n\t\t<\/div>\n\t\t\t\t\t<\/div>\n\t\t<\/section>\n\t\t\t\t<section class=\"elementor-section elementor-top-section elementor-element elementor-element-df10342 elementor-section-boxed elementor-section-height-default elementor-section-height-default\" data-id=\"df10342\" data-element_type=\"section\">\n\t\t\t\t\t\t<div class=\"elementor-container elementor-column-gap-default\">\n\t\t\t\t\t<div class=\"elementor-column elementor-col-50 elementor-top-column elementor-element elementor-element-fffbba3\" data-id=\"fffbba3\" data-element_type=\"column\">\n\t\t\t<div class=\"elementor-widget-wrap elementor-element-populated\">\n\t\t\t\t\t\t<div class=\"elementor-element elementor-element-9cf3f77 elementor-widget__width-initial elementor-absolute elementor-hidden-phone ekit-equal-height-disable elementor-invisible elementor-widget elementor-widget-elementskit-icon-box\" data-id=\"9cf3f77\" data-element_type=\"widget\" data-settings=\"{&quot;_animation&quot;:&quot;rotateInUpRight&quot;,&quot;_animation_delay&quot;:800,&quot;_position&quot;:&quot;absolute&quot;}\" data-widget_type=\"elementskit-icon-box.default\">\n\t\t\t\t<div class=\"elementor-widget-container\">\n\t\t\t\t\t<div class=\"ekit-wid-con\" >        <!-- link opening -->\n                <a href=\"#\" class=\"ekit_global_links\">\n                <!-- end link opening -->\n\n        <div class=\"elementskit-infobox text-center text- icon-top-align elementor-animation-\">\n                            <div class=\"elementskit-box-header\">\n                <div class=\"elementskit-info-box-icon\">\n                    <img decoding=\"async\" width=\"34\" height=\"51\" src=\"https:\/\/drharvard.vn\/wp-content\/uploads\/2021\/05\/elements-set-of-natural-and-floral-elements-G9XCU6B-3.png\" class=\"attachment- size-\" alt=\"\" \/>                <\/div>\n          <\/div>\n                <div class=\"box-body\">\n                                            <\/div>\n        \n        \n                <\/div>\n                <\/a>\n        <\/div>\t\t\t\t<\/div>\n\t\t\t\t<\/div>\n\t\t\t\t<div class=\"elementor-element elementor-element-56ed746 elementor-invisible elementor-widget elementor-widget-heading\" data-id=\"56ed746\" data-element_type=\"widget\" data-settings=\"{&quot;_animation&quot;:&quot;fadeInRight&quot;,&quot;_animation_delay&quot;:500}\" data-widget_type=\"heading.default\">\n\t\t\t\t<div class=\"elementor-widget-container\">\n\t\t\t\t\t<h3 class=\"elementor-heading-title elementor-size-default\">B\u1ea3ng Gi\u00e1<\/h3>\t\t\t\t<\/div>\n\t\t\t\t<\/div>\n\t\t\t\t<div class=\"elementor-element elementor-element-7f782b6 elementor-invisible elementor-widget elementor-widget-heading\" data-id=\"7f782b6\" data-element_type=\"widget\" data-settings=\"{&quot;_animation&quot;:&quot;fadeInUp&quot;,&quot;_animation_delay&quot;:600}\" data-widget_type=\"heading.default\">\n\t\t\t\t<div class=\"elementor-widget-container\">\n\t\t\t\t\t<h2 class=\"elementor-heading-title elementor-size-default\">N\u1ed9i khoa th\u1ea9m m\u1ef9<\/h2>\t\t\t\t<\/div>\n\t\t\t\t<\/div>\n\t\t\t\t<div class=\"elementor-element elementor-element-0b6f3e4 elementor-invisible elementor-widget elementor-widget-text-editor\" data-id=\"0b6f3e4\" data-element_type=\"widget\" data-settings=\"{&quot;_animation&quot;:&quot;fadeInUp&quot;,&quot;_animation_delay&quot;:600}\" data-widget_type=\"text-editor.default\">\n\t\t\t\t<div class=\"elementor-widget-container\">\n\t\t\t\t\t\t\t\t\t<table style=\"border-collapse: collapse; width: 100%;\"><tbody><tr style=\"height: 24px;\"><td style=\"width: 51.2639%; height: 24px; background-color: #f09f1f; font-size: 110%; color: #ffffff;\"><strong>D\u1ecaCH V\u1ee4<\/strong><\/td><td style=\"width: 3.78466%; height: 24px; text-align: center; background-color: #f09f1f; font-size: 110%; color: #ffffff;\"><strong>GI\u00c1 (VND)<br \/><\/strong><\/td><\/tr><tr style=\"height: 24px;\"><td style=\"height: 24px; width: 55.0486%;\" colspan=\"2\"><strong><strong><strong style=\"font-size: 17.6px;\">1. Ti\u00eam x\u00f3a nh\u0103n b\u1eb1ng Botox<\/strong><\/strong><\/strong><\/td><\/tr><tr style=\"height: 24px;\"><td style=\"width: 51.2639%; height: 24px;\">X\u00f3a n\u1ebfp nh\u0103n tr\u00e1n b\u1eb1ng Botox<\/td><td style=\"width: 3.78466%; height: 24px; text-align: center;\">6.000.000<\/td><\/tr><tr style=\"height: 24px;\"><td style=\"width: 51.2639%; height: 24px;\">X\u00f3a n\u1ebfp nh\u0103n cau m\u00e0y b\u1eb1ng Botox<\/td><td style=\"width: 3.78466%; height: 24px; text-align: center;\">3.000.000<\/td><\/tr><tr style=\"height: 24px;\"><td style=\"width: 51.2639%; height: 24px;\">X\u00f3a n\u1ebfp nh\u0103n \u0111u\u00f4i m\u1eaft b\u1eb1ng Botox<\/td><td style=\"width: 3.78466%; height: 24px; text-align: center;\">2.000.000<\/td><\/tr><tr style=\"height: 72px;\"><td style=\"width: 51.2639%; height: 30px;\">N\u00e2ng g\u00f3c mi\u1ec7ng b\u1eb1ng Botox<\/td><td style=\"width: 3.78466%; height: 30px; text-align: center;\">3.000.000<\/td><\/tr><tr style=\"height: 24px;\"><td style=\"width: 51.2639%; height: 24px;\">X\u00f3a c\u1eb1m h\u1ea1t s\u1ecfi b\u1eb1ng Botox<\/td><td style=\"width: 3.78466%; text-align: center; height: 24px;\">4.000.000<\/td><\/tr><tr style=\"height: 24px;\"><td style=\"width: 51.2639%; height: 24px;\">Thon g\u1ecdn c\u01a1 h\u00e0m b\u1eb1ng Botox<\/td><td style=\"width: 3.78466%; text-align: center; height: 24px;\">7.000.000<\/td><\/tr><tr style=\"height: 26px;\"><td style=\"width: 55.0486%; height: 26px;\" colspan=\"2\"><span style=\"font-size: 110%;\"><strong>2. Ti\u00eam Filler (\/1ml)<\/strong><\/span><\/td><\/tr><tr style=\"height: 24px;\"><td style=\"width: 51.2639%; height: 24px;\">L\u00e0m \u0111\u1ea7y khu\u00f4n m\u1eb7t v\u1edbi Filler H\u00e0n Qu\u1ed1c<\/td><td style=\"width: 3.78466%; text-align: center; height: 24px;\">5.000.000<\/td><\/tr><tr style=\"height: 24px;\"><td style=\"width: 51.2639%; height: 24px;\">L\u00e0m \u0111\u1ea7y khu\u00f4n m\u1eb7t v\u1edbi Filler Th\u1ee5y S\u0129<\/td><td style=\"width: 3.78466%; text-align: center; height: 24px;\">8.000.000<\/td><\/tr><tr style=\"height: 24px;\"><td style=\"width: 51.2639%; height: 24px;\">L\u00e0m \u0111\u1ea7y khu\u00f4n m\u1eb7t v\u1edbi Filler M\u1ef9<\/td><td style=\"width: 3.78466%; text-align: center; height: 24px;\">10.000.000<\/td><\/tr><tr style=\"height: 24px;\"><td style=\"width: 51.2639%; height: 24px;\"><span style=\"font-size: 110%;\"><strong>3. C\u0103ng ch\u1ec9 khu\u00f4n m\u1eb7t<br \/><\/strong><\/span><\/td><td style=\"width: 3.78466%; text-align: center; height: 24px;\">\u00a0<\/td><\/tr><tr style=\"height: 24px;\"><td style=\"width: 51.2639%; height: 24px;\">N\u00e2ng m\u0169i b\u1eb1ng ch\u1ec9<\/td><td style=\"width: 3.78466%; text-align: center; height: 24px;\">15.000.000<\/td><\/tr><tr style=\"height: 24px;\"><td style=\"width: 51.2639%; height: 24px;\">C\u0103ng da tr\u00e1n b\u1eb1ng ch\u1ec9<\/td><td style=\"width: 3.78466%; text-align: center; height: 24px;\">25.000.000<\/td><\/tr><tr><td style=\"width: 51.2639%;\">C\u0103ng da m\u1eb7t b\u1eb1ng ch\u1ec9<\/td><td style=\"width: 3.78466%; text-align: center;\">30.000.000 &#8211; 50.000.000<\/td><\/tr><\/tbody><\/table>\t\t\t\t\t\t\t\t<\/div>\n\t\t\t\t<\/div>\n\t\t\t\t\t<\/div>\n\t\t<\/div>\n\t\t\t\t<div class=\"elementor-column elementor-col-50 elementor-top-column elementor-element elementor-element-b4ecb98 elementor-hidden-tablet elementor-hidden-mobile elementor-invisible\" data-id=\"b4ecb98\" data-element_type=\"column\" data-settings=\"{&quot;animation&quot;:&quot;fadeInRight&quot;}\">\n\t\t\t<div class=\"elementor-widget-wrap elementor-element-populated\">\n\t\t\t\t\t\t<div class=\"elementor-element elementor-element-b26c261 elementor-widget__width-auto elementor-widget elementor-widget-image\" data-id=\"b26c261\" data-element_type=\"widget\" data-widget_type=\"image.default\">\n\t\t\t\t<div class=\"elementor-widget-container\">\n\t\t\t\t\t\t\t\t\t\t\t\t\t\t\t<img fetchpriority=\"high\" decoding=\"async\" width=\"1114\" height=\"1472\" src=\"https:\/\/drharvard.vn\/wp-content\/uploads\/2024\/02\/Gioi-thieu-Dr.Havard-2-2.jpg\" class=\"attachment-full size-full wp-image-4093\" alt=\"\" \/>\t\t\t\t\t\t\t\t\t\t\t\t\t\t\t<\/div>\n\t\t\t\t<\/div>\n\t\t\t\t<div class=\"elementor-element elementor-element-a86a217 elementor-widget__width-auto elementor-widget elementor-widget-image\" data-id=\"a86a217\" data-element_type=\"widget\" data-widget_type=\"image.default\">\n\t\t\t\t<div class=\"elementor-widget-container\">\n\t\t\t\t\t\t\t\t\t\t\t\t\t\t\t<img decoding=\"async\" width=\"1350\" height=\"1216\" src=\"https:\/\/drharvard.vn\/wp-content\/uploads\/2024\/02\/Gioi-thieu-Dr.Havard1.jpg\" class=\"attachment-full size-full wp-image-4091\" alt=\"\" srcset=\"https:\/\/drharvard.vn\/wp-content\/uploads\/2024\/02\/Gioi-thieu-Dr.Havard1.jpg 1350w, https:\/\/drharvard.vn\/wp-content\/uploads\/2024\/02\/Gioi-thieu-Dr.Havard1-300x270.jpg 300w, https:\/\/drharvard.vn\/wp-content\/uploads\/2024\/02\/Gioi-thieu-Dr.Havard1-1024x922.jpg 1024w, https:\/\/drharvard.vn\/wp-content\/uploads\/2024\/02\/Gioi-thieu-Dr.Havard1-768x692.jpg 768w, https:\/\/drharvard.vn\/wp-content\/uploads\/2024\/02\/Gioi-thieu-Dr.Havard1-13x12.jpg 13w\" sizes=\"(max-width: 1350px) 100vw, 1350px\" \/>\t\t\t\t\t\t\t\t\t\t\t\t\t\t\t<\/div>\n\t\t\t\t<\/div>\n\t\t\t\t<div class=\"elementor-element elementor-element-218dede elementor-widget__width-initial elementor-widget-tablet__width-initial elementor-widget-mobile__width-initial elementor-absolute elementor-hidden-phone ekit-equal-height-disable elementor-invisible elementor-widget elementor-widget-elementskit-icon-box\" data-id=\"218dede\" data-element_type=\"widget\" data-settings=\"{&quot;_animation&quot;:&quot;rotateInUpLeft&quot;,&quot;_animation_delay&quot;:800,&quot;_position&quot;:&quot;absolute&quot;}\" data-widget_type=\"elementskit-icon-box.default\">\n\t\t\t\t<div class=\"elementor-widget-container\">\n\t\t\t\t\t<div class=\"ekit-wid-con\" >        <!-- link opening -->\n                <a href=\"#\" class=\"ekit_global_links\">\n                <!-- end link opening -->\n\n        <div class=\"elementskit-infobox text-center text- icon-top-align elementor-animation-\">\n                            <div class=\"elementskit-box-header\">\n                <div class=\"elementskit-info-box-icon\">\n                    <img loading=\"lazy\" decoding=\"async\" width=\"227\" height=\"256\" src=\"https:\/\/drharvard.vn\/wp-content\/uploads\/2021\/05\/elements-set-of-natural-and-floral-elements-G9XCU6B_procedures.png\" class=\"attachment- size-\" alt=\"\" \/>                <\/div>\n          <\/div>\n                <div class=\"box-body\">\n                                            <\/div>\n        \n        \n                <\/div>\n                <\/a>\n        <\/div>\t\t\t\t<\/div>\n\t\t\t\t<\/div>\n\t\t\t\t\t<\/div>\n\t\t<\/div>\n\t\t\t\t\t<\/div>\n\t\t<\/section>\n\t\t\t\t<\/div>","protected":false},"excerpt":{"rendered":"<p>Price List Medical aesthetics SERVICE PRICE (VND) 1. Botox injection for wrinkle removal Botox for forehead wrinkle removal 6.000.000 Botox for frown line removal 3.000.000 Botox for crow&#8217;s feet wrinkle removal 2.000.000 Botox for mouth corner lifting 3.000.000 Botox for chin dimple removal 4.000.000 Botox for jawline slimming 7.000.000 2. Filler injection (\/1ml) Face volumization [&hellip;]<\/p>","protected":false},"author":1,"featured_media":0,"parent":0,"menu_order":0,"comment_status":"closed","ping_status":"closed","template":"elementor_header_footer","meta":{"footnotes":""},"class_list":["post-1975","page","type-page","status-publish","hentry"],"_links":{"self":[{"href":"https:\/\/drharvard.vn\/vi\/wp-json\/wp\/v2\/pages\/1975","targetHints":{"allow":["GET"]}}],"collection":[{"href":"https:\/\/drharvard.vn\/vi\/wp-json\/wp\/v2\/pages"}],"about":[{"href":"https:\/\/drharvard.vn\/vi\/wp-json\/wp\/v2\/types\/page"}],"author":[{"embeddable":true,"href":"https:\/\/drharvard.vn\/vi\/wp-json\/wp\/v2\/users\/1"}],"replies":[{"embeddable":true,"href":"https:\/\/drharvard.vn\/vi\/wp-json\/wp\/v2\/comments?post=1975"}],"version-history":[{"count":0,"href":"https:\/\/drharvard.vn\/vi\/wp-json\/wp\/v2\/pages\/1975\/revisions"}],"wp:attachment":[{"href":"https:\/\/drharvard.vn\/vi\/wp-json\/wp\/v2\/media?parent=1975"}],"curies":[{"name":"wp","href":"https:\/\/api.w.org\/{rel}","templated":true}]}}