{"id":1970,"date":"2021-05-27T07:52:02","date_gmt":"2021-05-27T07:52:02","guid":{"rendered":"http:\/\/doctorbeauty.kunder.info\/?page_id=1970"},"modified":"2025-04-04T19:41:52","modified_gmt":"2025-04-04T12:41:52","slug":"gia-phau-thuat-tham-my","status":"publish","type":"page","link":"https:\/\/drharvard.vn\/vi\/gia-phau-thuat-tham-my\/","title":{"rendered":"Gi\u00e1 ph\u1eabu thu\u1eadt th\u1ea9m m\u1ef9"},"content":{"rendered":"<div data-elementor-type=\"wp-page\" data-elementor-id=\"1970\" class=\"elementor elementor-1970\">\n\t\t\t\t\t\t<section class=\"elementor-section elementor-top-section elementor-element elementor-element-7de2efd elementor-section-full_width elementor-section-height-default elementor-section-height-default\" data-id=\"7de2efd\" data-element_type=\"section\" data-settings=\"{&quot;background_background&quot;:&quot;classic&quot;}\">\n\t\t\t\t\t\t\t<div class=\"elementor-background-overlay\"><\/div>\n\t\t\t\t\t\t\t<div class=\"elementor-container elementor-column-gap-default\">\n\t\t\t\t\t<div class=\"elementor-column elementor-col-100 elementor-top-column elementor-element elementor-element-e89e480\" data-id=\"e89e480\" data-element_type=\"column\">\n\t\t\t<div class=\"elementor-widget-wrap elementor-element-populated\">\n\t\t\t\t\t\t\t<\/div>\n\t\t<\/div>\n\t\t\t\t\t<\/div>\n\t\t<\/section>\n\t\t\t\t<section class=\"elementor-section elementor-top-section elementor-element elementor-element-6449971c elementor-section-boxed elementor-section-height-default elementor-section-height-default\" data-id=\"6449971c\" data-element_type=\"section\">\n\t\t\t\t\t\t<div class=\"elementor-container elementor-column-gap-default\">\n\t\t\t\t\t<div class=\"elementor-column elementor-col-50 elementor-top-column elementor-element elementor-element-2b96e430\" data-id=\"2b96e430\" data-element_type=\"column\">\n\t\t\t<div class=\"elementor-widget-wrap elementor-element-populated\">\n\t\t\t\t\t\t<div class=\"elementor-element elementor-element-725d505b elementor-widget__width-initial elementor-absolute elementor-hidden-phone ekit-equal-height-disable elementor-invisible elementor-widget elementor-widget-elementskit-icon-box\" data-id=\"725d505b\" data-element_type=\"widget\" data-settings=\"{&quot;_animation&quot;:&quot;rotateInUpRight&quot;,&quot;_animation_delay&quot;:800,&quot;_position&quot;:&quot;absolute&quot;}\" data-widget_type=\"elementskit-icon-box.default\">\n\t\t\t\t<div class=\"elementor-widget-container\">\n\t\t\t\t\t<div class=\"ekit-wid-con\" >        <!-- link opening -->\n                <a href=\"#\" class=\"ekit_global_links\">\n                <!-- end link opening -->\n\n        <div class=\"elementskit-infobox text-center text- icon-top-align elementor-animation-\">\n                            <div class=\"elementskit-box-header\">\n                <div class=\"elementskit-info-box-icon\">\n                    <img decoding=\"async\" width=\"34\" height=\"51\" src=\"https:\/\/drharvard.vn\/wp-content\/uploads\/2021\/05\/elements-set-of-natural-and-floral-elements-G9XCU6B-3.png\" class=\"attachment- size-\" alt=\"\" \/>                <\/div>\n          <\/div>\n                <div class=\"box-body\">\n                                            <\/div>\n        \n        \n                <\/div>\n                <\/a>\n        <\/div>\t\t\t\t<\/div>\n\t\t\t\t<\/div>\n\t\t\t\t<div class=\"elementor-element elementor-element-66f72858 elementor-invisible elementor-widget elementor-widget-heading\" data-id=\"66f72858\" data-element_type=\"widget\" data-settings=\"{&quot;_animation&quot;:&quot;fadeInRight&quot;,&quot;_animation_delay&quot;:500}\" data-widget_type=\"heading.default\">\n\t\t\t\t<div class=\"elementor-widget-container\">\n\t\t\t\t\t<h3 class=\"elementor-heading-title elementor-size-default\">\nB\u1ea3ng gi\u00e1<\/h3>\t\t\t\t<\/div>\n\t\t\t\t<\/div>\n\t\t\t\t<div class=\"elementor-element elementor-element-208daae elementor-invisible elementor-widget elementor-widget-heading\" data-id=\"208daae\" data-element_type=\"widget\" data-settings=\"{&quot;_animation&quot;:&quot;fadeInUp&quot;,&quot;_animation_delay&quot;:600}\" data-widget_type=\"heading.default\">\n\t\t\t\t<div class=\"elementor-widget-container\">\n\t\t\t\t\t<h2 class=\"elementor-heading-title elementor-size-default\">Ph\u1eabu Thu\u1eadt Th\u1ea9m M\u1ef9<\/h2>\t\t\t\t<\/div>\n\t\t\t\t<\/div>\n\t\t\t\t<div class=\"elementor-element elementor-element-d070ccc elementor-invisible elementor-widget elementor-widget-text-editor\" data-id=\"d070ccc\" data-element_type=\"widget\" data-settings=\"{&quot;_animation&quot;:&quot;fadeInUp&quot;,&quot;_animation_delay&quot;:600}\" data-widget_type=\"text-editor.default\">\n\t\t\t\t<div class=\"elementor-widget-container\">\n\t\t\t\t\t\t\t\t\t<table style=\"border-collapse: collapse; width: 100%; height: 826px;\"><tbody><tr style=\"height: 24px;\"><td style=\"width: 51.2639%; height: 24px; background-color: #f09f1f; font-size: 110%; color: #ffffff;\"><strong>D\u1ecaCH V\u1ee4<\/strong><\/td><td style=\"width: 3.78466%; height: 24px; text-align: center; background-color: #f09f1f; font-size: 110%; color: #ffffff;\"><strong>GI\u00c1 (VND)<br \/><\/strong><\/td><\/tr><tr style=\"height: 24px;\"><td style=\"height: 24px; width: 55.0486%;\" colspan=\"2\"><span style=\"font-size: 110%;\"><strong><strong>1. B\u1ea3ng gi\u00e1 n\u00e2ng m\u0169i<\/strong><\/strong><\/span><strong><strong><br \/><\/strong><\/strong><\/td><\/tr><tr style=\"height: 24px;\"><td style=\"width: 51.2639%; height: 24px;\">N\u00e2ng m\u0169i v\u1edbi S\u1ee5n Silicon L<\/td><td style=\"width: 3.78466%; height: 24px;\">15.000.000<\/td><\/tr><tr style=\"height: 24px;\"><td style=\"width: 51.2639%; height: 24px;\">N\u00e2ng m\u0169i v\u1edbi S\u1ee5n Surgiform th\u01b0\u1eddng<\/td><td style=\"width: 3.78466%; height: 24px;\">25.000.000<\/td><\/tr><tr style=\"height: 24px;\"><td style=\"width: 51.2639%; height: 24px;\">N\u00e2ng m\u0169i b\u1ecdc s\u1ee5n<\/td><td style=\"width: 3.78466%; height: 24px;\">20.000.000<\/td><\/tr><tr style=\"height: 72px;\"><td style=\"width: 51.2639%; height: 72px;\">N\u00e2ng m\u0169i c\u1ea5u tr\u00fac<\/td><td style=\"width: 3.78466%; text-align: center; height: 72px;\">35.000.000 &#8211; 70.000.000<\/td><\/tr><tr style=\"height: 26px;\"><td style=\"width: 51.2639%; height: 26px;\" colspan=\"2\"><span style=\"font-size: 110%;\"><strong>2. Ph\u1eabu thu\u1eadt th\u1ea9m m\u1ef9 m\u1eaft<\/strong><\/span><\/td><\/tr><tr style=\"height: 24px;\"><td style=\"width: 51.2639%; height: 24px;\">C\u1eaft m\u1eaft t\u1ea1o h\u00ecnh hai m\u00ed<\/td><td style=\"width: 3.78466%; text-align: center; height: 24px;\">20.000.000<\/td><\/tr><tr style=\"height: 24px;\"><td style=\"width: 51.2639%; height: 24px;\">C\u1eaft da th\u1eeba v\u00e0 l\u1ea5y m\u1ee1 m\u00ed d\u01b0\u1edbi<\/td><td style=\"width: 3.78466%; text-align: center; height: 24px;\">25.000.000<\/td><\/tr><tr style=\"height: 24px;\"><td style=\"width: 51.2639%; height: 24px;\">C\u1eaft m\u1eaft m\u00ed d\u01b0\u1edbi d\u1eddi m\u1ee1 che khuy\u1ebft r\u00e3nh l\u1ec7<\/td><td style=\"width: 3.78466%; text-align: center; height: 24px;\">30.000.000<\/td><\/tr><tr style=\"height: 24px;\"><td style=\"width: 51.2639%; height: 24px;\">N\u00e2ng cung ch\u00e2n m\u00e0y tr\u1ef1c ti\u1ebfp<\/td><td style=\"width: 3.78466%; text-align: center; height: 24px;\">22.000.000<\/td><\/tr><tr style=\"height: 24px;\"><td style=\"width: 51.2639%; height: 24px;\">C\u0103n da tr\u00e1n to\u00e0n ph\u1ea7n<\/td><td style=\"width: 3.78466%; text-align: center; height: 24px;\">50.000.000<\/td><\/tr><tr style=\"height: 24px;\"><td style=\"width: 51.2639%; height: 24px;\" colspan=\"2\"><span style=\"font-size: 110%;\"><strong>3. L\u1ea5y t\u00fai m\u1ee1 m\u00e1<br \/><\/strong><\/span><\/td><\/tr><tr style=\"height: 24px;\"><td style=\"width: 51.2639%; height: 24px;\">L\u1ea5y t\u00fai m\u1ee1 m\u00e1 d\u01b0\u1edbi g\u00e2y t\u00ea<\/td><td style=\"width: 3.78466%; text-align: center; height: 24px;\">20.000.000<\/td><\/tr><tr style=\"height: 24px;\"><td style=\"width: 51.2639%; height: 24px;\">L\u1ea5y t\u00fai m\u1ee1 m\u00e1 d\u01b0\u1edbi g\u00e2y m\u00ea<\/td><td style=\"width: 3.78466%; text-align: center; height: 24px;\">25.000.000<\/td><\/tr><tr style=\"height: 26px;\"><td style=\"width: 51.2639%; height: 26px;\" colspan=\"2\"><span style=\"font-size: 110%;\"><strong>4. Ph\u1eabu thu\u1eadt \u0111\u1ed9n c\u1eb1m<\/strong><\/span><\/td><\/tr><tr style=\"height: 24px;\"><td style=\"width: 51.2639%; height: 24px;\">\u0110\u1ed9n c\u1eb1m b\u1eb1ng c\u1ea5y m\u1ee1<\/td><td style=\"width: 3.78466%; text-align: center; height: 24px;\">20.000.000<\/td><\/tr><tr style=\"height: 24px;\"><td style=\"width: 51.2639%; height: 24px;\">\u0110\u1ed9n c\u1eb1m b\u1eb1ng s\u1ee5n<\/td><td style=\"width: 3.78466%; text-align: center; height: 24px;\">28.000.000<\/td><\/tr><tr style=\"height: 52px;\"><td style=\"width: 51.2639%; height: 52px;\" colspan=\"2\"><span style=\"font-size: 110%;\"><strong>5. Ph\u1eabu thu\u1eadt tuy\u1ebfn v\u00fa ph\u00ec \u0111\u1ea1i nam gi\u1edbi<\/strong><\/span><\/td><\/tr><tr style=\"height: 24px;\"><td style=\"width: 51.2639%; height: 24px;\">C\u1eaft b\u1ecf tuy\u1ebfn v\u00fa ph\u00ec \u0111\u1ea1i \u0111\u1ed9 1<\/td><td style=\"width: 3.78466%; text-align: center; height: 24px;\">15.000.000<\/td><\/tr><tr style=\"height: 24px;\"><td style=\"width: 51.2639%; height: 24px;\">C\u1eaft b\u1ecf tuy\u1ebfn v\u00fa ph\u00ec \u0111\u1ea1i \u0111\u1ed9 2<\/td><td style=\"width: 3.78466%; text-align: center; height: 24px;\">20.000.000<\/td><\/tr><tr style=\"height: 24px;\"><td style=\"width: 51.2639%; height: 24px;\">C\u1eaft b\u1ecf tuy\u1ebfn v\u00fa ph\u00ec \u0111\u1ea1i \u0111\u1ed9 3<\/td><td style=\"width: 3.78466%; text-align: center; height: 24px;\">50.000.000<\/td><\/tr><tr style=\"height: 24px;\"><td style=\"width: 51.2639%; height: 24px;\">N\u00e2ng ng\u1ef1c \u1edf nam gi\u1edbi<\/td><td style=\"width: 3.78466%; text-align: center; height: 24px;\">70.000.000<\/td><\/tr><tr style=\"height: 26px;\"><td style=\"width: 51.2639%; height: 26px;\" colspan=\"2\"><span style=\"font-size: 110%;\"><strong>6. Ph\u1eabu thu\u1eadt n\u00e2ng ng\u1ef1c<\/strong><\/span><\/td><\/tr><tr style=\"height: 24px;\"><td style=\"width: 51.2639%; height: 24px;\">N\u00e2ng ng\u1ef1c v\u1edbi t\u00fai \u0111\u1ed9n<\/td><td style=\"width: 3.78466%; text-align: center; height: 24px;\">50.000.000 &#8211; 95.000.000<\/td><\/tr><tr style=\"height: 24px;\"><td style=\"width: 51.2639%; height: 24px;\" colspan=\"2\"><span style=\"font-size: 110%;\"><strong>7. Ph\u1eabu thu\u1eadt v\u00f9ng k\u00edn ph\u1ee5 n\u1eef<br \/><\/strong><\/span><\/td><\/tr><tr style=\"height: 24px;\"><td style=\"width: 51.2639%; height: 24px;\">T\u1ea1o h\u00ecnh m\u00f4i b\u00e9<\/td><td style=\"width: 3.78466%; text-align: center; height: 24px;\">20.000.000<\/td><\/tr><tr style=\"height: 24px;\"><td style=\"width: 51.2639%; height: 24px;\">C\u1ea5y m\u1ee1 m\u00f4i l\u1edbn<\/td><td style=\"width: 3.78466%; text-align: center; height: 24px;\">25.000.000<\/td><\/tr><tr style=\"height: 24px;\"><td style=\"width: 51.2639%; height: 24px;\">Thu nh\u1ecf \u00e2m \u0111\u1ea1o<\/td><td style=\"width: 3.78466%; text-align: center; height: 24px;\">30.000.000 &#8211; 45.000.000<\/td><\/tr><tr style=\"height: 24px;\"><td style=\"width: 51.2639%; height: 24px;\" colspan=\"2\"><span style=\"font-size: 110%;\"><strong>8. Ph\u1eabu thu\u1eadt c\u0103ng da m\u1eb7t<\/strong><\/span><\/td><\/tr><tr style=\"height: 24px;\"><td style=\"width: 51.2639%; height: 24px;\">C\u0103ng da m\u1eb7t mini<\/td><td style=\"width: 3.78466%; text-align: center; height: 24px;\">25.000.000<\/td><\/tr><tr><td style=\"width: 51.2639%;\">C\u0103ng da m\u1eb7t to\u00e0n ph\u1ea7n<\/td><td style=\"width: 3.78466%; text-align: center;\">55.000.000<\/td><\/tr><tr><td style=\"width: 51.2639%;\" colspan=\"2\"><span style=\"font-size: 110%;\"><strong>9. T\u1ea1o h\u00ecnh tai v\u1ec5nh<\/strong><\/span><\/td><\/tr><tr><td style=\"width: 51.2639%;\">T\u1ea1o h\u00ecnh tai v\u1ec5nh<\/td><td style=\"width: 3.78466%; text-align: center;\">15.000.000 &#8211; 25.000.000<\/td><\/tr><tr><td style=\"width: 51.2639%;\" colspan=\"2\"><span style=\"font-size: 110%;\"><strong>10. Thu nh\u1ecf m\u00f4i d\u00e0y<\/strong><\/span><\/td><\/tr><tr><td style=\"width: 51.2639%;\">Thu nh\u1ecf m\u00f4i d\u00e0y<\/td><td style=\"width: 3.78466%; text-align: center;\">8.000.000 &#8211; 15.000.000<\/td><\/tr><\/tbody><\/table>\t\t\t\t\t\t\t\t<\/div>\n\t\t\t\t<\/div>\n\t\t\t\t\t<\/div>\n\t\t<\/div>\n\t\t\t\t<div class=\"elementor-column elementor-col-50 elementor-top-column elementor-element elementor-element-798e8e52 elementor-hidden-tablet elementor-hidden-mobile elementor-invisible\" data-id=\"798e8e52\" data-element_type=\"column\" data-settings=\"{&quot;animation&quot;:&quot;fadeInRight&quot;}\">\n\t\t\t<div class=\"elementor-widget-wrap elementor-element-populated\">\n\t\t\t\t\t\t<div class=\"elementor-element elementor-element-31185bcd elementor-widget__width-auto elementor-widget elementor-widget-image\" data-id=\"31185bcd\" data-element_type=\"widget\" data-widget_type=\"image.default\">\n\t\t\t\t<div class=\"elementor-widget-container\">\n\t\t\t\t\t\t\t\t\t\t\t\t\t\t\t<img fetchpriority=\"high\" decoding=\"async\" width=\"1114\" height=\"1472\" src=\"https:\/\/drharvard.vn\/wp-content\/uploads\/2024\/02\/Gioi-thieu-Dr.Havard-2-2.jpg\" class=\"attachment-full size-full wp-image-4093\" alt=\"\" \/>\t\t\t\t\t\t\t\t\t\t\t\t\t\t\t<\/div>\n\t\t\t\t<\/div>\n\t\t\t\t<div class=\"elementor-element elementor-element-392c101 elementor-widget__width-auto elementor-widget elementor-widget-image\" data-id=\"392c101\" data-element_type=\"widget\" data-widget_type=\"image.default\">\n\t\t\t\t<div class=\"elementor-widget-container\">\n\t\t\t\t\t\t\t\t\t\t\t\t\t\t\t<img decoding=\"async\" width=\"1350\" height=\"1216\" src=\"https:\/\/drharvard.vn\/wp-content\/uploads\/2024\/02\/Gioi-thieu-Dr.Havard1.jpg\" class=\"attachment-full size-full wp-image-4091\" alt=\"\" srcset=\"https:\/\/drharvard.vn\/wp-content\/uploads\/2024\/02\/Gioi-thieu-Dr.Havard1.jpg 1350w, https:\/\/drharvard.vn\/wp-content\/uploads\/2024\/02\/Gioi-thieu-Dr.Havard1-300x270.jpg 300w, https:\/\/drharvard.vn\/wp-content\/uploads\/2024\/02\/Gioi-thieu-Dr.Havard1-1024x922.jpg 1024w, https:\/\/drharvard.vn\/wp-content\/uploads\/2024\/02\/Gioi-thieu-Dr.Havard1-768x692.jpg 768w, https:\/\/drharvard.vn\/wp-content\/uploads\/2024\/02\/Gioi-thieu-Dr.Havard1-13x12.jpg 13w\" sizes=\"(max-width: 1350px) 100vw, 1350px\" \/>\t\t\t\t\t\t\t\t\t\t\t\t\t\t\t<\/div>\n\t\t\t\t<\/div>\n\t\t\t\t<div class=\"elementor-element elementor-element-00dab71 elementor-widget__width-auto elementor-widget elementor-widget-image\" data-id=\"00dab71\" data-element_type=\"widget\" data-widget_type=\"image.default\">\n\t\t\t\t<div class=\"elementor-widget-container\">\n\t\t\t\t\t\t\t\t\t\t\t\t\t\t\t<img loading=\"lazy\" decoding=\"async\" width=\"1080\" height=\"1080\" src=\"https:\/\/drharvard.vn\/wp-content\/uploads\/2024\/02\/drhavard-5.jpg\" class=\"attachment-full size-full wp-image-4063\" alt=\"\" srcset=\"https:\/\/drharvard.vn\/wp-content\/uploads\/2024\/02\/drhavard-5.jpg 1080w, https:\/\/drharvard.vn\/wp-content\/uploads\/2024\/02\/drhavard-5-300x300.jpg 300w, https:\/\/drharvard.vn\/wp-content\/uploads\/2024\/02\/drhavard-5-1024x1024.jpg 1024w, https:\/\/drharvard.vn\/wp-content\/uploads\/2024\/02\/drhavard-5-150x150.jpg 150w, https:\/\/drharvard.vn\/wp-content\/uploads\/2024\/02\/drhavard-5-768x768.jpg 768w, https:\/\/drharvard.vn\/wp-content\/uploads\/2024\/02\/drhavard-5-12x12.jpg 12w\" sizes=\"(max-width: 1080px) 100vw, 1080px\" \/>\t\t\t\t\t\t\t\t\t\t\t\t\t\t\t<\/div>\n\t\t\t\t<\/div>\n\t\t\t\t<div class=\"elementor-element elementor-element-f5918d2 elementor-widget__width-auto elementor-widget elementor-widget-image\" data-id=\"f5918d2\" data-element_type=\"widget\" data-widget_type=\"image.default\">\n\t\t\t\t<div class=\"elementor-widget-container\">\n\t\t\t\t\t\t\t\t\t\t\t\t\t\t\t<img loading=\"lazy\" decoding=\"async\" width=\"1600\" height=\"978\" src=\"https:\/\/drharvard.vn\/wp-content\/uploads\/2024\/01\/home-ban.webp\" class=\"attachment-full size-full wp-image-4022\" alt=\"\" srcset=\"https:\/\/drharvard.vn\/wp-content\/uploads\/2024\/01\/home-ban.webp 1600w, https:\/\/drharvard.vn\/wp-content\/uploads\/2024\/01\/home-ban-300x183.webp 300w, https:\/\/drharvard.vn\/wp-content\/uploads\/2024\/01\/home-ban-1024x626.webp 1024w, https:\/\/drharvard.vn\/wp-content\/uploads\/2024\/01\/home-ban-768x469.webp 768w, https:\/\/drharvard.vn\/wp-content\/uploads\/2024\/01\/home-ban-1536x939.webp 1536w, https:\/\/drharvard.vn\/wp-content\/uploads\/2024\/01\/home-ban-18x12.webp 18w\" sizes=\"(max-width: 1600px) 100vw, 1600px\" \/>\t\t\t\t\t\t\t\t\t\t\t\t\t\t\t<\/div>\n\t\t\t\t<\/div>\n\t\t\t\t<div class=\"elementor-element elementor-element-dcf3b34 elementor-widget__width-auto elementor-widget elementor-widget-image\" data-id=\"dcf3b34\" data-element_type=\"widget\" data-widget_type=\"image.default\">\n\t\t\t\t<div class=\"elementor-widget-container\">\n\t\t\t\t\t\t\t\t\t\t\t\t\t\t\t<img loading=\"lazy\" decoding=\"async\" width=\"1920\" height=\"1014\" src=\"https:\/\/drharvard.vn\/wp-content\/uploads\/2024\/02\/phong-kham-drhavard.jpg\" class=\"attachment-full size-full wp-image-4068\" alt=\"\" srcset=\"https:\/\/drharvard.vn\/wp-content\/uploads\/2024\/02\/phong-kham-drhavard.jpg 1920w, https:\/\/drharvard.vn\/wp-content\/uploads\/2024\/02\/phong-kham-drhavard-300x158.jpg 300w, https:\/\/drharvard.vn\/wp-content\/uploads\/2024\/02\/phong-kham-drhavard-1024x541.jpg 1024w, https:\/\/drharvard.vn\/wp-content\/uploads\/2024\/02\/phong-kham-drhavard-768x406.jpg 768w, https:\/\/drharvard.vn\/wp-content\/uploads\/2024\/02\/phong-kham-drhavard-1536x811.jpg 1536w, https:\/\/drharvard.vn\/wp-content\/uploads\/2024\/02\/phong-kham-drhavard-18x10.jpg 18w\" sizes=\"(max-width: 1920px) 100vw, 1920px\" \/>\t\t\t\t\t\t\t\t\t\t\t\t\t\t\t<\/div>\n\t\t\t\t<\/div>\n\t\t\t\t<div class=\"elementor-element elementor-element-3aa6c368 elementor-widget__width-initial elementor-widget-tablet__width-initial elementor-widget-mobile__width-initial elementor-absolute elementor-hidden-phone ekit-equal-height-disable elementor-invisible elementor-widget elementor-widget-elementskit-icon-box\" data-id=\"3aa6c368\" data-element_type=\"widget\" data-settings=\"{&quot;_animation&quot;:&quot;rotateInUpLeft&quot;,&quot;_animation_delay&quot;:800,&quot;_position&quot;:&quot;absolute&quot;}\" data-widget_type=\"elementskit-icon-box.default\">\n\t\t\t\t<div class=\"elementor-widget-container\">\n\t\t\t\t\t<div class=\"ekit-wid-con\" >        <!-- link opening -->\n                <a href=\"#\" class=\"ekit_global_links\">\n                <!-- end link opening -->\n\n        <div class=\"elementskit-infobox text-center text- icon-top-align elementor-animation-\">\n                            <div class=\"elementskit-box-header\">\n                <div class=\"elementskit-info-box-icon\">\n                    <img loading=\"lazy\" decoding=\"async\" width=\"227\" height=\"256\" src=\"https:\/\/drharvard.vn\/wp-content\/uploads\/2021\/05\/elements-set-of-natural-and-floral-elements-G9XCU6B_procedures.png\" class=\"attachment- size-\" alt=\"\" \/>                <\/div>\n          <\/div>\n                <div class=\"box-body\">\n                                            <\/div>\n        \n        \n                <\/div>\n                <\/a>\n        <\/div>\t\t\t\t<\/div>\n\t\t\t\t<\/div>\n\t\t\t\t\t<\/div>\n\t\t<\/div>\n\t\t\t\t\t<\/div>\n\t\t<\/section>\n\t\t\t\t<\/div>","protected":false},"excerpt":{"rendered":"<p>Price list Cosmetic Surgery SERVICE PRICE (VND) 1. Price of nose implant and nose augmentation Nose implant with L silicon bar 15.000.000 Nose implant with Surgiform 25.000.000 Rhinoplasty covered with cartilage 20.000.000 Nose augmentation by reconstruction 35.000.000 &#8211; 70.000.000 2. Blepharoplasty Blepharoplasty for double eyelid creation 20.000.000 Blepharoplasty for exces skin and fat pad lower [&hellip;]<\/p>","protected":false},"author":1,"featured_media":0,"parent":0,"menu_order":0,"comment_status":"closed","ping_status":"closed","template":"elementor_header_footer","meta":{"footnotes":""},"class_list":["post-1970","page","type-page","status-publish","hentry"],"_links":{"self":[{"href":"https:\/\/drharvard.vn\/vi\/wp-json\/wp\/v2\/pages\/1970","targetHints":{"allow":["GET"]}}],"collection":[{"href":"https:\/\/drharvard.vn\/vi\/wp-json\/wp\/v2\/pages"}],"about":[{"href":"https:\/\/drharvard.vn\/vi\/wp-json\/wp\/v2\/types\/page"}],"author":[{"embeddable":true,"href":"https:\/\/drharvard.vn\/vi\/wp-json\/wp\/v2\/users\/1"}],"replies":[{"embeddable":true,"href":"https:\/\/drharvard.vn\/vi\/wp-json\/wp\/v2\/comments?post=1970"}],"version-history":[{"count":0,"href":"https:\/\/drharvard.vn\/vi\/wp-json\/wp\/v2\/pages\/1970\/revisions"}],"wp:attachment":[{"href":"https:\/\/drharvard.vn\/vi\/wp-json\/wp\/v2\/media?parent=1970"}],"curies":[{"name":"wp","href":"https:\/\/api.w.org\/{rel}","templated":true}]}}