{"id":1933,"date":"2021-05-27T07:40:54","date_gmt":"2021-05-27T07:40:54","guid":{"rendered":"http:\/\/doctorbeauty.kunder.info\/?page_id=1933"},"modified":"2025-04-04T20:54:14","modified_gmt":"2025-04-04T13:54:14","slug":"gia-dieu-tri-tre-hoa-da","status":"publish","type":"page","link":"https:\/\/drharvard.vn\/vi\/gia-dieu-tri-tre-hoa-da\/","title":{"rendered":"Gi\u00e1 \u0111i\u1ec1u tr\u1ecb tr\u1ebb h\u00f3a da"},"content":{"rendered":"<div data-elementor-type=\"wp-page\" data-elementor-id=\"1933\" class=\"elementor elementor-1933\">\n\t\t\t\t\t\t<section class=\"elementor-section elementor-top-section elementor-element elementor-element-7de2efd elementor-section-full_width elementor-section-height-default elementor-section-height-default\" data-id=\"7de2efd\" data-element_type=\"section\" data-settings=\"{&quot;background_background&quot;:&quot;classic&quot;}\">\n\t\t\t\t\t\t\t<div class=\"elementor-background-overlay\"><\/div>\n\t\t\t\t\t\t\t<div class=\"elementor-container elementor-column-gap-default\">\n\t\t\t\t\t<div class=\"elementor-column elementor-col-100 elementor-top-column elementor-element elementor-element-e89e480\" data-id=\"e89e480\" data-element_type=\"column\">\n\t\t\t<div class=\"elementor-widget-wrap elementor-element-populated\">\n\t\t\t\t\t\t\t<\/div>\n\t\t<\/div>\n\t\t\t\t\t<\/div>\n\t\t<\/section>\n\t\t\t\t<section class=\"elementor-section elementor-top-section elementor-element elementor-element-80c2c6f elementor-section-boxed elementor-section-height-default elementor-section-height-default\" data-id=\"80c2c6f\" data-element_type=\"section\">\n\t\t\t\t\t\t<div class=\"elementor-container elementor-column-gap-default\">\n\t\t\t\t\t<div class=\"elementor-column elementor-col-50 elementor-top-column elementor-element elementor-element-2a75aff\" data-id=\"2a75aff\" data-element_type=\"column\">\n\t\t\t<div class=\"elementor-widget-wrap elementor-element-populated\">\n\t\t\t\t\t\t<div class=\"elementor-element elementor-element-f394d4b elementor-widget__width-initial elementor-absolute elementor-hidden-phone ekit-equal-height-disable elementor-invisible elementor-widget elementor-widget-elementskit-icon-box\" data-id=\"f394d4b\" data-element_type=\"widget\" data-settings=\"{&quot;_animation&quot;:&quot;rotateInUpRight&quot;,&quot;_animation_delay&quot;:800,&quot;_position&quot;:&quot;absolute&quot;}\" data-widget_type=\"elementskit-icon-box.default\">\n\t\t\t\t<div class=\"elementor-widget-container\">\n\t\t\t\t\t<div class=\"ekit-wid-con\" >        <!-- link opening -->\n                <a href=\"#\" class=\"ekit_global_links\">\n                <!-- end link opening -->\n\n        <div class=\"elementskit-infobox text-center text- icon-top-align elementor-animation-\">\n                            <div class=\"elementskit-box-header\">\n                <div class=\"elementskit-info-box-icon\">\n                    <img decoding=\"async\" width=\"34\" height=\"51\" src=\"https:\/\/drharvard.vn\/wp-content\/uploads\/2021\/05\/elements-set-of-natural-and-floral-elements-G9XCU6B-3.png\" class=\"attachment- size-\" alt=\"\" \/>                <\/div>\n          <\/div>\n                <div class=\"box-body\">\n                                            <\/div>\n        \n        \n                <\/div>\n                <\/a>\n        <\/div>\t\t\t\t<\/div>\n\t\t\t\t<\/div>\n\t\t\t\t<div class=\"elementor-element elementor-element-de4d760 elementor-invisible elementor-widget elementor-widget-heading\" data-id=\"de4d760\" data-element_type=\"widget\" data-settings=\"{&quot;_animation&quot;:&quot;fadeInRight&quot;,&quot;_animation_delay&quot;:500}\" data-widget_type=\"heading.default\">\n\t\t\t\t<div class=\"elementor-widget-container\">\n\t\t\t\t\t<h3 class=\"elementor-heading-title elementor-size-default\">B\u1ea3ng Gi\u00e1<\/h3>\t\t\t\t<\/div>\n\t\t\t\t<\/div>\n\t\t\t\t<div class=\"elementor-element elementor-element-00f08a5 elementor-invisible elementor-widget elementor-widget-heading\" data-id=\"00f08a5\" data-element_type=\"widget\" data-settings=\"{&quot;_animation&quot;:&quot;fadeInUp&quot;,&quot;_animation_delay&quot;:600}\" data-widget_type=\"heading.default\">\n\t\t\t\t<div class=\"elementor-widget-container\">\n\t\t\t\t\t<h2 class=\"elementor-heading-title elementor-size-default\">Gi\u00e1 \u0111i\u1ec1u tr\u1ecb tr\u1ebb h\u00f3a da<\/h2>\t\t\t\t<\/div>\n\t\t\t\t<\/div>\n\t\t\t\t<div class=\"elementor-element elementor-element-5ad25f0 elementor-invisible elementor-widget elementor-widget-text-editor\" data-id=\"5ad25f0\" data-element_type=\"widget\" data-settings=\"{&quot;_animation&quot;:&quot;fadeInUp&quot;,&quot;_animation_delay&quot;:600}\" data-widget_type=\"text-editor.default\">\n\t\t\t\t<div class=\"elementor-widget-container\">\n\t\t\t\t\t\t\t\t\t<table style=\"border-collapse: collapse; width: 100%; height: 92px;\"><tbody><tr style=\"height: 24px;\"><td style=\"width: 41.5522%; height: 10px; background-color: #f09f1f; font-size: 110%; color: #ffffff;\"><strong>D\u1ecaCH V\u1ee4<\/strong><\/td><td style=\"width: 13.4964%; height: 10px; text-align: center; background-color: #f09f1f; font-size: 110%; color: #ffffff;\"><strong>PRICE<br \/>Gi\u00e1\n(VND \/ 1 L\u1ea6N)<\/strong><\/td><\/tr><tr style=\"height: 24px;\"><td style=\"width: 41.5522%; height: 24px;\">\u0110i\u1ec1u tr\u1ecb c\u0103ng b\u00f3ng da vi \u0111i\u1ec3m<\/td><td style=\"width: 13.4964%; height: 24px; text-align: center;\">3.000.000<\/td><\/tr><tr style=\"height: 24px;\"><td style=\"width: 41.5522%; height: 24px;\">\u0110i\u1ec1u tr\u1ecb tr\u1ebb h\u00f3a da b\u1eb1ng li\u1ec7u ph\u00e1p huy\u1ebft t\u01b0\u01a1ng gi\u00e0u ti\u1ec3u c\u1ea7u (PRP)<\/td><td style=\"width: 13.4964%; height: 24px; text-align: center;\">5.000.000<\/td><\/tr><tr style=\"height: 24px;\"><td style=\"width: 41.5522%; height: 24px;\">Tr\u1ebb h\u00f3a da b\u1eb1ng c\u00f4ng ngh\u1ec7 si\u00eau \u00e2m HIFU<\/td><td style=\"width: 13.4964%; height: 24px; text-align: center;\">7.000.000<\/td><\/tr><tr style=\"height: 72px;\"><td style=\"width: 41.5522%; height: 10px;\">\u0110i\u1ec1u tr\u1ecb s\u1eb9o r\u1ed7 b\u1eb1ng c\u00f4ng ngh\u1ec7 Laser C02<\/td><td style=\"width: 13.4964%; height: 10px; text-align: center;\">2.000.000<\/td><\/tr><\/tbody><\/table>\t\t\t\t\t\t\t\t<\/div>\n\t\t\t\t<\/div>\n\t\t\t\t\t<\/div>\n\t\t<\/div>\n\t\t\t\t<div class=\"elementor-column elementor-col-50 elementor-top-column elementor-element elementor-element-3734d4d elementor-hidden-tablet elementor-hidden-mobile elementor-invisible\" data-id=\"3734d4d\" data-element_type=\"column\" data-settings=\"{&quot;animation&quot;:&quot;fadeInRight&quot;}\">\n\t\t\t<div class=\"elementor-widget-wrap elementor-element-populated\">\n\t\t\t\t\t\t<div class=\"elementor-element elementor-element-7c5ccc2 elementor-widget__width-auto elementor-widget elementor-widget-image\" data-id=\"7c5ccc2\" data-element_type=\"widget\" data-widget_type=\"image.default\">\n\t\t\t\t<div class=\"elementor-widget-container\">\n\t\t\t\t\t\t\t\t\t\t\t\t\t\t\t<img fetchpriority=\"high\" decoding=\"async\" width=\"1114\" height=\"1472\" src=\"https:\/\/drharvard.vn\/wp-content\/uploads\/2024\/02\/Gioi-thieu-Dr.Havard-2-2.jpg\" class=\"attachment-full size-full wp-image-4093\" alt=\"\" \/>\t\t\t\t\t\t\t\t\t\t\t\t\t\t\t<\/div>\n\t\t\t\t<\/div>\n\t\t\t\t<div class=\"elementor-element elementor-element-c83aba3 elementor-widget__width-initial elementor-widget-tablet__width-initial elementor-widget-mobile__width-initial elementor-absolute elementor-hidden-phone ekit-equal-height-disable elementor-invisible elementor-widget elementor-widget-elementskit-icon-box\" data-id=\"c83aba3\" data-element_type=\"widget\" data-settings=\"{&quot;_animation&quot;:&quot;rotateInUpLeft&quot;,&quot;_animation_delay&quot;:800,&quot;_position&quot;:&quot;absolute&quot;}\" data-widget_type=\"elementskit-icon-box.default\">\n\t\t\t\t<div class=\"elementor-widget-container\">\n\t\t\t\t\t<div class=\"ekit-wid-con\" >        <!-- link opening -->\n                <a href=\"#\" class=\"ekit_global_links\">\n                <!-- end link opening -->\n\n        <div class=\"elementskit-infobox text-center text- icon-top-align elementor-animation-\">\n                            <div class=\"elementskit-box-header\">\n                <div class=\"elementskit-info-box-icon\">\n                    <img decoding=\"async\" width=\"227\" height=\"256\" src=\"https:\/\/drharvard.vn\/wp-content\/uploads\/2021\/05\/elements-set-of-natural-and-floral-elements-G9XCU6B_procedures.png\" class=\"attachment- size-\" alt=\"\" \/>                <\/div>\n          <\/div>\n                <div class=\"box-body\">\n                                            <\/div>\n        \n        \n                <\/div>\n                <\/a>\n        <\/div>\t\t\t\t<\/div>\n\t\t\t\t<\/div>\n\t\t\t\t\t<\/div>\n\t\t<\/div>\n\t\t\t\t\t<\/div>\n\t\t<\/section>\n\t\t\t\t<\/div>","protected":false},"excerpt":{"rendered":"<p>Price List Skin Rejuvenation Treatment SERVICE PRICE(VND \/ PER SESSION) Microneedling Skin Glow Treatment 3.000.000 Platelet-Rich Plasma (PRP) Skin Rejuvenation Treatment 5.000.000 Skin Rejuvenation with HIFU Ultrasound Technology 7.000.000 Pitted acne scar treatment with CO2 Laser technology. 2.000.000<\/p>","protected":false},"author":1,"featured_media":0,"parent":0,"menu_order":0,"comment_status":"closed","ping_status":"closed","template":"elementor_header_footer","meta":{"footnotes":""},"class_list":["post-1933","page","type-page","status-publish","hentry"],"_links":{"self":[{"href":"https:\/\/drharvard.vn\/vi\/wp-json\/wp\/v2\/pages\/1933","targetHints":{"allow":["GET"]}}],"collection":[{"href":"https:\/\/drharvard.vn\/vi\/wp-json\/wp\/v2\/pages"}],"about":[{"href":"https:\/\/drharvard.vn\/vi\/wp-json\/wp\/v2\/types\/page"}],"author":[{"embeddable":true,"href":"https:\/\/drharvard.vn\/vi\/wp-json\/wp\/v2\/users\/1"}],"replies":[{"embeddable":true,"href":"https:\/\/drharvard.vn\/vi\/wp-json\/wp\/v2\/comments?post=1933"}],"version-history":[{"count":0,"href":"https:\/\/drharvard.vn\/vi\/wp-json\/wp\/v2\/pages\/1933\/revisions"}],"wp:attachment":[{"href":"https:\/\/drharvard.vn\/vi\/wp-json\/wp\/v2\/media?parent=1933"}],"curies":[{"name":"wp","href":"https:\/\/api.w.org\/{rel}","templated":true}]}}